{"id":3212,"date":"2025-04-28T22:55:14","date_gmt":"2025-04-28T19:55:14","guid":{"rendered":"https:\/\/coges.eu\/?page_id=3212"},"modified":"2025-09-29T11:40:18","modified_gmt":"2025-09-29T08:40:18","slug":"compliance","status":"publish","type":"page","link":"https:\/\/coges.eu\/de\/compliance\/","title":{"rendered":"Rechtlicher hinweis"},"content":{"rendered":"<section id=\"anchor-content-block_f0cf5a3ed0efc142451aa4996092cf44\" class=\"block anchor-content\">\n    <div class=\"container\">\n        <div class=\"row\">\n            <div class=\"col-12 col-lg col-sidebar\" data-aos=\"fade-right\">\n                <div class=\"sidebar-content\">\n                    <h3>INHALTSVERZEICHNIS<\/h3>\n                    <ul>\n                                                                                <li>\n                                <a href=\"#grundlegende-informationen-0\"\n                                   data-scroll-target=\"#grundlegende-informationen-0\"\n                                   data-has-header-offset>GRUNDLEGENDE INFORMATIONEN<\/a>\n                            <\/li>\n                                                                                <li>\n                                <a href=\"#zweck-der-website-und-allgemeine-nutzungsbedingungen-1\"\n                                   data-scroll-target=\"#zweck-der-website-und-allgemeine-nutzungsbedingungen-1\"\n                                   data-has-header-offset>Zweck der Website und allgemeine Nutzungsbedingungen<\/a>\n                            <\/li>\n                                                                                <li>\n                                <a href=\"#aenderungsvorbehalt-2\"\n                                   data-scroll-target=\"#aenderungsvorbehalt-2\"\n                                   data-has-header-offset>\u00c4nderungsvorbehalt<\/a>\n                            <\/li>\n                                                                                <li>\n                                <a href=\"#geistiges-und-gewerbliches-eigentum-3\"\n                                   data-scroll-target=\"#geistiges-und-gewerbliches-eigentum-3\"\n                                   data-has-header-offset>Geistiges und gewerbliches Eigentum<\/a>\n                            <\/li>\n                                                                                <li>\n                                <a href=\"#benutzerpflichten-4\"\n                                   data-scroll-target=\"#benutzerpflichten-4\"\n                                   data-has-header-offset>Benutzerpflichten<\/a>\n                            <\/li>\n                                                                                <li>\n                                <a href=\"#ausschluss-von-gewaehrleistung-und-haftung-5\"\n                                   data-scroll-target=\"#ausschluss-von-gewaehrleistung-und-haftung-5\"\n                                   data-has-header-offset>Ausschluss von Gew\u00e4hrleistung und Haftung<\/a>\n                            <\/li>\n                                                                                <li>\n                                <a href=\"#anwendbares-recht-und-gerichtsstand-6\"\n                                   data-scroll-target=\"#anwendbares-recht-und-gerichtsstand-6\"\n                                   data-has-header-offset>Anwendbares Recht und Gerichtsstand<\/a>\n                            <\/li>\n                                            <\/ul>\n                <\/div>\n            <\/div>\n            <div class=\"col-12 col-lg col-content\" data-aos=\"fade-left\">\n                                    <div class=\"row mb-3 mb-lg-5\">\n                        <div class=\"col-12\">\n                                                            <h3 id=\"grundlegende-informationen-0\">GRUNDLEGENDE INFORMATIONEN<\/h3>\n                                                        <p><strong><b>FIRMENNAME<\/b>:\u00a0<\/strong> <span class=\"il\">Coges<\/span>\u00a0S.p.A.<\/p>\n<p><strong><b>FIRMENSITZ<\/b>:<\/strong> Via Giacomo Leopardi, 13 &#8211; 36030 CALDOGNO (VI) Italia<\/p>\n<p><strong><b>TELEFON \/ FAX<\/b>:<\/strong> +39 0444 1329065<\/p>\n<p><strong><b>REGISTEREINTRAG<\/b>:<\/strong> \u00a0R.I. VICENZA 00527790240 \u2013 P.I. IT 00527790240 \u2013 Registro A.E.E. IT08020000001303<br \/>\nC.C.I.A.A. VICENZA \u2013 R.E.A. 135113 M.E. VI003090<\/p>\n<p><b>USt-IdNr.<\/b>.: IT 00527790240<\/p>\n<p><strong><b>DSB<\/b>:<\/strong> <a href=\"mailto:responsabilesicurezza@coges.eu\" target=\"_blank\" rel=\"noopener noreferrer\">responsabilesicurezza@<span class=\"il\">coges<\/span>.eu<\/a><\/p>\n                        <\/div>\n                    <\/div>\n                                    <div class=\"row mb-3 mb-lg-5\">\n                        <div class=\"col-12\">\n                                                            <h3 id=\"zweck-der-website-und-allgemeine-nutzungsbedingungen-1\">Zweck der Website und allgemeine Nutzungsbedingungen<\/h3>\n                                                        <p><span style=\"font-weight: 400;\"><span class=\"il\">Coges<\/span>\u00a0S.p.A. stellt diese Website den Internetnutzern zur Verf\u00fcgung, um das eigene Firmenimage zu f\u00f6rdern und Informationen \u00fcber seine Produkte und Dienstleistungen zur Verf\u00fcgung zu stellen.<\/span><\/p>\n<p><span style=\"font-weight: 400;\">Diese allgemeinen Nutzungsbedingungen sollen sowohl die Bereitstellung von Informationen als auch das Gesch\u00e4ftsverh\u00e4ltnis zwischen <span class=\"il\">Coges<\/span>\u00a0S.p.A. und den Nutzern des Portals regeln. F\u00fcr den Fall, dass Sie nicht damit einverstanden sind, diese Bedingungen zu befolgen, bitten wir Sie, von der Nutzung dieser Website abzusehen.<\/span><\/p>\n                        <\/div>\n                    <\/div>\n                                    <div class=\"row mb-3 mb-lg-5\">\n                        <div class=\"col-12\">\n                                                            <h3 id=\"aenderungsvorbehalt-2\">\u00c4nderungsvorbehalt<\/h3>\n                                                        <p><span style=\"font-weight: 400;\"><span class=\"il\">Coges<\/span>\u00a0S.p.A. kann diese Bedingungen jederzeit und ohne Vorank\u00fcndigung \u00e4ndern, indem diese \u00c4nderungen auf der Website ver\u00f6ffentlicht und somit den Benutzern zug\u00e4nglich gemacht werden.<\/span><\/p>\n                        <\/div>\n                    <\/div>\n                                    <div class=\"row mb-3 mb-lg-5\">\n                        <div class=\"col-12\">\n                                                            <h3 id=\"geistiges-und-gewerbliches-eigentum-3\">Geistiges und gewerbliches Eigentum<\/h3>\n                                                        <p><span style=\"font-weight: 400;\">Alle auf der Website &#8222;www.azkoyen.com&#8220; gezeigten Inhalte und insbesondere Designs, Texte, Grafiken, Logos, Icons, Buttons, Software, Handelsnamen, Marken, Industriezeichnungen oder sonstige Zeichen, die gewerblich genutzt werden k\u00f6nnen, unterliegen den geistigen oder gewerblichen Eigentumsrechten von <span class=\"il\">Coges<\/span>\u00a0S.p.A. oder ggf. von Drittinhabern, die ihre Ver\u00f6ffentlichung auf der Website ordnungsgem\u00e4\u00df genehmigt haben.<\/span><\/p>\n<p><span style=\"font-weight: 400;\">En relaci\u00f3n con los contenidos del presente sitio web, en ning\u00fan caso se entender\u00e1 que se concede licencia alguna o que se efect\u00faa ninguna renuncia o transmisi\u00f3n de derechos \u2013ni total ni parcial-\u00a0 en materia de propiedad intelectual e industrial.<\/span><\/p>\n<p><span style=\"font-weight: 400;\">Es wird lediglich die Verlinkung mit der Website-Homepage zugelassen. Die Verwendung von \u201eFraming\u201c, \u201eDeeplinking\u201c oder \u00e4hnlichen Techniken ist ausdr\u00fccklich untersagt.<\/span><\/p>\n                        <\/div>\n                    <\/div>\n                                    <div class=\"row mb-3 mb-lg-5\">\n                        <div class=\"col-12\">\n                                                            <h3 id=\"benutzerpflichten-4\">Benutzerpflichten<\/h3>\n                                                        <p><span style=\"font-weight: 400;\">Im Allgemeinen erkl\u00e4rt sich der Benutzer damit einverstanden, diese Nutzungsbedingungen und ggf. die besonderen Bedingungen einzuhalten, sowie die darin oder an anderer Stelle der Website enthaltenen besonderen Hinweise und Richtlinien zu befolgen und stets in \u00dcbereinstimmung mit dem Gesetz zu handeln, die guten Sitten und das Gebot von Treu und Glauben zu beachten, die der Art des Dienstes angemessene Sorgfalt anzuwenden und die Website nicht in einer Weise zu nutzen, die den normalen Betrieb derselben, die Sachwerte oder die Rechte von <span class=\"il\">Coges<\/span>\u00a0S.p.A. seiner Lieferanten, Mitarbeiter, Benutzer oder allgemein von Dritten beeintr\u00e4chtigen, sch\u00e4digen oder verschlechtern k\u00f6nnte.<\/span><\/p>\n<p><span style=\"font-weight: 400;\">Unter anderem verpflichtet sich der Nutzer bei der Nutzung dieser Website sowie bei der Inanspruchnahme von Dienstleistungen dazu:<\/span><\/p>\n<ul>\n<li style=\"font-weight: 400;\" aria-level=\"1\"><span style=\"font-weight: 400;\">Bei Verwendung von Formularen, wahrheitsgem\u00e4\u00dfe Angaben bereitzustellen.<\/span><\/li>\n<li style=\"font-weight: 400;\" aria-level=\"1\"><span style=\"font-weight: 400;\">Die von <span class=\"il\">Coges<\/span> S.p.A. zur Verf\u00fcgung gestellten Zugangscodes angemessen zu sichern und sich zu verpflichten, ihre Verwendung durch Dritte nicht zuzulassen, wobei er die Verantwortung f\u00fcr alle Sch\u00e4den \u00fcbernimmt, die durch ihre missbr\u00e4uchliche Verwendung entstehen k\u00f6nnen. Ebenso verpflichtet sich der Benutzer, <span class=\"il\">Coges<\/span>\u00a0S.p.A. so schnell wie m\u00f6glich \u00fcber den Verlust oder Diebstahl der Informationen zu informieren, sowie \u00fcber jedes Risiko eines Fremdzugriffs auf die Informationen im Zugangssystem.<\/span><\/li>\n<li style=\"font-weight: 400;\" aria-level=\"1\"><span style=\"font-weight: 400;\">Keine falschen Identit\u00e4ten zu verwenden und die Website nicht unter Angabe einer anderen Identit\u00e4t zu nutzen, z. B. durch Verwendung von Passw\u00f6rtern oder Zugangscodes von Dritten oder auf andere Weise.<\/span><\/li>\n<\/ul>\n                        <\/div>\n                    <\/div>\n                                    <div class=\"row mb-3 mb-lg-5\">\n                        <div class=\"col-12\">\n                                                            <h3 id=\"ausschluss-von-gewaehrleistung-und-haftung-5\">Ausschluss von Gew\u00e4hrleistung und Haftung<\/h3>\n                                                        <p><span style=\"font-weight: 400;\">Der Zugriff auf die Website kann gelegentlich ausgesetzt oder eingeschr\u00e4nkt werden, um Reparaturen, Wartungsarbeiten oder die Einrichtung neuer Systeme oder Dienste zu erm\u00f6glichen. <span class=\"il\">Coges<\/span>\u00a0S.p.A. wird angemessene Anstrengungen unternehmen, um die H\u00e4ufigkeit und Dauer solcher Aussetzungen oder Einschr\u00e4nkungen im Rahmen des M\u00f6glichen zu begrenzen. Das Unternehmen kann jedoch jederzeit und ohne Vorank\u00fcndigung die Inhalte und Dienste, die nicht einer bestimmten vertraglichen Vereinbarung unterliegen, ganz oder teilweise aussetzen, zur\u00fcckziehen oder einstellen. Die vorstehende Bestimmung betrifft keine Dienstleistungen, die speziell von registrierten Nutzern in Anspruch genommen werden und f\u00fcr die die entsprechenden Vertragsbedingungen gelten.<\/span><\/p>\n<p><span style=\"font-weight: 400;\">Die Internetverbindung, die f\u00fcr den Zugriff auf den Dienst erforderlich ist, wird unter keinen Umst\u00e4nden von <span class=\"il\">Coges<\/span>\u00a0S.p.A. zur Verf\u00fcgung gestellt. Der Benutzer wird dar\u00fcber informiert, dass die Datenkommunikation \u00fcber \u00f6ffentliche Netze nicht sicher ist und dass es in der Verantwortung des Benutzers liegt, alle angemessenen technischen Ma\u00dfnahmen zu ergreifen, um die Risiken in geeigneter Weise zu kontrollieren und m\u00f6gliche Sch\u00e4den an seinen Ger\u00e4ten, Datenverluste und Diebstahl vertraulicher Informationen zu vermeiden. Zu diesem Zweck sollten Sie \u00fcber aktuelle Malware-Erkennungssysteme sowie \u00fcber die Sicherheitspatches der entsprechenden Browser verf\u00fcgen, die Sie verwenden. Weitere Informationen erhalten Sie bei Ihrem Internet-Provider.<\/span><\/p>\n<p><span style=\"font-weight: 400;\"><span class=\"il\">Coges<\/span> S.p.A. haftet nicht f\u00fcr Sch\u00e4den, die unter anderem aus den folgenden Gr\u00fcnden entstehen k\u00f6nnen: (i) St\u00f6rungen, Fehler, Unterbrechungen, Computerviren, Defekte und\/oder Abschaltungen des Betriebs dieses elektronischen Systems oder der EDV-Anlagen und -Ger\u00e4te der Benutzer, die durch Ursachen verursacht werden, die <span class=\"il\">Coges<\/span> S.p.A. nicht zuzuschreiben sind und die die Bereitstellung von Diensten oder das Navigieren im System verhindern oder verz\u00f6gern; (ii) Verz\u00f6gerungen oder Blockierungen bei der Nutzung, die durch M\u00e4ngel oder \u00dcberlastung des Internets oder anderer elektronischer Systeme verursacht werden; (iii) Durch Eingriffe Dritter verursachte Probleme, die <span class=\"il\">Coges<\/span> S.p.A. nicht zuzurechnen sind; (iv) Unm\u00f6glichkeit der Bereitstellung des Dienstes oder der Gew\u00e4hrung des Zugangs aus Gr\u00fcnden, die <span class=\"il\">Coges<\/span>\u00a0S.p.A. nicht zuzuschreiben sind, sei es durch den Nutzer, durch Dritte oder durch Ereignisse h\u00f6herer Gewalt.<\/span><\/p>\n<p><span style=\"font-weight: 400;\">Die auf dieser Website enthaltenen Links k\u00f6nnen zu Websites von Dritten f\u00fchren. <span class=\"il\">Coges<\/span> S.p.A. \u00fcbernimmt keine Haftung f\u00fcr die Verbindung, Inhalte, Informationen oder Dienstleistungen, die auf diesen Seiten angezeigt werden und ausschlie\u00dflich zu Informationszwecken dienen und in keinem Fall eine Beziehung zwischen <span class=\"il\">Coges<\/span>\u00a0S.p.A. und den Personen oder Einrichtungen, die diese Inhalte besitzen, oder den Eigent\u00fcmern der Seiten, auf denen sie angeboten werden, beinhalten.<\/span><\/p>\n                        <\/div>\n                    <\/div>\n                                    <div class=\"row mb-3 mb-lg-5\">\n                        <div class=\"col-12\">\n                                                            <h3 id=\"anwendbares-recht-und-gerichtsstand-6\">Anwendbares Recht und Gerichtsstand<\/h3>\n                                                        <p><span style=\"font-weight: 400;\">Die Gesch\u00e4ftsbedingungen f\u00fcr diese Website und alle Beziehungen, die sich daraus ergeben k\u00f6nnen, unterliegen spanischem Recht und spanischer Rechtsprechung.<\/span><\/p>\n                        <\/div>\n                    <\/div>\n                            <\/div>\n        <\/div>\n    <\/div>\n<\/section>\n","protected":false},"excerpt":{"rendered":"","protected":false},"author":2,"featured_media":0,"parent":0,"menu_order":0,"comment_status":"closed","ping_status":"closed","template":"","meta":{"_acf_changed":false,"footnotes":""},"class_list":["post-3212","page","type-page","status-publish","hentry"],"acf":[],"yoast_head":"<!-- This site is optimized with the Yoast SEO plugin v27.4 - https:\/\/yoast.com\/product\/yoast-seo-wordpress\/ -->\n<title>Rechtlicher hinweis - Coges<\/title>\n<meta name=\"description\" content=\"Erfahren Sie, wie Coges die Einhaltung aller rechtlichen Bestimmungen, den Datenschutz und die Transparenz gew\u00e4hrleistet: Nutzungsbedingungen, Urheberrechte, Haftungsfragen und geltende Vorschriften. Besuchen Sie unsere offizielle Compliance-Seite.\" \/>\n<meta name=\"robots\" content=\"index, follow, max-snippet:-1, max-image-preview:large, max-video-preview:-1\" \/>\n<link rel=\"canonical\" href=\"https:\/\/coges.eu\/de\/compliance\/\" \/>\n<meta property=\"og:locale\" content=\"de_DE\" \/>\n<meta property=\"og:type\" content=\"article\" \/>\n<meta property=\"og:title\" content=\"Rechtlicher hinweis - Coges\" \/>\n<meta property=\"og:description\" content=\"Erfahren Sie, wie Coges die Einhaltung aller rechtlichen Bestimmungen, den Datenschutz und die Transparenz gew\u00e4hrleistet: Nutzungsbedingungen, Urheberrechte, Haftungsfragen und geltende Vorschriften. Besuchen Sie unsere offizielle Compliance-Seite.\" \/>\n<meta property=\"og:url\" content=\"https:\/\/coges.eu\/de\/compliance\/\" \/>\n<meta property=\"og:site_name\" content=\"Coges\" \/>\n<meta property=\"article:modified_time\" content=\"2025-09-29T08:40:18+00:00\" \/>\n<meta name=\"twitter:card\" content=\"summary_large_image\" \/>\n<script type=\"application\/ld+json\" class=\"yoast-schema-graph\">{\"@context\":\"https:\\\/\\\/schema.org\",\"@graph\":[{\"@type\":\"WebPage\",\"@id\":\"https:\\\/\\\/coges.eu\\\/de\\\/compliance\\\/\",\"url\":\"https:\\\/\\\/coges.eu\\\/de\\\/compliance\\\/\",\"name\":\"Rechtlicher hinweis - Coges\",\"isPartOf\":{\"@id\":\"https:\\\/\\\/coges.eu\\\/de\\\/#website\"},\"datePublished\":\"2025-04-28T19:55:14+00:00\",\"dateModified\":\"2025-09-29T08:40:18+00:00\",\"description\":\"Erfahren Sie, wie Coges die Einhaltung aller rechtlichen Bestimmungen, den Datenschutz und die Transparenz gew\u00e4hrleistet: Nutzungsbedingungen, Urheberrechte, Haftungsfragen und geltende Vorschriften. Besuchen Sie unsere offizielle Compliance-Seite.\",\"breadcrumb\":{\"@id\":\"https:\\\/\\\/coges.eu\\\/de\\\/compliance\\\/#breadcrumb\"},\"inLanguage\":\"de\",\"potentialAction\":[{\"@type\":\"ReadAction\",\"target\":[\"https:\\\/\\\/coges.eu\\\/de\\\/compliance\\\/\"]}]},{\"@type\":\"BreadcrumbList\",\"@id\":\"https:\\\/\\\/coges.eu\\\/de\\\/compliance\\\/#breadcrumb\",\"itemListElement\":[{\"@type\":\"ListItem\",\"position\":1,\"name\":\"Home\",\"item\":\"https:\\\/\\\/coges.eu\\\/de\\\/\"},{\"@type\":\"ListItem\",\"position\":2,\"name\":\"Rechtlicher hinweis\"}]},{\"@type\":\"WebSite\",\"@id\":\"https:\\\/\\\/coges.eu\\\/de\\\/#website\",\"url\":\"https:\\\/\\\/coges.eu\\\/de\\\/\",\"name\":\"Coges\",\"description\":\"Payment systems and telemetry for vending industry\",\"potentialAction\":[{\"@type\":\"SearchAction\",\"target\":{\"@type\":\"EntryPoint\",\"urlTemplate\":\"https:\\\/\\\/coges.eu\\\/de\\\/?s={search_term_string}\"},\"query-input\":{\"@type\":\"PropertyValueSpecification\",\"valueRequired\":true,\"valueName\":\"search_term_string\"}}],\"inLanguage\":\"de\"}]}<\/script>\n<!-- \/ Yoast SEO plugin. -->","yoast_head_json":{"title":"Rechtlicher hinweis - Coges","description":"Erfahren Sie, wie Coges die Einhaltung aller rechtlichen Bestimmungen, den Datenschutz und die Transparenz gew\u00e4hrleistet: Nutzungsbedingungen, Urheberrechte, Haftungsfragen und geltende Vorschriften. Besuchen Sie unsere offizielle Compliance-Seite.","robots":{"index":"index","follow":"follow","max-snippet":"max-snippet:-1","max-image-preview":"max-image-preview:large","max-video-preview":"max-video-preview:-1"},"canonical":"https:\/\/coges.eu\/de\/compliance\/","og_locale":"de_DE","og_type":"article","og_title":"Rechtlicher hinweis - Coges","og_description":"Erfahren Sie, wie Coges die Einhaltung aller rechtlichen Bestimmungen, den Datenschutz und die Transparenz gew\u00e4hrleistet: Nutzungsbedingungen, Urheberrechte, Haftungsfragen und geltende Vorschriften. Besuchen Sie unsere offizielle Compliance-Seite.","og_url":"https:\/\/coges.eu\/de\/compliance\/","og_site_name":"Coges","article_modified_time":"2025-09-29T08:40:18+00:00","twitter_card":"summary_large_image","schema":{"@context":"https:\/\/schema.org","@graph":[{"@type":"WebPage","@id":"https:\/\/coges.eu\/de\/compliance\/","url":"https:\/\/coges.eu\/de\/compliance\/","name":"Rechtlicher hinweis - Coges","isPartOf":{"@id":"https:\/\/coges.eu\/de\/#website"},"datePublished":"2025-04-28T19:55:14+00:00","dateModified":"2025-09-29T08:40:18+00:00","description":"Erfahren Sie, wie Coges die Einhaltung aller rechtlichen Bestimmungen, den Datenschutz und die Transparenz gew\u00e4hrleistet: Nutzungsbedingungen, Urheberrechte, Haftungsfragen und geltende Vorschriften. Besuchen Sie unsere offizielle Compliance-Seite.","breadcrumb":{"@id":"https:\/\/coges.eu\/de\/compliance\/#breadcrumb"},"inLanguage":"de","potentialAction":[{"@type":"ReadAction","target":["https:\/\/coges.eu\/de\/compliance\/"]}]},{"@type":"BreadcrumbList","@id":"https:\/\/coges.eu\/de\/compliance\/#breadcrumb","itemListElement":[{"@type":"ListItem","position":1,"name":"Home","item":"https:\/\/coges.eu\/de\/"},{"@type":"ListItem","position":2,"name":"Rechtlicher hinweis"}]},{"@type":"WebSite","@id":"https:\/\/coges.eu\/de\/#website","url":"https:\/\/coges.eu\/de\/","name":"Coges","description":"Payment systems and telemetry for vending industry","potentialAction":[{"@type":"SearchAction","target":{"@type":"EntryPoint","urlTemplate":"https:\/\/coges.eu\/de\/?s={search_term_string}"},"query-input":{"@type":"PropertyValueSpecification","valueRequired":true,"valueName":"search_term_string"}}],"inLanguage":"de"}]}},"_links":{"self":[{"href":"https:\/\/coges.eu\/de\/wp-json\/wp\/v2\/pages\/3212","targetHints":{"allow":["GET"]}}],"collection":[{"href":"https:\/\/coges.eu\/de\/wp-json\/wp\/v2\/pages"}],"about":[{"href":"https:\/\/coges.eu\/de\/wp-json\/wp\/v2\/types\/page"}],"author":[{"embeddable":true,"href":"https:\/\/coges.eu\/de\/wp-json\/wp\/v2\/users\/2"}],"replies":[{"embeddable":true,"href":"https:\/\/coges.eu\/de\/wp-json\/wp\/v2\/comments?post=3212"}],"version-history":[{"count":2,"href":"https:\/\/coges.eu\/de\/wp-json\/wp\/v2\/pages\/3212\/revisions"}],"predecessor-version":[{"id":3711,"href":"https:\/\/coges.eu\/de\/wp-json\/wp\/v2\/pages\/3212\/revisions\/3711"}],"wp:attachment":[{"href":"https:\/\/coges.eu\/de\/wp-json\/wp\/v2\/media?parent=3212"}],"curies":[{"name":"wp","href":"https:\/\/api.w.org\/{rel}","templated":true}]}}