{"id":3223,"date":"2025-04-15T11:12:48","date_gmt":"2025-04-15T08:12:48","guid":{"rendered":"https:\/\/coges.eu\/?page_id=3223"},"modified":"2025-06-23T13:11:10","modified_gmt":"2025-06-23T10:11:10","slug":"cookies-policy","status":"publish","type":"page","link":"https:\/\/coges.eu\/de\/cookies-policy\/","title":{"rendered":"Cookies policy"},"content":{"rendered":"<section id=\"page-hero-block_3b0f91f2f810c9c6c3af248326df5037\" class=\"block page-hero text-dark small-hero\">\n    <div class=\"container\">\n        <div class=\"row\">\n            <div class=\"col-12\">\n                <div class=\"content-wrapper\">\n                    <h1 data-aos=\"fade-right\" data-aos-delay=\"0\" data-aos-duration=\"300\" data-aos-offset=\"0\">Cookie Politik<\/h1>\n                    <div data-aos=\"fade-right\" data-aos-delay=\"200\" data-aos-duration=\"300\" data-aos-offset=\"200\">\n                                            <\/div>\n                                    <\/div>\n            <\/div>\n        <\/div>\n    <\/div>\n        <div class=\"background-wrapper \">\n                    <\/div>\n\n<\/section>\n\n\n<section id=\"anchor-content-block_bbcf42c8b9469464568010611959624b\" class=\"block anchor-content\">\n    <div class=\"container\">\n        <div class=\"row\">\n            <div class=\"col-12 col-lg col-sidebar\" data-aos=\"fade-right\">\n                <div class=\"sidebar-content\">\n                    <h3>INHALTSVERZEICHNIS<\/h3>\n                    <ul>\n                                                                                <li>\n                                <a href=\"#was-ist-ein-cookie-0\"\n                                   data-scroll-target=\"#was-ist-ein-cookie-0\"\n                                   data-has-header-offset>WAS IST EIN COOKIE?<\/a>\n                            <\/li>\n                                                                                <li>\n                                <a href=\"#allgemeine-informationen-zur-verwendung-von-cookies-die-von-der-einwilligungspflicht-ausgenommen-sind-1\"\n                                   data-scroll-target=\"#allgemeine-informationen-zur-verwendung-von-cookies-die-von-der-einwilligungspflicht-ausgenommen-sind-1\"\n                                   data-has-header-offset>ALLGEMEINE INFORMATIONEN ZUR VERWENDUNG VON COOKIES, DIE VON DER EINWILLIGUNGSPFLICHT AUSGENOMMEN SIND<\/a>\n                            <\/li>\n                                                                                <li>\n                                <a href=\"#cookies-nicht-von-der-einwilligungspflicht-ausgenommen-2\"\n                                   data-scroll-target=\"#cookies-nicht-von-der-einwilligungspflicht-ausgenommen-2\"\n                                   data-has-header-offset>COOKIES NICHT VON DER EINWILLIGUNGSPFLICHT AUSGENOMMEN<\/a>\n                            <\/li>\n                                                                                <li>\n                                <a href=\"#informationen-zu-internationalen-datenuebermittlungen-3\"\n                                   data-scroll-target=\"#informationen-zu-internationalen-datenuebermittlungen-3\"\n                                   data-has-header-offset>INFORMATIONEN ZU INTERNATIONALEN DATEN\u00dcBERMITTLUNGEN<\/a>\n                            <\/li>\n                                                                                <li>\n                                <a href=\"#wie-koennen-sie-ihre-praeferenzen-in-bezug-auf-cookies-konfigurieren-4\"\n                                   data-scroll-target=\"#wie-koennen-sie-ihre-praeferenzen-in-bezug-auf-cookies-konfigurieren-4\"\n                                   data-has-header-offset>WIE K\u00d6NNEN SIE IHRE PR\u00c4FERENZEN IN BEZUG AUF COOKIES KONFIGURIEREN?<\/a>\n                            <\/li>\n                                            <\/ul>\n                <\/div>\n            <\/div>\n            <div class=\"col-12 col-lg col-content\" data-aos=\"fade-left\">\n                                    <div class=\"row mb-3 mb-lg-5\">\n                        <div class=\"col-12\">\n                                                            <h3 id=\"was-ist-ein-cookie-0\">WAS IST EIN COOKIE?<\/h3>\n                                                        <p>Cookies sind Textdateien, die kleine Mengen an Informationen enthalten und auf das Ger\u00e4t des Benutzers heruntergeladen werden, wenn sie eine Website besuchen. Ihr Hauptzweck besteht darin, den Benutzer jedes Mal zu erkennen, wenn er auf die Website zugreift, und sie entsprechend den festgelegten Browsing-Pr\u00e4ferenzen anzuzeigen. Dar\u00fcber hinaus werden Cookies, soweit zutreffend, zur Analyse der Benutzernavigation und zur Bereitstellung personalisierter Werbung verwendet.<\/p>\n                        <\/div>\n                    <\/div>\n                                    <div class=\"row mb-3 mb-lg-5\">\n                        <div class=\"col-12\">\n                                                            <h3 id=\"allgemeine-informationen-zur-verwendung-von-cookies-die-von-der-einwilligungspflicht-ausgenommen-sind-1\">ALLGEMEINE INFORMATIONEN ZUR VERWENDUNG VON COOKIES, DIE VON DER EINWILLIGUNGSPFLICHT AUSGENOMMEN SIND<\/h3>\n                                                        <p>Gem\u00e4\u00df geltender Gesetzgebung muss jede Website, die Cookies verwendet, klare und umfassende Informationen \u00fcber den Zweck oder die Zwecke dieser Cookies bereitstellen. Es ist obligatorisch, die ausdr\u00fcckliche Zustimmung der Benutzer einzuholen, bevor sie heruntergeladen werden, mit Ausnahme dessen, was als &#8222;ausgenommene Cookies&#8220; bezeichnet wird, f\u00fcr die keine Zustimmung erforderlich ist (was bedeutet, dass sie von der Zustimmung ausgenommen sind). Zu den ausgenommenen Cookies geh\u00f6ren:<\/p>\n<p>\u2022 <strong>Technische oder wesentliche Cookies<\/strong>: Diese erm\u00f6glichen die Benutzernavigation auf einer Website, Plattform oder Anwendung sowie die Nutzung verschiedener Optionen oder Dienste, wie die Steuerung des Datenverkehrs und der Datenkommunikation, die Identifizierung der Sitzung, den Zugriff auf beschr\u00e4nkte Zugangsbereiche, das Erinnern von Artikeln im Warenkorb, das Abschlie\u00dfen des Bestellvorgangs, das Verwalten von Zahlungen, die Kontrolle von Betrug im Zusammenhang mit der Sicherheit des Dienstes, das Stellen einer Registrierungs- oder Teilnahmeanfrage f\u00fcr eine Veranstaltung, das Z\u00e4hlen von Besuchen zu Abrechnungszwecken von Softwarelizenzen, die Verwendung von Sicherheitselementen w\u00e4hrend der Navigation, das Speichern von Inhalten f\u00fcr die Verbreitung von Videos oder T\u00f6nen, das Aktivieren von dynamischem Inhalt (z. B. das Laden von Animationen von Text oder Bild) oder das Teilen von Inhalten \u00fcber soziale Netzwerke in F\u00e4llen, in denen der Benutzer beschlossen hat, angemeldet zu bleiben. Cookies, die aufgrund ihrer technischen Natur auch zur effektivsten Verwaltung von Werbefl\u00e4chen als Teil des Designs oder des &#8222;Layouts&#8220; des Dienstes geh\u00f6ren, den der Herausgeber auf einer Website, Anwendung oder Plattform dem Benutzer anbietet.<\/p>\n<p>\u2022 <strong>Ausgenommene Anpassungscookies<\/strong>: Diese Cookies erm\u00f6glichen es, Informationen zu speichern, damit der Benutzer auf den Dienst mit bestimmten allgemeinen Merkmalen zugreifen kann, die nicht auf einer vom Benutzer ausge\u00fcbten Option beruhen. Beispiele hierf\u00fcr sind Spracheinstellungen, die Anzahl der anzuzeigenden Ergebnisse bei einer Suche durch den Benutzer, das Erscheinungsbild oder der Inhalt des Dienstes basierend auf dem Typ des Browsers, mit dem der Benutzer auf den Dienst zugreift, oder die Region, aus der der Benutzer auf den Dienst zugreift, usw.<\/p>\n<p>Die Verwendung der verbleibenden Cookies &#8211; das sind diejenigen, die nicht ausgenommen sind &#8211; bedeutet die Verpflichtung zur Information und zur Einholung der ausdr\u00fccklichen Zustimmung des Benutzers vor dem Herunterladen.<\/p>\n                        <\/div>\n                    <\/div>\n                                    <div class=\"row mb-3 mb-lg-5\">\n                        <div class=\"col-12\">\n                                                            <h3 id=\"cookies-nicht-von-der-einwilligungspflicht-ausgenommen-2\">COOKIES NICHT VON DER EINWILLIGUNGSPFLICHT AUSGENOMMEN<\/h3>\n                                                        <p>Cookies k\u00f6nnen auf der Grundlage verschiedener Kriterien klassifiziert werden. Aus rechtlicher Sicht, wie im vorherigen Abschnitt erl\u00e4utert, gibt es ausgenommene und nicht ausgenommene Cookies. Andere Klassifizierungskriterien ber\u00fccksichtigen die Art der Cookie-Verwaltung (First-Party oder Third-Party), die Aktivierungszeit (Session-Cookies und permanente Cookies) oder den Zweck der Cookies.<\/p>\n<p>Die Klassifizierung der nicht ausgenommenen Cookies nach Zweck ist besonders relevant. Aus dieser Perspektive k\u00f6nnen nicht ausgenommene Cookies sein:<\/p>\n<ul>\n<li><strong>Nicht ausgenommene Anpassungscookies<\/strong>: Diese erm\u00f6glichen es dem Benutzer, auf den Dienst mit einigen allgemeinen Merkmalen zuzugreifen, die nicht auf einer vom Benutzer ausge\u00fcbten Option beruhen.<\/li>\n<li><strong>Analyse-Cookies<\/strong>: Ob sie vom Website-Besitzer oder von Dritten verwendet werden, erm\u00f6glichen diese Cookies die Messung der Benutzeraktivit\u00e4t zu statistischen Zwecken.<\/li>\n<li><strong>Cookies f\u00fcr das Verhalten der Werbung<\/strong>: Diese erm\u00f6glichen die effektivste Verwaltung von Werbefl\u00e4chen, die der Herausgeber in einer Website, Anwendung oder Plattform eingef\u00fcgt haben k\u00f6nnte, die den angeforderten Dienst bereitstellt. Diese Cookies speichern Informationen \u00fcber das Benutzerverhalten, die durch kontinuierliche Beobachtung ihrer Browsing-Gewohnheiten gewonnen wurden, und erm\u00f6glichen die Entwicklung eines spezifischen Profils zur Anzeige von Werbung basierend darauf (personalisierte Werbung).<\/li>\n<li><strong>Plugin-Cookies<\/strong>: Cookies, die von den Plugins externer Inhaltsanbieter verwendet werden, sind notwendig, damit der Benutzer zuvor angeforderte Inhalte oder Dienste abrufen kann, wie das Ansehen von auf YouTube gehosteten Videos, geografische Standorte auf Google Maps, die Verbindung zu sozialen Netzwerken usw. Diese Cookies unterliegen den jeweiligen Cookie-Richtlinien der externen Anbieter.<\/li>\n<\/ul>\n<p>Durch das Anklicken von Social-Media-Plugins auf einer Website wird Ihr Browser mit dem entsprechenden Social-Network-Server verbunden, was dem Social-Network-Anbieter erm\u00f6glicht zu erfahren, von welcher Website der Benutzer stammt, wenn er auf die Social-Network-Site zugreift. Wenn Sie diese Verkn\u00fcpfung verhindern m\u00f6chten, sollten Sie sich von der Social-Network-Website abmelden, bevor Sie eine andere Website besuchen.<\/p>\n                        <\/div>\n                    <\/div>\n                                    <div class=\"row mb-3 mb-lg-5\">\n                        <div class=\"col-12\">\n                                                            <h3 id=\"informationen-zu-internationalen-datenuebermittlungen-3\">INFORMATIONEN ZU INTERNATIONALEN DATEN\u00dcBERMITTLUNGEN<\/h3>\n                                                        <p>Diese Website verwendet das Google Analytics-Tool, einen Web-Analyse-Dienst, der auf Informationen basiert, die durch analytische Cookies gesammelt werden. Innerhalb der Europ\u00e4ischen Union wird dieser Dienst von Google Ireland Limited bereitgestellt. Derzeit sind internationale Daten\u00fcbertragungen in die Vereinigten Staaten, die an Google LLC und seine Tochtergesellschaften gerichtet sind, durch deren Aufnahme in die Liste der Teilnehmer des EU-USA-Datenschutzrahmenabkommens garantiert.<\/p>\n                        <\/div>\n                    <\/div>\n                                    <div class=\"row mb-3 mb-lg-5\">\n                        <div class=\"col-12\">\n                                                            <h3 id=\"wie-koennen-sie-ihre-praeferenzen-in-bezug-auf-cookies-konfigurieren-4\">WIE K\u00d6NNEN SIE IHRE PR\u00c4FERENZEN IN BEZUG AUF COOKIES KONFIGURIEREN?<\/h3>\n                                                        <p>Wenn der Benutzer die Verwendung von einem oder mehreren Arten von nicht ausgenommenen Cookies akzeptiert hat, kann er seine Einstellungen jederzeit \u00e4ndern, indem er diese in der Cookie-Einstellungsbox der Website ablehnt oder deaktiviert. Ebenso kann der Benutzer Cookies, die auf seinem Ger\u00e4t installiert sind, konfigurieren, um sie zuzulassen, zu blockieren oder zu l\u00f6schen, indem er die Optionen im auf seinem Computer installierten Browser einstellt.<\/p>\n<p>In jedem Fall sollte beachtet werden, dass, wenn der Benutzer w\u00e4hlt, Cookies zu blockieren oder zu l\u00f6schen, wir m\u00f6glicherweise nicht in der Lage sind, seine Pr\u00e4ferenzen zu speichern, und einige Funktionen der Website m\u00f6glicherweise nicht funktionieren. Es ist m\u00f6glich, dass wir erneut um die Erlaubnis zur Verwendung von Cookies bitten m\u00fcssen.<\/p>\n<p>Bitte beachten Sie, dass Sie, wenn Sie Cookies von Drittanbietern akzeptieren, diese \u00fcber die Browsereinstellungen oder das System des Drittanbieters l\u00f6schen m\u00fcssen.<\/p>\n<p>F\u00fcr weitere Informationen zur Deaktivierung von Cookies in Browsern verweisen wir auf:<\/p>\n<ul>\n<li>Microsoft Edge: <a href=\"edge:\/\/settings\/privacy\">edge:\/\/settings\/privacy <\/a><\/li>\n<li>Mozilla Firefox: <a href=\"https:\/\/support.mozilla.org\/es\/kb\/habilitar-y-deshabilitar-cookies-sitios-web-rastrear-preferencias\">https:\/\/support.mozilla.org\/es\/kb\/habilitar-y-deshabilitar-cookies-sitios-web-rastrear-preferencias <\/a><\/li>\n<li>Google Chrome: <a href=\"https:\/\/support.google.com\/chrome\/answer\/95647?hl=es\">https:\/\/support.google.com\/chrome\/answer\/95647?hl=es <\/a><\/li>\n<li>Safari: <a href=\"http:\/\/support.apple.com\/kb\/ph5042\">http:\/\/support.apple.com\/kb\/ph5042<\/a><\/li>\n<\/ul>\n<p><strong>Opt out cookies<\/strong>: Viele Online-Werbeunternehmen bieten den Benutzern &#8222;Opt-out-Cookies&#8220; an. &#8222;Opt-out-Cookies&#8220; sind Cookies, die von Werbeunternehmen erstellt werden, um Benutzern zu erm\u00f6glichen, andere Unternehmen daran zu hindern, Drittanbieter-Werbe-Cookies zu installieren und zu blockieren. &#8222;Opt-out-Cookies&#8220; sind spezifisch f\u00fcr einen Server, daher blockieren sie nur Cookies von einem bestimmten Unternehmen. F\u00fcr eine generellere Blockierung sollten Benutzer ihre Cookie-Einstellungen \u00fcber ihre Browser-Einstellungen konfigurieren.<\/p>\n<ul>\n<li>Opt-out de Google Analytics: <a href=\"https:\/\/tools.google.com\/dlpage\/gaoptout?hl=None\">https:\/\/tools.google.com\/dlpage\/gaoptout?hl=None<\/a><\/li>\n<li>Opt-out de Google (publicidad comportamental): <a href=\"http:\/\/www.google.com\/settings\/ads\/\">http:\/\/www.google.com\/settings\/ads\/<\/a><\/li>\n<\/ul>\n                        <\/div>\n                    <\/div>\n                            <\/div>\n        <\/div>\n    <\/div>\n<\/section>\n","protected":false},"excerpt":{"rendered":"","protected":false},"author":2,"featured_media":0,"parent":0,"menu_order":0,"comment_status":"closed","ping_status":"closed","template":"","meta":{"_acf_changed":false,"footnotes":""},"class_list":["post-3223","page","type-page","status-publish","hentry"],"acf":[],"yoast_head":"<!-- This site is optimized with the Yoast SEO plugin v27.3 - https:\/\/yoast.com\/product\/yoast-seo-wordpress\/ -->\n<title>Cookies policy - Coges<\/title>\n<meta name=\"robots\" content=\"index, follow, max-snippet:-1, max-image-preview:large, max-video-preview:-1\" \/>\n<link rel=\"canonical\" href=\"https:\/\/coges.eu\/de\/cookies-policy\/\" \/>\n<meta property=\"og:locale\" content=\"de_DE\" \/>\n<meta property=\"og:type\" content=\"article\" \/>\n<meta property=\"og:title\" content=\"Cookies policy - Coges\" \/>\n<meta property=\"og:url\" content=\"https:\/\/coges.eu\/de\/cookies-policy\/\" \/>\n<meta property=\"og:site_name\" content=\"Coges\" \/>\n<meta property=\"article:modified_time\" content=\"2025-06-23T10:11:10+00:00\" \/>\n<meta name=\"twitter:card\" content=\"summary_large_image\" \/>\n<script type=\"application\/ld+json\" class=\"yoast-schema-graph\">{\"@context\":\"https:\\\/\\\/schema.org\",\"@graph\":[{\"@type\":\"WebPage\",\"@id\":\"https:\\\/\\\/coges.eu\\\/de\\\/cookies-policy\\\/\",\"url\":\"https:\\\/\\\/coges.eu\\\/de\\\/cookies-policy\\\/\",\"name\":\"Cookies policy - Coges\",\"isPartOf\":{\"@id\":\"https:\\\/\\\/coges.eu\\\/de\\\/#website\"},\"datePublished\":\"2025-04-15T08:12:48+00:00\",\"dateModified\":\"2025-06-23T10:11:10+00:00\",\"breadcrumb\":{\"@id\":\"https:\\\/\\\/coges.eu\\\/de\\\/cookies-policy\\\/#breadcrumb\"},\"inLanguage\":\"de\",\"potentialAction\":[{\"@type\":\"ReadAction\",\"target\":[\"https:\\\/\\\/coges.eu\\\/de\\\/cookies-policy\\\/\"]}]},{\"@type\":\"BreadcrumbList\",\"@id\":\"https:\\\/\\\/coges.eu\\\/de\\\/cookies-policy\\\/#breadcrumb\",\"itemListElement\":[{\"@type\":\"ListItem\",\"position\":1,\"name\":\"Home\",\"item\":\"https:\\\/\\\/coges.eu\\\/de\\\/\"},{\"@type\":\"ListItem\",\"position\":2,\"name\":\"Cookies policy\"}]},{\"@type\":\"WebSite\",\"@id\":\"https:\\\/\\\/coges.eu\\\/de\\\/#website\",\"url\":\"https:\\\/\\\/coges.eu\\\/de\\\/\",\"name\":\"Coges\",\"description\":\"Payment systems and telemetry for vending industry\",\"potentialAction\":[{\"@type\":\"SearchAction\",\"target\":{\"@type\":\"EntryPoint\",\"urlTemplate\":\"https:\\\/\\\/coges.eu\\\/de\\\/?s={search_term_string}\"},\"query-input\":{\"@type\":\"PropertyValueSpecification\",\"valueRequired\":true,\"valueName\":\"search_term_string\"}}],\"inLanguage\":\"de\"}]}<\/script>\n<!-- \/ Yoast SEO plugin. -->","yoast_head_json":{"title":"Cookies policy - Coges","robots":{"index":"index","follow":"follow","max-snippet":"max-snippet:-1","max-image-preview":"max-image-preview:large","max-video-preview":"max-video-preview:-1"},"canonical":"https:\/\/coges.eu\/de\/cookies-policy\/","og_locale":"de_DE","og_type":"article","og_title":"Cookies policy - Coges","og_url":"https:\/\/coges.eu\/de\/cookies-policy\/","og_site_name":"Coges","article_modified_time":"2025-06-23T10:11:10+00:00","twitter_card":"summary_large_image","schema":{"@context":"https:\/\/schema.org","@graph":[{"@type":"WebPage","@id":"https:\/\/coges.eu\/de\/cookies-policy\/","url":"https:\/\/coges.eu\/de\/cookies-policy\/","name":"Cookies policy - Coges","isPartOf":{"@id":"https:\/\/coges.eu\/de\/#website"},"datePublished":"2025-04-15T08:12:48+00:00","dateModified":"2025-06-23T10:11:10+00:00","breadcrumb":{"@id":"https:\/\/coges.eu\/de\/cookies-policy\/#breadcrumb"},"inLanguage":"de","potentialAction":[{"@type":"ReadAction","target":["https:\/\/coges.eu\/de\/cookies-policy\/"]}]},{"@type":"BreadcrumbList","@id":"https:\/\/coges.eu\/de\/cookies-policy\/#breadcrumb","itemListElement":[{"@type":"ListItem","position":1,"name":"Home","item":"https:\/\/coges.eu\/de\/"},{"@type":"ListItem","position":2,"name":"Cookies policy"}]},{"@type":"WebSite","@id":"https:\/\/coges.eu\/de\/#website","url":"https:\/\/coges.eu\/de\/","name":"Coges","description":"Payment systems and telemetry for vending industry","potentialAction":[{"@type":"SearchAction","target":{"@type":"EntryPoint","urlTemplate":"https:\/\/coges.eu\/de\/?s={search_term_string}"},"query-input":{"@type":"PropertyValueSpecification","valueRequired":true,"valueName":"search_term_string"}}],"inLanguage":"de"}]}},"_links":{"self":[{"href":"https:\/\/coges.eu\/de\/wp-json\/wp\/v2\/pages\/3223","targetHints":{"allow":["GET"]}}],"collection":[{"href":"https:\/\/coges.eu\/de\/wp-json\/wp\/v2\/pages"}],"about":[{"href":"https:\/\/coges.eu\/de\/wp-json\/wp\/v2\/types\/page"}],"author":[{"embeddable":true,"href":"https:\/\/coges.eu\/de\/wp-json\/wp\/v2\/users\/2"}],"replies":[{"embeddable":true,"href":"https:\/\/coges.eu\/de\/wp-json\/wp\/v2\/comments?post=3223"}],"version-history":[{"count":2,"href":"https:\/\/coges.eu\/de\/wp-json\/wp\/v2\/pages\/3223\/revisions"}],"predecessor-version":[{"id":3687,"href":"https:\/\/coges.eu\/de\/wp-json\/wp\/v2\/pages\/3223\/revisions\/3687"}],"wp:attachment":[{"href":"https:\/\/coges.eu\/de\/wp-json\/wp\/v2\/media?parent=3223"}],"curies":[{"name":"wp","href":"https:\/\/api.w.org\/{rel}","templated":true}]}}