{"id":3922,"date":"2025-05-08T11:14:29","date_gmt":"2025-05-08T08:14:29","guid":{"rendered":"https:\/\/coges.eu\/coges-kundenressourcen\/"},"modified":"2025-08-08T12:41:52","modified_gmt":"2025-08-08T09:41:52","slug":"coges-kundenressourcen","status":"publish","type":"page","link":"https:\/\/coges.eu\/de\/coges-kundenressourcen\/","title":{"rendered":"Coges-Kundenressourcen"},"content":{"rendered":"<section id=\"page-hero-block_0d4f123d31987d9c5bb8709b882b15e1\" class=\"block page-hero text-dark small-hero\">\n    <div class=\"container\">\n        <div class=\"row\">\n            <div class=\"col-12\">\n                <div class=\"content-wrapper\">\n                    <h1 data-aos=\"fade-right\" data-aos-delay=\"0\" data-aos-duration=\"300\" data-aos-offset=\"0\">Coges-<span style=\"color: #e4002b;\">Kundenressourcen<\/span><\/h1>\n                    <div data-aos=\"fade-right\" data-aos-delay=\"200\" data-aos-duration=\"300\" data-aos-offset=\"200\">\n                        <p>Greifen Sie auf die Tools und den Support zu, die Sie f\u00fcr einen reibungslosen Gesch\u00e4ftsbetrieb ben\u00f6tigen.<\/p>\n                    <\/div>\n                                    <\/div>\n            <\/div>\n        <\/div>\n    <\/div>\n        <div class=\"background-wrapper \">\n                    <\/div>\n\n<\/section>\n\n<section id=\"cards-block_14685538befe8472dd8fde3fbeb730a8\" class=\"block cards\">\n    <div class=\"container\">\n        <div class=\"row\">\n                                                                <div class=\"col-12 col-lg-4 card-column\" data-aos=\"fade-up\" data-aos-delay=\"0\">\n                        <div class=\"card theme-light\"\n                             style=\"background-color: #000000;\">\n                            <h3>Technischer Bereich&nbsp;<\/h3>\n                            <p>Melden Sie sich im technischen Bereich von Coges an, um Handb\u00fccher, Software-Updates und Produktdokumentation herunterzuladen.<\/p>\n                                                            <a href=\"https:\/\/coges.eu\/sat-login\/\" class=\"arrow-link\">\n                                    Log in                                <\/a>\n                                                    <\/div>\n                    <\/div>\n                                    <div class=\"col-12 col-lg-4 card-column\" data-aos=\"fade-up\" data-aos-delay=\"200\">\n                        <div class=\"card theme-dark\"\n                             style=\"background-color: #f2f2f2;\">\n                            <h3> &nbsp;<\/h3>\n                            <p>Fordern Sie Ihre Anmeldedaten an und einer unserer Techniker wird Ihre Anfrage bearbeiten.<\/p>\n                                                            <a href=\"https:\/\/www.coges.eu\/sat-register\/\" class=\"arrow-link\">\n                                    Register                                <\/a>\n                                                    <\/div>\n                    <\/div>\n                                    <div class=\"col-12 col-lg-4 card-column\" data-aos=\"fade-up\" data-aos-delay=\"400\">\n                        <div class=\"card theme-light\"\n                             style=\"background-color: #006937;\">\n                            <h3>Cloud-Plattform&nbsp;<\/h3>\n                            <p>Verwenden Sie Telemetriel\u00f6sungen von Coges? Melden Sie sich bei der Cloud-Plattform an, um Ihre Maschinen in Echtzeit zu verwalten. <\/p>\n                                                            <a href=\"https:\/\/nebularid.b2clogin.com\/nebularid.onmicrosoft.com\/b2c_1a_si_azkoyen_webapi_nebular\/oauth2\/v2.0\/authorize?client_id=f57d1107-eedd-4a68-b69d-bb8fdb7ce806&#038;scope=https%3A%2F%2Fnebularid.onmicrosoft.com%2Ff57d1107-eedd-4a68-b69d-bb8fdb7ce806%2Fread%20openid%20profile%20offline_access&#038;redirect_uri=https%3A%2F%2Fcloud.nebular.online&#038;client-request-id=d2537986-a371-45b5-876c-7cef98188840&#038;response_mode=fragment&#038;response_type=code&#038;x-client-SKU=msal.js.browser&#038;x-client-VER=2.26.0&#038;client_info=1&#038;code_challenge=5MQYl9Uy7ydmB0qugNL-zZJt_oY7-GEjp3CWP1AqsUY&#038;code_challenge_method=S256&#038;nonce=798e3397-714b-42f1-b437-d9c018f90f1e&#038;state=eyJpZCI6IjM5NmNkZWQ2LTFkMTAtNDdhOC05MDMwLWM5MDlkOWY5Mzg0OSIsIm1ldGEiOnsiaW50ZXJhY3Rpb25UeXBlIjoicmVkaXJlY3QifX0%3D\" class=\"arrow-link\">\n                                    Log in                                <\/a>\n                                                    <\/div>\n                    <\/div>\n                                    <\/div>\n    <\/div>\n<\/section>\n<section id=\"call-to-action-block_d9c0d3935e94142c2e606b7e9a172467\" class=\"block call-to-action\">\n    <div class=\"container\">\n        <div class=\"row\">\n            <div class=\"col-12 col-lg-6 col-title\" data-aos=\"fade-right\">\n                <h2>Brauchen Sie <span style=\"color: #e4002b;\">Hilfe<\/span>? <\/h2>\n            <\/div>\n            <div class=\"col-12 col-lg-6 col-actions\">\n                                                            <div class=\"call-to-action-group\"  data-aos=\"fade-left\" data-aos-delay=\"0\">\n                            <div class=\"inner-content\">\n                                <h3>Support kontaktieren<\/h3>\n                                <p>Brauchen Sie Hilfe? Unser Team steht Ihnen gerne zur Verf\u00fcgung.<\/p>\n                                                                    <div>\n                                                                                    <a href=\"tel:+39 0444 1329065\"\n                                               class=\"arrow-link without-arrow\">\n                                                +39 0444 1329065                                            <\/a>\n                                                                                                                            <a href=\"mailto:technical.support@coges.eu\"\n                                               class=\"arrow-link email-link\">\n                                                technical.support@coges.eu                                            <\/a>\n                                                                            <\/div>\n                                                                                            <\/div>\n                        <\/div>\n                                            <div class=\"call-to-action-group\"  data-aos=\"fade-left\" data-aos-delay=\"200\">\n                            <div class=\"inner-content\">\n                                <h3>Arbeitszeit<\/h3>\n                                <p>Montag bis Freitag von 8:30 bis 17:00 Uhr<\/p>\n                                                                                            <\/div>\n                        <\/div>\n                                                <\/div>\n        <\/div>\n    <\/div>\n<\/section>\n","protected":false},"excerpt":{"rendered":"","protected":false},"author":1,"featured_media":0,"parent":0,"menu_order":0,"comment_status":"closed","ping_status":"closed","template":"","meta":{"_acf_changed":false,"footnotes":""},"class_list":["post-3922","page","type-page","status-publish","hentry"],"acf":[],"yoast_head":"<!-- This site is optimized with the Yoast SEO plugin v27.5 - https:\/\/yoast.com\/product\/yoast-seo-wordpress\/ -->\n<title>Coges-Kundenressourcen - Coges<\/title>\n<meta name=\"description\" content=\"Greifen Sie auf die Kundenressourcen von Coges zu: Handb\u00fccher, Software, Produktbrosch\u00fcren und technischer Support zur Optimierung Ihrer Verkaufsautomaten-Zahlungssysteme.\" \/>\n<meta name=\"robots\" content=\"index, follow, max-snippet:-1, max-image-preview:large, max-video-preview:-1\" \/>\n<link rel=\"canonical\" href=\"https:\/\/coges.eu\/de\/coges-kundenressourcen\/\" \/>\n<meta property=\"og:locale\" content=\"de_DE\" \/>\n<meta property=\"og:type\" content=\"article\" \/>\n<meta property=\"og:title\" content=\"Coges-Kundenressourcen - Coges\" \/>\n<meta property=\"og:description\" content=\"Greifen Sie auf die Kundenressourcen von Coges zu: Handb\u00fccher, Software, Produktbrosch\u00fcren und technischer Support zur Optimierung Ihrer Verkaufsautomaten-Zahlungssysteme.\" \/>\n<meta property=\"og:url\" content=\"https:\/\/coges.eu\/de\/coges-kundenressourcen\/\" \/>\n<meta property=\"og:site_name\" content=\"Coges\" \/>\n<meta property=\"article:modified_time\" content=\"2025-08-08T09:41:52+00:00\" \/>\n<meta name=\"twitter:card\" content=\"summary_large_image\" \/>\n<script type=\"application\/ld+json\" class=\"yoast-schema-graph\">{\"@context\":\"https:\\\/\\\/schema.org\",\"@graph\":[{\"@type\":\"WebPage\",\"@id\":\"https:\\\/\\\/coges.eu\\\/de\\\/coges-kundenressourcen\\\/\",\"url\":\"https:\\\/\\\/coges.eu\\\/de\\\/coges-kundenressourcen\\\/\",\"name\":\"Coges-Kundenressourcen - Coges\",\"isPartOf\":{\"@id\":\"https:\\\/\\\/coges.eu\\\/de\\\/#website\"},\"datePublished\":\"2025-05-08T08:14:29+00:00\",\"dateModified\":\"2025-08-08T09:41:52+00:00\",\"description\":\"Greifen Sie auf die Kundenressourcen von Coges zu: Handb\u00fccher, Software, Produktbrosch\u00fcren und technischer Support zur Optimierung Ihrer Verkaufsautomaten-Zahlungssysteme.\",\"breadcrumb\":{\"@id\":\"https:\\\/\\\/coges.eu\\\/de\\\/coges-kundenressourcen\\\/#breadcrumb\"},\"inLanguage\":\"de\",\"potentialAction\":[{\"@type\":\"ReadAction\",\"target\":[\"https:\\\/\\\/coges.eu\\\/de\\\/coges-kundenressourcen\\\/\"]}]},{\"@type\":\"BreadcrumbList\",\"@id\":\"https:\\\/\\\/coges.eu\\\/de\\\/coges-kundenressourcen\\\/#breadcrumb\",\"itemListElement\":[{\"@type\":\"ListItem\",\"position\":1,\"name\":\"Home\",\"item\":\"https:\\\/\\\/coges.eu\\\/de\\\/\"},{\"@type\":\"ListItem\",\"position\":2,\"name\":\"Coges-Kundenressourcen\"}]},{\"@type\":\"WebSite\",\"@id\":\"https:\\\/\\\/coges.eu\\\/de\\\/#website\",\"url\":\"https:\\\/\\\/coges.eu\\\/de\\\/\",\"name\":\"Coges\",\"description\":\"Payment systems and telemetry for vending industry\",\"potentialAction\":[{\"@type\":\"SearchAction\",\"target\":{\"@type\":\"EntryPoint\",\"urlTemplate\":\"https:\\\/\\\/coges.eu\\\/de\\\/?s={search_term_string}\"},\"query-input\":{\"@type\":\"PropertyValueSpecification\",\"valueRequired\":true,\"valueName\":\"search_term_string\"}}],\"inLanguage\":\"de\"}]}<\/script>\n<!-- \/ Yoast SEO plugin. -->","yoast_head_json":{"title":"Coges-Kundenressourcen - Coges","description":"Greifen Sie auf die Kundenressourcen von Coges zu: Handb\u00fccher, Software, Produktbrosch\u00fcren und technischer Support zur Optimierung Ihrer Verkaufsautomaten-Zahlungssysteme.","robots":{"index":"index","follow":"follow","max-snippet":"max-snippet:-1","max-image-preview":"max-image-preview:large","max-video-preview":"max-video-preview:-1"},"canonical":"https:\/\/coges.eu\/de\/coges-kundenressourcen\/","og_locale":"de_DE","og_type":"article","og_title":"Coges-Kundenressourcen - Coges","og_description":"Greifen Sie auf die Kundenressourcen von Coges zu: Handb\u00fccher, Software, Produktbrosch\u00fcren und technischer Support zur Optimierung Ihrer Verkaufsautomaten-Zahlungssysteme.","og_url":"https:\/\/coges.eu\/de\/coges-kundenressourcen\/","og_site_name":"Coges","article_modified_time":"2025-08-08T09:41:52+00:00","twitter_card":"summary_large_image","schema":{"@context":"https:\/\/schema.org","@graph":[{"@type":"WebPage","@id":"https:\/\/coges.eu\/de\/coges-kundenressourcen\/","url":"https:\/\/coges.eu\/de\/coges-kundenressourcen\/","name":"Coges-Kundenressourcen - Coges","isPartOf":{"@id":"https:\/\/coges.eu\/de\/#website"},"datePublished":"2025-05-08T08:14:29+00:00","dateModified":"2025-08-08T09:41:52+00:00","description":"Greifen Sie auf die Kundenressourcen von Coges zu: Handb\u00fccher, Software, Produktbrosch\u00fcren und technischer Support zur Optimierung Ihrer Verkaufsautomaten-Zahlungssysteme.","breadcrumb":{"@id":"https:\/\/coges.eu\/de\/coges-kundenressourcen\/#breadcrumb"},"inLanguage":"de","potentialAction":[{"@type":"ReadAction","target":["https:\/\/coges.eu\/de\/coges-kundenressourcen\/"]}]},{"@type":"BreadcrumbList","@id":"https:\/\/coges.eu\/de\/coges-kundenressourcen\/#breadcrumb","itemListElement":[{"@type":"ListItem","position":1,"name":"Home","item":"https:\/\/coges.eu\/de\/"},{"@type":"ListItem","position":2,"name":"Coges-Kundenressourcen"}]},{"@type":"WebSite","@id":"https:\/\/coges.eu\/de\/#website","url":"https:\/\/coges.eu\/de\/","name":"Coges","description":"Payment systems and telemetry for vending industry","potentialAction":[{"@type":"SearchAction","target":{"@type":"EntryPoint","urlTemplate":"https:\/\/coges.eu\/de\/?s={search_term_string}"},"query-input":{"@type":"PropertyValueSpecification","valueRequired":true,"valueName":"search_term_string"}}],"inLanguage":"de"}]}},"_links":{"self":[{"href":"https:\/\/coges.eu\/de\/wp-json\/wp\/v2\/pages\/3922","targetHints":{"allow":["GET"]}}],"collection":[{"href":"https:\/\/coges.eu\/de\/wp-json\/wp\/v2\/pages"}],"about":[{"href":"https:\/\/coges.eu\/de\/wp-json\/wp\/v2\/types\/page"}],"author":[{"embeddable":true,"href":"https:\/\/coges.eu\/de\/wp-json\/wp\/v2\/users\/1"}],"replies":[{"embeddable":true,"href":"https:\/\/coges.eu\/de\/wp-json\/wp\/v2\/comments?post=3922"}],"version-history":[{"count":2,"href":"https:\/\/coges.eu\/de\/wp-json\/wp\/v2\/pages\/3922\/revisions"}],"predecessor-version":[{"id":4113,"href":"https:\/\/coges.eu\/de\/wp-json\/wp\/v2\/pages\/3922\/revisions\/4113"}],"wp:attachment":[{"href":"https:\/\/coges.eu\/de\/wp-json\/wp\/v2\/media?parent=3922"}],"curies":[{"name":"wp","href":"https:\/\/api.w.org\/{rel}","templated":true}]}}