{"id":4640,"date":"2025-04-28T22:59:06","date_gmt":"2025-04-28T19:59:06","guid":{"rendered":"https:\/\/coges.eu\/zertifizierungen\/"},"modified":"2025-09-29T10:41:23","modified_gmt":"2025-09-29T07:41:23","slug":"zertifizierungen","status":"publish","type":"page","link":"https:\/\/coges.eu\/de\/zertifizierungen\/","title":{"rendered":"Zertifizierungen"},"content":{"rendered":"<section id=\"page-hero-block_c3a028cb32abec879da7b6defdc89d50\" class=\"block page-hero text-dark small-hero\">\n    <div class=\"container\">\n        <div class=\"row\">\n            <div class=\"col-12\">\n                <div class=\"content-wrapper\">\n                    <h1 data-aos=\"fade-right\" data-aos-delay=\"0\" data-aos-duration=\"300\" data-aos-offset=\"0\">Zertifizierungen<\/h1>\n                    <div data-aos=\"fade-right\" data-aos-delay=\"200\" data-aos-duration=\"300\" data-aos-offset=\"200\">\n                                            <\/div>\n                                    <\/div>\n            <\/div>\n        <\/div>\n    <\/div>\n        <div class=\"background-wrapper \">\n                    <\/div>\n\n<\/section>\n<section id=\"anchor-content-block_861678896601d7ea81f0914c1499e230\" class=\"block anchor-content\">\n    <div class=\"container\">\n        <div class=\"row\">\n            <div class=\"col-12 col-lg col-sidebar\" data-aos=\"fade-right\">\n                <div class=\"sidebar-content\">\n                    <h3>INHALTSVERZEICHNIS<\/h3>\n                    <ul>\n                                                                                <li>\n                                <a href=\"#qualitaet-0\"\n                                   data-scroll-target=\"#qualitaet-0\"\n                                   data-has-header-offset>QUALIT\u00c4T<\/a>\n                            <\/li>\n                                                                                <li>\n                                <a href=\"#sicherheit-1\"\n                                   data-scroll-target=\"#sicherheit-1\"\n                                   data-has-header-offset>SICHERHEIT<\/a>\n                            <\/li>\n                                                                                <li>\n                                <a href=\"#umwelt-2\"\n                                   data-scroll-target=\"#umwelt-2\"\n                                   data-has-header-offset>UMWELT<\/a>\n                            <\/li>\n                                            <\/ul>\n                <\/div>\n            <\/div>\n            <div class=\"col-12 col-lg col-content\" data-aos=\"fade-left\">\n                                    <div class=\"row mb-3 mb-lg-5\">\n                        <div class=\"col-12\">\n                                                            <h3 id=\"qualitaet-0\">QUALIT\u00c4T<\/h3>\n                                                        <p>1999 ist das Qualit\u00e4tsmanagementsystem von COGES nach UNI EN ISO 9001 zertifiziert und im Februar 2003 auf die Nachfolgeversion Vision 2000 umgestellt worden. Die Unternehmensaktivit\u00e4ten folgen den Grunds\u00e4tzen des \u201eQuality System Management\u201c: <\/p>\n<ul>\n<li>Planung<\/li>\n<li>Kontrolle<\/li>\n<li>Messung<\/li>\n<li>Verbesserung<\/li>\n<\/ul>\n<p>Das Ziel besteht darin, die derzeitigen und k\u00fcnftigen Anforderungen der Kunden zu verstehen und zu erf\u00fcllen.<\/p>\n<p>COGES&#8216; Qualit\u00e4tsanstrengungen richten sich auf die fortlaufende Erbringung bester und messbarer Leistungen, die mit den R\u00fcckmeldungen der Kunden abgeglichen werden.<\/p>\n<p>Diese Ziele k\u00f6nnen nur durch eine kundenorientierte Organisation erreicht werden, durch Menschen, deren Einbeziehung durch F\u00fchrungspersonen gef\u00f6rdert wird, welche einen systemischen Ansatz verfolgen und tatsachenbasierte Entscheidungen treffen.<\/p>\n<p>Das Quality System Management ist f\u00fcr COGES ein Erfolgsfaktor in einem sich st\u00e4ndig wandelnden Markt wie dem des Vending.<br \/>F\u00fcr uns ist der Kunde der Schiedsrichter, der die Qualit\u00e4t des von uns angebotenen Produktes und Services letztendlich beurteilt!<\/p>\n<p><a href=\"https:\/\/coges.eu\/wp-content\/uploads\/2025\/09\/COGES_ISO_9001_2021_EN.jpg\">Zur Anzeige des Zertifikats bitte hier klicken.<\/a><\/p>\n                        <\/div>\n                    <\/div>\n                                    <div class=\"row mb-3 mb-lg-5\">\n                        <div class=\"col-12\">\n                                                            <h3 id=\"sicherheit-1\">SICHERHEIT<\/h3>\n                                                        <p>Seit 2021 hat COGES die Zertifizierung seines Sicherheitssystems gem\u00e4\u00df ISO 45001 &#8222;Managementsysteme f\u00fcr Gesundheit und Sicherheit am Arbeitsplatz &#8211; Anforderungen und Gebrauchsanweisung&#8220; erhalten, die das bisherige OHSAS 18001 ersetzt und verbessert. Das System f\u00fcr das Management der Gesundheit und Sicherheit am Arbeitsplatz ist leistungsoptimierend mit dem Qualit\u00e4tsmanagementsystem verzahnt. Die Ziele des Safety Management lauten wie folgt:  <\/p>\n<ul>\n<li>Unfallverh\u00fctung und Kostensenkung<\/li>\n<li>Kontrolle und Verbesserung der vom Unternehmen erbrachten Sicherheitsleistungen<\/li>\n<li>Einhaltung der gesetzlichen Vorschriften<\/li>\n<li>Sicherheitsgarantie f\u00fcr Mitarbeiter der Organisation und f\u00fcr alle Menschen, die in dessen T\u00e4tigkeit einbezogen sind.<\/li>\n<\/ul>\n<p>Wir sind \u00fcberzeugt, dass die Gesundheit und die Sicherheit mit spezifischen Optimierungssystemen im Rahmen des Tagesgesch\u00e4fts aktiv betrieben werden m\u00fcssen.<\/p>\n<p>Exzellenz und Nachhaltigkeit, verstanden als F\u00e4higkeit, das Gesch\u00e4ft und die Erwartungen der beteiligten Parteien miteinander zu vereinbaren, sind die Grundlagen einer Wettbewerbsf\u00e4higkeit, die mit der F\u00e4higkeit verbunden ist, eng miteinander korrelierte Variablen (wie Qualit\u00e4t und Sicherheit!) zu managen.<\/p>\n<p><a href=\"https:\/\/coges.eu\/wp-content\/uploads\/2025\/09\/ISO45001-EN_2024.pdf\">Zur Anzeige des Zertifikats bitte hier klicken.<\/a> Kontaktieren Sie uns, um eine Kopie der integrierten Qualit\u00e4ts-, Sicherheits- und Umweltpolitik von Coges zu erhalten.<\/p>\n                        <\/div>\n                    <\/div>\n                                    <div class=\"row mb-3 mb-lg-5\">\n                        <div class=\"col-12\">\n                                                            <h3 id=\"umwelt-2\">UMWELT<\/h3>\n                                                        <p>2007 ist das Umweltmanagementsystem von COGES nach UNI EN ISO 14001 zertifiziert worden. Das Umweltmanagementsystem ist mit den bereits vorhandenen Qualit\u00e4ts- und Sicherheitsmanagementsystemen verzahnt. <\/p>\n<p>Mit dem Umweltmanagementsystem wird das Ziel verfolgt, die wichtigsten Umweltaspekte zu identifizieren, sie unter Kontrolle zu halten und s\u00e4mtliche Aktivit\u00e4ten so zu koordinieren, dass ihre Auswirkungen auf die Umwelt minimiert werden.<\/p>\n<p>Die Umweltprobleme werden auf diese Weise zu einem wesentlichen Bestandteil unseres Betriebsmanagements: Verbesserungen werden als Ziele definiert, deren Erreichen sowohl intern, als auch von der Zertifizierungsstelle unter Kontrolle gehalten wird.<\/p>\n<p>Coges verfolgt seit Jahr und Tag das Ziel, technisch moderne, sichere und einfach zu handhabende Produkte zu entwickeln, welche die Umwelt schonen.<\/p>\n<p>Die Sensibilit\u00e4t bez\u00fcglich dieses Themas hat stetig zugenommen. Unser Bestreben richtet sich auf eine st\u00e4ndige Verbesserung auch hinsichtlich der Umwelt, in der wir leben.<\/p>\n<p><a href=\"https:\/\/coges.eu\/wp-content\/uploads\/2025\/09\/174530197_IT_01_EN-1.jpg\">Zur Anzeige des Zertifikats bitte hier klicken.<\/a><\/p>\n<p>Kontaktieren Sie uns, um eine Kopie der integrierten Qualit\u00e4ts-, Sicherheits- und Umweltpolitik von Coges zu erhalten.<\/p>\n                        <\/div>\n                    <\/div>\n                            <\/div>\n        <\/div>\n    <\/div>\n<\/section>\n","protected":false},"excerpt":{"rendered":"","protected":false},"author":1,"featured_media":0,"parent":0,"menu_order":0,"comment_status":"closed","ping_status":"closed","template":"","meta":{"_acf_changed":false,"footnotes":""},"class_list":["post-4640","page","type-page","status-publish","hentry"],"acf":[],"yoast_head":"<!-- This site is optimized with the Yoast SEO plugin v27.4 - https:\/\/yoast.com\/product\/yoast-seo-wordpress\/ -->\n<title>Zertifizierungen - Coges<\/title>\n<meta name=\"description\" content=\"Zertifizierungen f\u00fcr Qualit\u00e4t, Sicherheit und Umweltengagement von Coges\" \/>\n<meta name=\"robots\" content=\"index, follow, max-snippet:-1, max-image-preview:large, max-video-preview:-1\" \/>\n<link rel=\"canonical\" href=\"https:\/\/coges.eu\/de\/zertifizierungen\/\" \/>\n<meta property=\"og:locale\" content=\"de_DE\" \/>\n<meta property=\"og:type\" content=\"article\" \/>\n<meta property=\"og:title\" content=\"Zertifizierungen - Coges\" \/>\n<meta property=\"og:description\" content=\"Zertifizierungen f\u00fcr Qualit\u00e4t, Sicherheit und Umweltengagement von Coges\" \/>\n<meta property=\"og:url\" content=\"https:\/\/coges.eu\/de\/zertifizierungen\/\" \/>\n<meta property=\"og:site_name\" content=\"Coges\" \/>\n<meta property=\"article:modified_time\" content=\"2025-09-29T07:41:23+00:00\" \/>\n<meta name=\"twitter:card\" content=\"summary_large_image\" \/>\n<script type=\"application\/ld+json\" class=\"yoast-schema-graph\">{\"@context\":\"https:\\\/\\\/schema.org\",\"@graph\":[{\"@type\":\"WebPage\",\"@id\":\"https:\\\/\\\/coges.eu\\\/de\\\/zertifizierungen\\\/\",\"url\":\"https:\\\/\\\/coges.eu\\\/de\\\/zertifizierungen\\\/\",\"name\":\"Zertifizierungen - Coges\",\"isPartOf\":{\"@id\":\"https:\\\/\\\/coges.eu\\\/de\\\/#website\"},\"datePublished\":\"2025-04-28T19:59:06+00:00\",\"dateModified\":\"2025-09-29T07:41:23+00:00\",\"description\":\"Zertifizierungen f\u00fcr Qualit\u00e4t, Sicherheit und Umweltengagement von Coges\",\"breadcrumb\":{\"@id\":\"https:\\\/\\\/coges.eu\\\/de\\\/zertifizierungen\\\/#breadcrumb\"},\"inLanguage\":\"de\",\"potentialAction\":[{\"@type\":\"ReadAction\",\"target\":[\"https:\\\/\\\/coges.eu\\\/de\\\/zertifizierungen\\\/\"]}]},{\"@type\":\"BreadcrumbList\",\"@id\":\"https:\\\/\\\/coges.eu\\\/de\\\/zertifizierungen\\\/#breadcrumb\",\"itemListElement\":[{\"@type\":\"ListItem\",\"position\":1,\"name\":\"Home\",\"item\":\"https:\\\/\\\/coges.eu\\\/de\\\/\"},{\"@type\":\"ListItem\",\"position\":2,\"name\":\"Zertifizierungen\"}]},{\"@type\":\"WebSite\",\"@id\":\"https:\\\/\\\/coges.eu\\\/de\\\/#website\",\"url\":\"https:\\\/\\\/coges.eu\\\/de\\\/\",\"name\":\"Coges\",\"description\":\"Payment systems and telemetry for vending industry\",\"potentialAction\":[{\"@type\":\"SearchAction\",\"target\":{\"@type\":\"EntryPoint\",\"urlTemplate\":\"https:\\\/\\\/coges.eu\\\/de\\\/?s={search_term_string}\"},\"query-input\":{\"@type\":\"PropertyValueSpecification\",\"valueRequired\":true,\"valueName\":\"search_term_string\"}}],\"inLanguage\":\"de\"}]}<\/script>\n<!-- \/ Yoast SEO plugin. -->","yoast_head_json":{"title":"Zertifizierungen - Coges","description":"Zertifizierungen f\u00fcr Qualit\u00e4t, Sicherheit und Umweltengagement von Coges","robots":{"index":"index","follow":"follow","max-snippet":"max-snippet:-1","max-image-preview":"max-image-preview:large","max-video-preview":"max-video-preview:-1"},"canonical":"https:\/\/coges.eu\/de\/zertifizierungen\/","og_locale":"de_DE","og_type":"article","og_title":"Zertifizierungen - Coges","og_description":"Zertifizierungen f\u00fcr Qualit\u00e4t, Sicherheit und Umweltengagement von Coges","og_url":"https:\/\/coges.eu\/de\/zertifizierungen\/","og_site_name":"Coges","article_modified_time":"2025-09-29T07:41:23+00:00","twitter_card":"summary_large_image","schema":{"@context":"https:\/\/schema.org","@graph":[{"@type":"WebPage","@id":"https:\/\/coges.eu\/de\/zertifizierungen\/","url":"https:\/\/coges.eu\/de\/zertifizierungen\/","name":"Zertifizierungen - Coges","isPartOf":{"@id":"https:\/\/coges.eu\/de\/#website"},"datePublished":"2025-04-28T19:59:06+00:00","dateModified":"2025-09-29T07:41:23+00:00","description":"Zertifizierungen f\u00fcr Qualit\u00e4t, Sicherheit und Umweltengagement von Coges","breadcrumb":{"@id":"https:\/\/coges.eu\/de\/zertifizierungen\/#breadcrumb"},"inLanguage":"de","potentialAction":[{"@type":"ReadAction","target":["https:\/\/coges.eu\/de\/zertifizierungen\/"]}]},{"@type":"BreadcrumbList","@id":"https:\/\/coges.eu\/de\/zertifizierungen\/#breadcrumb","itemListElement":[{"@type":"ListItem","position":1,"name":"Home","item":"https:\/\/coges.eu\/de\/"},{"@type":"ListItem","position":2,"name":"Zertifizierungen"}]},{"@type":"WebSite","@id":"https:\/\/coges.eu\/de\/#website","url":"https:\/\/coges.eu\/de\/","name":"Coges","description":"Payment systems and telemetry for vending industry","potentialAction":[{"@type":"SearchAction","target":{"@type":"EntryPoint","urlTemplate":"https:\/\/coges.eu\/de\/?s={search_term_string}"},"query-input":{"@type":"PropertyValueSpecification","valueRequired":true,"valueName":"search_term_string"}}],"inLanguage":"de"}]}},"_links":{"self":[{"href":"https:\/\/coges.eu\/de\/wp-json\/wp\/v2\/pages\/4640","targetHints":{"allow":["GET"]}}],"collection":[{"href":"https:\/\/coges.eu\/de\/wp-json\/wp\/v2\/pages"}],"about":[{"href":"https:\/\/coges.eu\/de\/wp-json\/wp\/v2\/types\/page"}],"author":[{"embeddable":true,"href":"https:\/\/coges.eu\/de\/wp-json\/wp\/v2\/users\/1"}],"replies":[{"embeddable":true,"href":"https:\/\/coges.eu\/de\/wp-json\/wp\/v2\/comments?post=4640"}],"version-history":[{"count":1,"href":"https:\/\/coges.eu\/de\/wp-json\/wp\/v2\/pages\/4640\/revisions"}],"predecessor-version":[{"id":4641,"href":"https:\/\/coges.eu\/de\/wp-json\/wp\/v2\/pages\/4640\/revisions\/4641"}],"wp:attachment":[{"href":"https:\/\/coges.eu\/de\/wp-json\/wp\/v2\/media?parent=4640"}],"curies":[{"name":"wp","href":"https:\/\/api.w.org\/{rel}","templated":true}]}}