{"id":5683,"date":"2025-10-31T15:59:28","date_gmt":"2025-10-31T13:59:28","guid":{"rendered":"https:\/\/coges.eu\/newsletter\/"},"modified":"2025-11-11T14:08:44","modified_gmt":"2025-11-11T12:08:44","slug":"newsletter","status":"publish","type":"page","link":"https:\/\/coges.eu\/de\/newsletter\/","title":{"rendered":"Newsletter"},"content":{"rendered":"<section id=\"page-hero-block_f4b8db58de056f91f855f42969b0e18e\" class=\"block page-hero text-dark small-hero\">\n    <div class=\"container\">\n        <div class=\"row\">\n            <div class=\"col-12\">\n                <div class=\"content-wrapper\">\n                    <h1 data-aos=\"fade-right\" data-aos-delay=\"0\" data-aos-duration=\"300\" data-aos-offset=\"0\"><span style=\"color: #e4002b;\">Connected by <\/span><span style=\"color: #000000;\">Coges &amp; Vendon newsletter<\/span><\/h1>\n                    <div data-aos=\"fade-right\" data-aos-delay=\"200\" data-aos-duration=\"300\" data-aos-offset=\"200\">\n                        <p>Abonnieren Sie unseren Newsletter \u2013 monatliche Einblicke, die Sie sonst nirgendwo finden. Entwickelt f\u00fcr die Community der Automaten- und Kaffeeanbieter. <\/p>\n                    <\/div>\n                                    <\/div>\n            <\/div>\n        <\/div>\n    <\/div>\n        <div class=\"background-wrapper \">\n                    <\/div>\n\n<\/section>\n<section id=\"newsletter-signup-block_3b07ea2e0184c29abe533d4cab0c7da2\" class=\"block newsletter-signup\">\n    <div id=\"newsletter-signup\">\n        <div class=\"container\">\n            <div class=\"row\">\n                <div class=\"col-12 col-lg-5\">\n                    <h3>Melden Sie sich f\u00fcr unseren Newsletter an<\/h3>\n                    <p class=\"disclaimer\">Die von Ihnen in diesem Formular angegebenen personenbezogenen Daten werden von COGES zum Zweck der Newsletter-Anmeldung verarbeitet (gem\u00e4\u00df Art. 6 Abs. 1 lit. a) DSGVO). Um Ihre Datenschutzrechte auszu\u00fcben, wenden Sie sich bitte an responsabilesicurezza@coges.eu. Weitere Informationen finden Sie in unserer Datenschutzrichtlinie.<\/p>\n                <\/div>\n                <div class=\"col-12 col-lg-4\">\n                                            <iframe loading=\"lazy\" src=\"https:\/\/analytics-eu.clickdimensions.com\/azkoyencom-a89hm\/pages\/qwvkfcvmefcmtwbfvd2niw.html?PageId=7cca6ba9e62bf0118c4d6045bddda78b\" class=\"newsletter-signup-iframe\" allowtransparency=\"true\"\n                                width=\"100%\" height=\"125\" type=\"text\/html\" frameborder=\"0\" style=\"border:0\"><\/iframe>\n                                        <p class=\"disclaimer\">Die von Ihnen in diesem Formular angegebenen personenbezogenen Daten werden von COGES zum Zweck der Newsletter-Anmeldung verarbeitet (gem\u00e4\u00df Art. 6 Abs. 1 lit. a) DSGVO). Um Ihre Datenschutzrechte auszu\u00fcben, wenden Sie sich bitte an responsabilesicurezza@coges.eu. Weitere Informationen finden Sie in unserer Datenschutzrichtlinie.<\/p>\n                <\/div>\n            <\/div>\n        <\/div>\n    <\/div>\n<\/section>","protected":false},"excerpt":{"rendered":"","protected":false},"author":4,"featured_media":0,"parent":0,"menu_order":0,"comment_status":"closed","ping_status":"closed","template":"","meta":{"_acf_changed":false,"footnotes":""},"class_list":["post-5683","page","type-page","status-publish","hentry"],"acf":[],"yoast_head":"<!-- This site is optimized with the Yoast SEO plugin v27.5 - https:\/\/yoast.com\/product\/yoast-seo-wordpress\/ -->\n<title>Newsletter - Coges<\/title>\n<meta name=\"description\" content=\"Abonnieren Sie unseren Newsletter \u2013 monatliche Einblicke, die Sie sonst nirgendwo finden. Entwickelt f\u00fcr die Community der Automaten- und Kaffeeanbieter.\" \/>\n<meta name=\"robots\" content=\"index, follow, max-snippet:-1, max-image-preview:large, max-video-preview:-1\" \/>\n<link rel=\"canonical\" href=\"https:\/\/coges.eu\/de\/newsletter\/\" \/>\n<meta property=\"og:locale\" content=\"de_DE\" \/>\n<meta property=\"og:type\" content=\"article\" \/>\n<meta property=\"og:title\" content=\"Newsletter - Coges\" \/>\n<meta property=\"og:description\" content=\"Abonnieren Sie unseren Newsletter \u2013 monatliche Einblicke, die Sie sonst nirgendwo finden. Entwickelt f\u00fcr die Community der Automaten- und Kaffeeanbieter.\" \/>\n<meta property=\"og:url\" content=\"https:\/\/coges.eu\/de\/newsletter\/\" \/>\n<meta property=\"og:site_name\" content=\"Coges\" \/>\n<meta property=\"article:modified_time\" content=\"2025-11-11T12:08:44+00:00\" \/>\n<meta name=\"twitter:card\" content=\"summary_large_image\" \/>\n<script type=\"application\/ld+json\" class=\"yoast-schema-graph\">{\"@context\":\"https:\\\/\\\/schema.org\",\"@graph\":[{\"@type\":\"WebPage\",\"@id\":\"https:\\\/\\\/coges.eu\\\/de\\\/newsletter\\\/\",\"url\":\"https:\\\/\\\/coges.eu\\\/de\\\/newsletter\\\/\",\"name\":\"Newsletter - Coges\",\"isPartOf\":{\"@id\":\"https:\\\/\\\/coges.eu\\\/de\\\/#website\"},\"datePublished\":\"2025-10-31T13:59:28+00:00\",\"dateModified\":\"2025-11-11T12:08:44+00:00\",\"description\":\"Abonnieren Sie unseren Newsletter \u2013 monatliche Einblicke, die Sie sonst nirgendwo finden. Entwickelt f\u00fcr die Community der Automaten- und Kaffeeanbieter.\",\"breadcrumb\":{\"@id\":\"https:\\\/\\\/coges.eu\\\/de\\\/newsletter\\\/#breadcrumb\"},\"inLanguage\":\"de\",\"potentialAction\":[{\"@type\":\"ReadAction\",\"target\":[\"https:\\\/\\\/coges.eu\\\/de\\\/newsletter\\\/\"]}]},{\"@type\":\"BreadcrumbList\",\"@id\":\"https:\\\/\\\/coges.eu\\\/de\\\/newsletter\\\/#breadcrumb\",\"itemListElement\":[{\"@type\":\"ListItem\",\"position\":1,\"name\":\"Home\",\"item\":\"https:\\\/\\\/coges.eu\\\/de\\\/\"},{\"@type\":\"ListItem\",\"position\":2,\"name\":\"Newsletter\"}]},{\"@type\":\"WebSite\",\"@id\":\"https:\\\/\\\/coges.eu\\\/de\\\/#website\",\"url\":\"https:\\\/\\\/coges.eu\\\/de\\\/\",\"name\":\"Coges\",\"description\":\"Payment systems and telemetry for vending industry\",\"potentialAction\":[{\"@type\":\"SearchAction\",\"target\":{\"@type\":\"EntryPoint\",\"urlTemplate\":\"https:\\\/\\\/coges.eu\\\/de\\\/?s={search_term_string}\"},\"query-input\":{\"@type\":\"PropertyValueSpecification\",\"valueRequired\":true,\"valueName\":\"search_term_string\"}}],\"inLanguage\":\"de\"}]}<\/script>\n<!-- \/ Yoast SEO plugin. -->","yoast_head_json":{"title":"Newsletter - Coges","description":"Abonnieren Sie unseren Newsletter \u2013 monatliche Einblicke, die Sie sonst nirgendwo finden. Entwickelt f\u00fcr die Community der Automaten- und Kaffeeanbieter.","robots":{"index":"index","follow":"follow","max-snippet":"max-snippet:-1","max-image-preview":"max-image-preview:large","max-video-preview":"max-video-preview:-1"},"canonical":"https:\/\/coges.eu\/de\/newsletter\/","og_locale":"de_DE","og_type":"article","og_title":"Newsletter - Coges","og_description":"Abonnieren Sie unseren Newsletter \u2013 monatliche Einblicke, die Sie sonst nirgendwo finden. Entwickelt f\u00fcr die Community der Automaten- und Kaffeeanbieter.","og_url":"https:\/\/coges.eu\/de\/newsletter\/","og_site_name":"Coges","article_modified_time":"2025-11-11T12:08:44+00:00","twitter_card":"summary_large_image","schema":{"@context":"https:\/\/schema.org","@graph":[{"@type":"WebPage","@id":"https:\/\/coges.eu\/de\/newsletter\/","url":"https:\/\/coges.eu\/de\/newsletter\/","name":"Newsletter - Coges","isPartOf":{"@id":"https:\/\/coges.eu\/de\/#website"},"datePublished":"2025-10-31T13:59:28+00:00","dateModified":"2025-11-11T12:08:44+00:00","description":"Abonnieren Sie unseren Newsletter \u2013 monatliche Einblicke, die Sie sonst nirgendwo finden. Entwickelt f\u00fcr die Community der Automaten- und Kaffeeanbieter.","breadcrumb":{"@id":"https:\/\/coges.eu\/de\/newsletter\/#breadcrumb"},"inLanguage":"de","potentialAction":[{"@type":"ReadAction","target":["https:\/\/coges.eu\/de\/newsletter\/"]}]},{"@type":"BreadcrumbList","@id":"https:\/\/coges.eu\/de\/newsletter\/#breadcrumb","itemListElement":[{"@type":"ListItem","position":1,"name":"Home","item":"https:\/\/coges.eu\/de\/"},{"@type":"ListItem","position":2,"name":"Newsletter"}]},{"@type":"WebSite","@id":"https:\/\/coges.eu\/de\/#website","url":"https:\/\/coges.eu\/de\/","name":"Coges","description":"Payment systems and telemetry for vending industry","potentialAction":[{"@type":"SearchAction","target":{"@type":"EntryPoint","urlTemplate":"https:\/\/coges.eu\/de\/?s={search_term_string}"},"query-input":{"@type":"PropertyValueSpecification","valueRequired":true,"valueName":"search_term_string"}}],"inLanguage":"de"}]}},"_links":{"self":[{"href":"https:\/\/coges.eu\/de\/wp-json\/wp\/v2\/pages\/5683","targetHints":{"allow":["GET"]}}],"collection":[{"href":"https:\/\/coges.eu\/de\/wp-json\/wp\/v2\/pages"}],"about":[{"href":"https:\/\/coges.eu\/de\/wp-json\/wp\/v2\/types\/page"}],"author":[{"embeddable":true,"href":"https:\/\/coges.eu\/de\/wp-json\/wp\/v2\/users\/4"}],"replies":[{"embeddable":true,"href":"https:\/\/coges.eu\/de\/wp-json\/wp\/v2\/comments?post=5683"}],"version-history":[{"count":2,"href":"https:\/\/coges.eu\/de\/wp-json\/wp\/v2\/pages\/5683\/revisions"}],"predecessor-version":[{"id":5688,"href":"https:\/\/coges.eu\/de\/wp-json\/wp\/v2\/pages\/5683\/revisions\/5688"}],"wp:attachment":[{"href":"https:\/\/coges.eu\/de\/wp-json\/wp\/v2\/media?parent=5683"}],"curies":[{"name":"wp","href":"https:\/\/api.w.org\/{rel}","templated":true}]}}