{"id":3411,"date":"2025-04-15T11:12:48","date_gmt":"2025-04-15T08:12:48","guid":{"rendered":"https:\/\/coges.eu\/?page_id=3411"},"modified":"2025-06-23T13:13:11","modified_gmt":"2025-06-23T10:13:11","slug":"cookies-policy","status":"publish","type":"page","link":"https:\/\/coges.eu\/es\/cookies-policy\/","title":{"rendered":"Cookies policy"},"content":{"rendered":"<section id=\"page-hero-block_f017530109fe53df3f1271723c6b729c\" class=\"block page-hero text-dark small-hero\">\n    <div class=\"container\">\n        <div class=\"row\">\n            <div class=\"col-12\">\n                <div class=\"content-wrapper\">\n                    <h1 data-aos=\"fade-right\" data-aos-delay=\"0\" data-aos-duration=\"300\" data-aos-offset=\"0\">Pol\u00edtica de Cookies<\/h1>\n                    <div data-aos=\"fade-right\" data-aos-delay=\"200\" data-aos-duration=\"300\" data-aos-offset=\"200\">\n                                            <\/div>\n                                    <\/div>\n            <\/div>\n        <\/div>\n    <\/div>\n        <div class=\"background-wrapper \">\n                    <\/div>\n\n<\/section>\n\n\n<section id=\"anchor-content-block_9c6b0c840f330f7b94b3f2e8410f8714\" class=\"block anchor-content\">\n    <div class=\"container\">\n        <div class=\"row\">\n            <div class=\"col-12 col-lg col-sidebar\" data-aos=\"fade-right\">\n                <div class=\"sidebar-content\">\n                    <h3>LISTA DE CONTENIDO<\/h3>\n                    <ul>\n                                                                                <li>\n                                <a href=\"#que-es-una-cookie-0\"\n                                   data-scroll-target=\"#que-es-una-cookie-0\"\n                                   data-has-header-offset>\u00bfQU\u00c9 ES UNA COOKIE?<\/a>\n                            <\/li>\n                                                                                <li>\n                                <a href=\"#informacion-general-relativa-al-uso-de-cookies-exceptuadas-de-consentimiento-1\"\n                                   data-scroll-target=\"#informacion-general-relativa-al-uso-de-cookies-exceptuadas-de-consentimiento-1\"\n                                   data-has-header-offset>INFORMACI\u00d3N GENERAL RELATIVA AL USO DE COOKIES EXCEPTUADAS DE CONSENTIMIENTO<\/a>\n                            <\/li>\n                                                                                <li>\n                                <a href=\"#cookies-no-exceptuadas-de-consentimiento-2\"\n                                   data-scroll-target=\"#cookies-no-exceptuadas-de-consentimiento-2\"\n                                   data-has-header-offset>COOKIES NO EXCEPTUADAS DE CONSENTIMIENTO<\/a>\n                            <\/li>\n                                                                                <li>\n                                <a href=\"#informacion-sobre-transferencias-internacionales-de-datos-3\"\n                                   data-scroll-target=\"#informacion-sobre-transferencias-internacionales-de-datos-3\"\n                                   data-has-header-offset>INFORMACI\u00d3N SOBRE TRANSFERENCIAS INTERNACIONALES DE DATOS<\/a>\n                            <\/li>\n                                                                                <li>\n                                <a href=\"#como-configurar-sus-preferencias-en-relacion-con-las-cookies-4\"\n                                   data-scroll-target=\"#como-configurar-sus-preferencias-en-relacion-con-las-cookies-4\"\n                                   data-has-header-offset>\u00bfC\u00d3MO CONFIGURAR SUS PREFERENCIAS EN RELACI\u00d3N CON LAS COOKIES?<\/a>\n                            <\/li>\n                                            <\/ul>\n                <\/div>\n            <\/div>\n            <div class=\"col-12 col-lg col-content\" data-aos=\"fade-left\">\n                                    <div class=\"row mb-3 mb-lg-5\">\n                        <div class=\"col-12\">\n                                                            <h3 id=\"que-es-una-cookie-0\">\u00bfQU\u00c9 ES UNA COOKIE?<\/h3>\n                                                        <p>Las cookies son archivos de texto que contienen peque\u00f1as cantidades de informaci\u00f3n que se descargan en el dispositivo que el usuario utiliza cuando visita un sitio web. Su finalidad principal es, por un lado, reconocer al usuario cada vez que accede al sitio web mostr\u00e1ndoselo de acuerdo con las preferencias de navegaci\u00f3n establecidas; y adem\u00e1s, en su caso, analizar la navegaci\u00f3n del usuario y dirigirle publicidad personalizada.<\/p>\n                        <\/div>\n                    <\/div>\n                                    <div class=\"row mb-3 mb-lg-5\">\n                        <div class=\"col-12\">\n                                                            <h3 id=\"informacion-general-relativa-al-uso-de-cookies-exceptuadas-de-consentimiento-1\">INFORMACI\u00d3N GENERAL RELATIVA AL USO DE COOKIES EXCEPTUADAS DE CONSENTIMIENTO<\/h3>\n                                                        <p>De acuerdo con lo dispuesto en la legislaci\u00f3n vigente, en cualquier p\u00e1gina web que utilice cookies se ha de facilitar informaci\u00f3n clara y completa sobre la finalidad o finalidades de las mismas, siendo obligatorio obtener el consentimiento expreso de los usuarios antes de la descarga, salvo en relaci\u00f3n con las llamadas \u201ccookies exceptuadas\u201d sobre las que NO es necesario obtener consentimiento (es decir, est\u00e1n exceptuadas de consentimiento).<\/p>\n<p>En las cookies exceptuadas se incluyen:<\/p>\n<ul>\n<li><strong>Cookies t\u00e9cnicas o esenciales<\/strong>: son las que permiten al usuario la navegaci\u00f3n a trav\u00e9s de una p\u00e1gina web, plataforma o aplicaci\u00f3n y la utilizaci\u00f3n de las diferentes opciones o servicios que en ella existan como, por ejemplo, controlar el tr\u00e1fico y la comunicaci\u00f3n de datos, identificar la sesi\u00f3n, acceder a partes de acceso restringido, recordar los elementos que integran un pedido, realizar el proceso de compra de un pedido, gestionar el pago, controlar el fraude vinculado a la seguridad del servicio, realizar la solicitud de inscripci\u00f3n o participaci\u00f3n en un evento, contar visitas a efectos de la facturaci\u00f3n de licencias del software con el que funciona el servicio (sitio web, plataforma o aplicaci\u00f3n), utilizar elementos de seguridad durante la navegaci\u00f3n, almacenar contenidos para la difusi\u00f3n de v\u00eddeos o sonido, habilitar contenidos din\u00e1micos (por ejemplo, animaci\u00f3n de carga de un texto o imagen) o compartir contenidos a trav\u00e9s de redes sociales en los casos en los que el usuario ha decidido dejar la sesi\u00f3n abierta. Tambi\u00e9n pertenecen a esta categor\u00eda, por su naturaleza t\u00e9cnica, aquellas cookies que permiten la gesti\u00f3n, de la forma m\u00e1s eficaz posible, de los espacios publicitarios que, como un elemento m\u00e1s de dise\u00f1o o \u201cmaquetaci\u00f3n\u201d del servicio ofrecido al usuario, el editor haya incluido en una p\u00e1gina web, aplicaci\u00f3n o plataforma.<\/li>\n<li><strong>Cookies de personalizaci\u00f3n exceptuadas<\/strong>: son aquellas que permiten recordar informaci\u00f3n para que el usuario acceda al servicio con determinadas caracter\u00edsticas que pueden diferenciar su experiencia de la de otros usuarios, como, por ejemplo, el idioma, el n\u00famero de resultados a mostrar cuando el usuario realiza una b\u00fasqueda, el aspecto o contenido del servicio en funci\u00f3n del tipo de navegador a trav\u00e9s del cual el usuario accede al servicio o de la regi\u00f3n desde la que accede al servicio, etc.<\/li>\n<\/ul>\n<p>El uso del resto de las cookies \u2013es decir, las no exceptuadas- implica el deber de informar y de obtener el consentimiento expreso del usuario previo a su descarga.<\/p>\n                        <\/div>\n                    <\/div>\n                                    <div class=\"row mb-3 mb-lg-5\">\n                        <div class=\"col-12\">\n                                                            <h3 id=\"cookies-no-exceptuadas-de-consentimiento-2\">COOKIES NO EXCEPTUADAS DE CONSENTIMIENTO<\/h3>\n                                                        <p>Las cookies se pueden clasificar atendiendo a distintos criterios. Desde el punto de vista legal, y tal y como se ha explicado en el apartado anterior, existen cookies exceptuadas y no exceptuadas. Otros criterios de clasificaci\u00f3n atienden al tipo de gesti\u00f3n de las cookies (propias o de terceros), tiempo de activaci\u00f3n (cookies de sesi\u00f3n y cookies permanentes) o tipo de finalidad.<\/p>\n<p>La clasificaci\u00f3n de las cookies no exceptuadas atendiendo a la finalidad es especialmente relevante. Desde este punto de vista, las cookies no exceptuadas pueden ser:<\/p>\n<ul>\n<li><strong>Cookies de personalizaci\u00f3n no exceptuadas<\/strong>: son las que permiten al usuario acceder al servicio con algunas caracter\u00edsticas de car\u00e1cter general que no obedecen a una opci\u00f3n ejercida por el usuario.<\/li>\n<li><strong>Cookies anal\u00edticas<\/strong>: Son aquellas que, ya sean utilizadas por el titular del sitio, o por terceros, permiten realizar mediciones de la actividad de los usuarios con fines estad\u00edsticos.<\/li>\n<li><strong>Cookies de publicidad comportamental<\/strong>: Son aquellas que permiten la gesti\u00f3n m\u00e1s eficaz posible de los espacios publicitarios que, en su caso, el editor haya incluido en una p\u00e1gina web, aplicaci\u00f3n o plataforma desde la que presta el servicio solicitado. Estas cookies almacenan informaci\u00f3n del comportamiento de usuarios obtenida a trav\u00e9s de la observaci\u00f3n continuada de sus h\u00e1bitos de navegaci\u00f3n, lo que permite desarrollar un perfil espec\u00edfico para mostrar publicidad en funci\u00f3n del mismo (publicidad personalizada).<\/li>\n<li><strong>Cookies de complementos<\/strong>: Las cookies utilizadas por complementos de proveedores externos de contenido son necesarias para que el usuario pueda acceder a contenidos o servicios previamente solicitados tales como visualizaci\u00f3n de v\u00eddeos alojados en Youtube, ubicaciones geogr\u00e1ficas en Google Maps, conexi\u00f3n con redes sociales, etc. Estas cookies se rigen por lo dispuesto en las respectivas pol\u00edticas de cookies de los proveedores externos.<\/li>\n<\/ul>\n<p>Al hacer click en los complementos de las redes sociales incluidos en un sitio web su navegador se conectar\u00e1 con el servidor de la red social correspondiente de modo que el proveedor de la red social sabr\u00e1 desde qu\u00e9 sitio web proviene el usuario al acceder al sitio de la red social. Si desea evitar que se genere esta vinculaci\u00f3n, debe cerrar la sesi\u00f3n en la p\u00e1gina web de la red social antes de visitar cualquier sitio web.<\/p>\n                        <\/div>\n                    <\/div>\n                                    <div class=\"row mb-3 mb-lg-5\">\n                        <div class=\"col-12\">\n                                                            <h3 id=\"informacion-sobre-transferencias-internacionales-de-datos-3\">INFORMACI\u00d3N SOBRE TRANSFERENCIAS INTERNACIONALES DE DATOS<\/h3>\n                                                        <p>Este sitio web utiliza la herramienta Google Analytics. Se trata de un servicio de an\u00e1lisis web basado en la informaci\u00f3n obtenida a trav\u00e9s de cookies anal\u00edticas. En el \u00e1mbito de la Uni\u00f3n europea este servicio es prestado por Google Ireland Limited.<\/p>\n<p>En la actualidad las transferencias internacionales de datos a Estados Unidos dirigidas a Google LLC y sus filiales est\u00e1n garantizadas por la adhesi\u00f3n a la lista de participantes en el acuerdo UE-USA Data Privacy Framework.<\/p>\n                        <\/div>\n                    <\/div>\n                                    <div class=\"row mb-3 mb-lg-5\">\n                        <div class=\"col-12\">\n                                                            <h3 id=\"como-configurar-sus-preferencias-en-relacion-con-las-cookies-4\">\u00bfC\u00d3MO CONFIGURAR SUS PREFERENCIAS EN RELACI\u00d3N CON LAS COOKIES?<\/h3>\n                                                        <p>En caso de que el usuario hubiese aceptado la utilizaci\u00f3n de una o varias tipolog\u00edas de cookies no exceptuadas, en cualquier momento posterior podr\u00e1 cambiar su configuraci\u00f3n, rechazando o deshabilitando su utilizaci\u00f3n a trav\u00e9s del cuadro de configuraci\u00f3n de cookies del sitio web.<\/p>\n<p>De igual manera, el usuario puede permitir, bloquear o eliminar las cookies instaladas en su equipo mediante la configuraci\u00f3n de las opciones del navegador instalado en su ordenador.<\/p>\n<p>En todo caso, debe saber que si opta por bloquear o eliminar las cookies no podremos mantener sus preferencias y es posible que algunas caracter\u00edsticas de la p\u00e1gina web no est\u00e9n operativas, o que tengamos que solicitarte de nuevo autorizaci\u00f3n para su uso.<\/p>\n<p>Tenga en cuenta que, si acepta las cookies de terceros, deber\u00e1 eliminarlas desde las opciones del navegador o desde el sistema ofrecido por el propio tercero.<\/p>\n<p>Para m\u00e1s informaci\u00f3n sobre c\u00f3mo deshabilitar cookies desde los navegadores, consulte:<\/p>\n<ul>\n<li><strong>Microsoft Edge<\/strong>: <a href=\"edge:\/\/settings\/privacy\">edge:\/\/settings\/privacy <\/a><\/li>\n<li><strong>Mozilla Firefox<\/strong>: <a href=\"https:\/\/support.mozilla.org\/es\/kb\/habilitar-y-deshabilitar-cookies-sitios-web-rastrear-preferencias\">https:\/\/support.mozilla.org\/es\/kb\/habilitar-y-deshabilitar-cookies-sitios-web-rastrear-preferencias<\/a><\/li>\n<li><strong>Google Chrome<\/strong>: <a href=\"https:\/\/support.google.com\/chrome\/answer\/95647?hl=es\">https:\/\/support.google.com\/chrome\/answer\/95647?hl=es<\/a><\/li>\n<li><strong>Safari<\/strong>: <a href=\"http:\/\/support.apple.com\/kb\/ph5042\">http:\/\/support.apple.com\/kb\/ph5042<\/a><\/li>\n<\/ul>\n<p><em><strong>Opt out cookies<\/strong><\/em>: Muchas de las empresas de publicidad en l\u00ednea ofrecen \u00abopt-out cookies\u00bb a los usuarios. Las \u00abopt-out cookies\u00bb son cookies creadas por empresas de publicidad para permitir al usuario bloquear y prevenir que otras empresas instalen cookies publicitarias de terceros. Las \u00abopt-out cookies\u00bb son espec\u00edficas para un servidor, por lo que solamente bloquean cookies de una sola empresa concreta. Para realizar un bloqueo m\u00e1s gen\u00e9rico, los usuarios deben configurar las cookies desde la configuraci\u00f3n de sus navegadores.<\/p>\n<ul>\n<li>Opt-out de Google Analytics: <a href=\"https:\/\/tools.google.com\/dlpage\/gaoptout?hl=None\">https:\/\/tools.google.com\/dlpage\/gaoptout?hl=None<\/a><\/li>\n<li>Opt-out de Google (publicidad comportamental): <a href=\"http:\/\/www.google.com\/settings\/ads\/\">http:\/\/www.google.com\/settings\/ads\/<\/a><\/li>\n<\/ul>\n                        <\/div>\n                    <\/div>\n                            <\/div>\n        <\/div>\n    <\/div>\n<\/section>\n","protected":false},"excerpt":{"rendered":"","protected":false},"author":2,"featured_media":0,"parent":0,"menu_order":0,"comment_status":"closed","ping_status":"closed","template":"","meta":{"_acf_changed":false,"footnotes":""},"class_list":["post-3411","page","type-page","status-publish","hentry"],"acf":[],"yoast_head":"<!-- This site is optimized with the Yoast SEO plugin v27.4 - https:\/\/yoast.com\/product\/yoast-seo-wordpress\/ -->\n<title>Cookies policy - Coges<\/title>\n<meta name=\"robots\" content=\"index, follow, max-snippet:-1, max-image-preview:large, max-video-preview:-1\" \/>\n<link rel=\"canonical\" href=\"https:\/\/coges.eu\/es\/cookies-policy\/\" \/>\n<meta property=\"og:locale\" content=\"es_ES\" \/>\n<meta property=\"og:type\" content=\"article\" \/>\n<meta property=\"og:title\" content=\"Cookies policy - Coges\" \/>\n<meta property=\"og:url\" content=\"https:\/\/coges.eu\/es\/cookies-policy\/\" \/>\n<meta property=\"og:site_name\" content=\"Coges\" \/>\n<meta property=\"article:modified_time\" content=\"2025-06-23T10:13:11+00:00\" \/>\n<meta name=\"twitter:card\" content=\"summary_large_image\" \/>\n<script type=\"application\/ld+json\" class=\"yoast-schema-graph\">{\"@context\":\"https:\\\/\\\/schema.org\",\"@graph\":[{\"@type\":\"WebPage\",\"@id\":\"https:\\\/\\\/coges.eu\\\/es\\\/cookies-policy\\\/\",\"url\":\"https:\\\/\\\/coges.eu\\\/es\\\/cookies-policy\\\/\",\"name\":\"Cookies policy - Coges\",\"isPartOf\":{\"@id\":\"https:\\\/\\\/coges.eu\\\/es\\\/#website\"},\"datePublished\":\"2025-04-15T08:12:48+00:00\",\"dateModified\":\"2025-06-23T10:13:11+00:00\",\"breadcrumb\":{\"@id\":\"https:\\\/\\\/coges.eu\\\/es\\\/cookies-policy\\\/#breadcrumb\"},\"inLanguage\":\"es\",\"potentialAction\":[{\"@type\":\"ReadAction\",\"target\":[\"https:\\\/\\\/coges.eu\\\/es\\\/cookies-policy\\\/\"]}]},{\"@type\":\"BreadcrumbList\",\"@id\":\"https:\\\/\\\/coges.eu\\\/es\\\/cookies-policy\\\/#breadcrumb\",\"itemListElement\":[{\"@type\":\"ListItem\",\"position\":1,\"name\":\"Home\",\"item\":\"https:\\\/\\\/coges.eu\\\/es\\\/\"},{\"@type\":\"ListItem\",\"position\":2,\"name\":\"Cookies policy\"}]},{\"@type\":\"WebSite\",\"@id\":\"https:\\\/\\\/coges.eu\\\/es\\\/#website\",\"url\":\"https:\\\/\\\/coges.eu\\\/es\\\/\",\"name\":\"Coges\",\"description\":\"Payment systems and telemetry for vending industry\",\"potentialAction\":[{\"@type\":\"SearchAction\",\"target\":{\"@type\":\"EntryPoint\",\"urlTemplate\":\"https:\\\/\\\/coges.eu\\\/es\\\/?s={search_term_string}\"},\"query-input\":{\"@type\":\"PropertyValueSpecification\",\"valueRequired\":true,\"valueName\":\"search_term_string\"}}],\"inLanguage\":\"es\"}]}<\/script>\n<!-- \/ Yoast SEO plugin. -->","yoast_head_json":{"title":"Cookies policy - Coges","robots":{"index":"index","follow":"follow","max-snippet":"max-snippet:-1","max-image-preview":"max-image-preview:large","max-video-preview":"max-video-preview:-1"},"canonical":"https:\/\/coges.eu\/es\/cookies-policy\/","og_locale":"es_ES","og_type":"article","og_title":"Cookies policy - Coges","og_url":"https:\/\/coges.eu\/es\/cookies-policy\/","og_site_name":"Coges","article_modified_time":"2025-06-23T10:13:11+00:00","twitter_card":"summary_large_image","schema":{"@context":"https:\/\/schema.org","@graph":[{"@type":"WebPage","@id":"https:\/\/coges.eu\/es\/cookies-policy\/","url":"https:\/\/coges.eu\/es\/cookies-policy\/","name":"Cookies policy - Coges","isPartOf":{"@id":"https:\/\/coges.eu\/es\/#website"},"datePublished":"2025-04-15T08:12:48+00:00","dateModified":"2025-06-23T10:13:11+00:00","breadcrumb":{"@id":"https:\/\/coges.eu\/es\/cookies-policy\/#breadcrumb"},"inLanguage":"es","potentialAction":[{"@type":"ReadAction","target":["https:\/\/coges.eu\/es\/cookies-policy\/"]}]},{"@type":"BreadcrumbList","@id":"https:\/\/coges.eu\/es\/cookies-policy\/#breadcrumb","itemListElement":[{"@type":"ListItem","position":1,"name":"Home","item":"https:\/\/coges.eu\/es\/"},{"@type":"ListItem","position":2,"name":"Cookies policy"}]},{"@type":"WebSite","@id":"https:\/\/coges.eu\/es\/#website","url":"https:\/\/coges.eu\/es\/","name":"Coges","description":"Payment systems and telemetry for vending industry","potentialAction":[{"@type":"SearchAction","target":{"@type":"EntryPoint","urlTemplate":"https:\/\/coges.eu\/es\/?s={search_term_string}"},"query-input":{"@type":"PropertyValueSpecification","valueRequired":true,"valueName":"search_term_string"}}],"inLanguage":"es"}]}},"_links":{"self":[{"href":"https:\/\/coges.eu\/es\/wp-json\/wp\/v2\/pages\/3411","targetHints":{"allow":["GET"]}}],"collection":[{"href":"https:\/\/coges.eu\/es\/wp-json\/wp\/v2\/pages"}],"about":[{"href":"https:\/\/coges.eu\/es\/wp-json\/wp\/v2\/types\/page"}],"author":[{"embeddable":true,"href":"https:\/\/coges.eu\/es\/wp-json\/wp\/v2\/users\/2"}],"replies":[{"embeddable":true,"href":"https:\/\/coges.eu\/es\/wp-json\/wp\/v2\/comments?post=3411"}],"version-history":[{"count":2,"href":"https:\/\/coges.eu\/es\/wp-json\/wp\/v2\/pages\/3411\/revisions"}],"predecessor-version":[{"id":3689,"href":"https:\/\/coges.eu\/es\/wp-json\/wp\/v2\/pages\/3411\/revisions\/3689"}],"wp:attachment":[{"href":"https:\/\/coges.eu\/es\/wp-json\/wp\/v2\/media?parent=3411"}],"curies":[{"name":"wp","href":"https:\/\/api.w.org\/{rel}","templated":true}]}}