{"id":3420,"date":"2025-05-14T14:32:01","date_gmt":"2025-05-14T11:32:01","guid":{"rendered":"https:\/\/coges.eu\/?page_id=3420"},"modified":"2025-08-06T12:35:06","modified_gmt":"2025-08-06T09:35:06","slug":"whistleblowing-channel","status":"publish","type":"page","link":"https:\/\/coges.eu\/es\/whistleblowing-channel\/","title":{"rendered":"Whistleblowing channel"},"content":{"rendered":"<section id=\"page-hero-block_0216a2da9db31b5c41ad0de3d8bd5a85\" class=\"block page-hero text-dark small-hero\">\n    <div class=\"container\">\n        <div class=\"row\">\n            <div class=\"col-12\">\n                <div class=\"content-wrapper\">\n                    <h1 data-aos=\"fade-right\" data-aos-delay=\"0\" data-aos-duration=\"300\" data-aos-offset=\"0\">Whistleblowing channel<\/h1>\n                    <div data-aos=\"fade-right\" data-aos-delay=\"200\" data-aos-duration=\"300\" data-aos-offset=\"200\">\n                                            <\/div>\n                                    <\/div>\n            <\/div>\n        <\/div>\n    <\/div>\n        <div class=\"background-wrapper \">\n                    <\/div>\n\n<\/section>\n\n\n<section id=\"anchor-content-block_6fbedd5e0580da75556013531782eebc\" class=\"block anchor-content\">\n    <div class=\"container\">\n        <div class=\"row\">\n            <div class=\"col-12 col-lg col-sidebar\" data-aos=\"fade-right\">\n                <div class=\"sidebar-content\">\n                    <h3>LISTA DE CONTENIDO<\/h3>\n                    <ul>\n                                                                                <li>\n                                <a href=\"#codigo-de-conducta-y-canal-de-denuncias-0\"\n                                   data-scroll-target=\"#codigo-de-conducta-y-canal-de-denuncias-0\"\n                                   data-has-header-offset>C\u00f3digo de Conducta y Canal de Denuncias<\/a>\n                            <\/li>\n                                            <\/ul>\n                <\/div>\n            <\/div>\n            <div class=\"col-12 col-lg col-content\" data-aos=\"fade-left\">\n                                    <div class=\"row mb-3 mb-lg-5\">\n                        <div class=\"col-12\">\n                                                            <h3 id=\"codigo-de-conducta-y-canal-de-denuncias-0\">C\u00f3digo de Conducta y Canal de Denuncias<\/h3>\n                                                        <p>Azkoyen, SA, en calidad de sociedad matriz del Grupo Azkoyen (en lo sucesivo, \u00abAzkoyen\u00bb o el \u00abGrupo\u00bb, indistintamente), y Coges S.p.A. declaran su m\u00e1s absoluto rechazo a cualquier tipo de pr\u00e1ctica relacionada con la comisi\u00f3n de actos criminales, en particular en lo concerniente a la corrupci\u00f3n. Por tal motivo, y de conformidad con los principios establecidos en su <a style=\"color: #e60000;\" href=\"https:\/\/www.azkoyen.com\/wp-content\/uploads\/2018\/03\/C\u00f3fdigo-\u00e9tico-2018.pdf\">C\u00f3digo de Conducta<\/a> y en su Modelo de Cumplimiento, el Grupo se compromete a respetar todas las leyes anticorrupci\u00f3n, prohibiendo terminantemente cualquier forma de corrupci\u00f3n activa o pasiva en Azkoyen, sin distinci\u00f3n de origen, destino, importe, etc., incluso si dichos actos il\u00edcitos pueden redundar en beneficio del Grupo.<\/p>\n<p>En el \u00e1mbito de su sistema de Gobernanza, del que forma parte integrante tambi\u00e9n el Grupo Azkoyen, Coges S.p.A. ha adoptado el <a style=\"color: #e60000;\" href=\"https:\/\/www.azkoyen.com\/wp-content\/uploads\/2024\/02\/Modello-DLgs-231-Coges-Spa-GRUPPO-AZKOYEN_-PARTE-GENERALE-E-SPECIALE.pdf\">Modelo 231<\/a> para la prevenci\u00f3n de los riesgos criminales.<\/p>\n<p>Con la adopci\u00f3n del Modelo Organizativo implementado, Coges se fija el objetivo principal de constituir un plan organizado destinado a prevenir la comisi\u00f3n de delitos en el campo de actividades inherentes a la operativa empresarial consideradas, por as\u00ed decirlo, \u00absensibles\u00bb y que se acometen \u00edntegramente en el \u00e1mbito de las denominadas \u00e1reas de riesgo, a fin de disponer de un sistema estructurado de procedimientos y controles que reduzca \u2014y, eventualmente, elimine\u2014 el riesgo de comisi\u00f3n de delitos planteado.<\/p>\n<p>Puede encontrar m\u00e1s informaci\u00f3n sobre nuestro Modelo Organizativo en el enlace siguiente: <a style=\"color: #e60000;\" href=\"https:\/\/www.azkoyen.com\/corporate-compliance\/\">Corporate Compliance &#8211; Grupo Azkoyen<\/a><\/p>\n<p>&nbsp;<\/p>\n<p>De conformidad con las disposiciones legislativas, Coges est\u00e1 adem\u00e1s provista de un Canal de Denuncias (o de <em>whistleblowing<\/em>, por su t\u00e9rmino en ingl\u00e9s) <strong>accesible aqu\u00ed: <\/strong><a style=\"color: #e60000;\" href=\"https:\/\/azkoyengroup.integrityline.com\/\"><strong>CANAL DE DENUNCIAS<\/strong><\/a><\/p>\n<p>El canal de denuncias est\u00e1 dirigido a todos los profesionales y partes interesadas de las empresas que componen el Grupo Azkoyen que tengan o puedan tener conocimiento de una irregularidad cometida por cualquier otro trabajador, gerente o consejero, as\u00ed como por clientes o proveedores.<\/p>\n<p>Pueden ser objeto de denuncia todos los empleados, directivos, miembros del Consejo de Administraci\u00f3n o colaboradores del Grupo sujetos a su autoridad que hayan cometido irregularidades o comportamientos entre los previstos en el \u00e1rea subyacente.<\/p>\n<p>El objetivo del canal de denuncias es la recepci\u00f3n, la gesti\u00f3n y la tramitaci\u00f3n de las denuncias relativas a disconformidades o actos de incumplimiento de la normativa, cometidos por empleados o empresas.<br \/>\nSe trata de un canal de comunicaci\u00f3n reservado a disposici\u00f3n de empleados, clientes, proveedores, accionistas, etc. vinculados al Grupo Azkoyen, el Comit\u00e9 de Auditor\u00eda y la Direcci\u00f3n de las empresas.<\/p>\n<p>Para la gesti\u00f3n del canal de denuncias, seg\u00fan lo dispuesto en el Decreto Legislativo italiano 24\/2014, Coges S.p.A. y GRUPO AZKOYEN, SA como corresponsables del tratamiento han determinado de mutuo acuerdo sus responsabilidades respectivas, en el cumplimiento de las obligaciones impuestas por RGPD, siendo las siguientes:<\/p>\n<ul>\n<li>Ambas entidades se comprometen a procesar los datos, cumpliendo con lo dispuesto en la normativa en protecci\u00f3n de datos vigente aplicable.<\/li>\n<li>Ambas entidades se comprometen a responder ante solicitudes que realicen los interesados en el ejercicio de sus derechos ARCOPOL.<\/li>\n<li>Si usted desea ejercer sus derechos ARCOPOL ante Coges, dir\u00edjanos su petici\u00f3n a responsabilesicurezza@coges.eu. En caso de que desee obtener informaci\u00f3n por parte de Azkoyen, le facilitamos el enlace a su <a href=\"https:\/\/www.azkoyen.com\/legales\/\">Pol\u00edtica de privacidad<\/a>, en la que usted podr\u00e1 acceder a m\u00e1s informaci\u00f3n.<\/li>\n<li>Ambas entidades garantizan la implementaci\u00f3n de medidas t\u00e9cnicas y organizativas adecuadas en virtud del art. 32 RGPD.<\/li>\n<li>Ambas entidades se comprometen a comunicar a los interesados incidencias de seguridad que tengan un alto riesgo para sus derechos y libertades y que puedan afectar a sus datos de car\u00e1cter personal.<\/li>\n<\/ul>\n<p>&nbsp;<\/p>\n<p>Para obtener m\u00e1s informaci\u00f3n, consulte la <a style=\"color: #e60000;\" href=\"https:\/\/www.azkoyen.com\/wp-content\/uploads\/2024\/01\/Politica-del-canale-di-Whistleblowing-COGES_-IT.pdf\">Pol\u00edtica del Canal de Denuncias<\/a> y la <a style=\"color: #e60000;\" href=\"https:\/\/www.azkoyen.com\/wp-content\/uploads\/2024\/01\/Privacy-Policy-Whistleblowing-channel-Coges-Spa-V01.pdf\">Pol\u00edtica de Privacidad del Canal de Denuncias<\/a>.<\/p>\n                        <\/div>\n                    <\/div>\n                            <\/div>\n        <\/div>\n    <\/div>\n<\/section>\n","protected":false},"excerpt":{"rendered":"","protected":false},"author":2,"featured_media":0,"parent":0,"menu_order":0,"comment_status":"closed","ping_status":"closed","template":"","meta":{"_acf_changed":false,"footnotes":""},"class_list":["post-3420","page","type-page","status-publish","hentry"],"acf":[],"yoast_head":"<!-- This site is optimized with the Yoast SEO plugin v27.3 - https:\/\/yoast.com\/product\/yoast-seo-wordpress\/ -->\n<title>Whistleblowing channel - Coges<\/title>\n<meta name=\"robots\" content=\"index, follow, max-snippet:-1, max-image-preview:large, max-video-preview:-1\" \/>\n<link rel=\"canonical\" href=\"https:\/\/coges.eu\/es\/whistleblowing-channel\/\" \/>\n<meta property=\"og:locale\" content=\"es_ES\" \/>\n<meta property=\"og:type\" content=\"article\" \/>\n<meta property=\"og:title\" content=\"Whistleblowing channel - Coges\" \/>\n<meta property=\"og:url\" content=\"https:\/\/coges.eu\/es\/whistleblowing-channel\/\" \/>\n<meta property=\"og:site_name\" content=\"Coges\" \/>\n<meta property=\"article:modified_time\" content=\"2025-08-06T09:35:06+00:00\" \/>\n<meta name=\"twitter:card\" content=\"summary_large_image\" \/>\n<script type=\"application\/ld+json\" class=\"yoast-schema-graph\">{\"@context\":\"https:\\\/\\\/schema.org\",\"@graph\":[{\"@type\":\"WebPage\",\"@id\":\"https:\\\/\\\/coges.eu\\\/es\\\/whistleblowing-channel\\\/\",\"url\":\"https:\\\/\\\/coges.eu\\\/es\\\/whistleblowing-channel\\\/\",\"name\":\"Whistleblowing channel - Coges\",\"isPartOf\":{\"@id\":\"https:\\\/\\\/coges.eu\\\/es\\\/#website\"},\"datePublished\":\"2025-05-14T11:32:01+00:00\",\"dateModified\":\"2025-08-06T09:35:06+00:00\",\"breadcrumb\":{\"@id\":\"https:\\\/\\\/coges.eu\\\/es\\\/whistleblowing-channel\\\/#breadcrumb\"},\"inLanguage\":\"es\",\"potentialAction\":[{\"@type\":\"ReadAction\",\"target\":[\"https:\\\/\\\/coges.eu\\\/es\\\/whistleblowing-channel\\\/\"]}]},{\"@type\":\"BreadcrumbList\",\"@id\":\"https:\\\/\\\/coges.eu\\\/es\\\/whistleblowing-channel\\\/#breadcrumb\",\"itemListElement\":[{\"@type\":\"ListItem\",\"position\":1,\"name\":\"Home\",\"item\":\"https:\\\/\\\/coges.eu\\\/es\\\/\"},{\"@type\":\"ListItem\",\"position\":2,\"name\":\"Whistleblowing channel\"}]},{\"@type\":\"WebSite\",\"@id\":\"https:\\\/\\\/coges.eu\\\/es\\\/#website\",\"url\":\"https:\\\/\\\/coges.eu\\\/es\\\/\",\"name\":\"Coges\",\"description\":\"Payment systems and telemetry for vending industry\",\"potentialAction\":[{\"@type\":\"SearchAction\",\"target\":{\"@type\":\"EntryPoint\",\"urlTemplate\":\"https:\\\/\\\/coges.eu\\\/es\\\/?s={search_term_string}\"},\"query-input\":{\"@type\":\"PropertyValueSpecification\",\"valueRequired\":true,\"valueName\":\"search_term_string\"}}],\"inLanguage\":\"es\"}]}<\/script>\n<!-- \/ Yoast SEO plugin. -->","yoast_head_json":{"title":"Whistleblowing channel - Coges","robots":{"index":"index","follow":"follow","max-snippet":"max-snippet:-1","max-image-preview":"max-image-preview:large","max-video-preview":"max-video-preview:-1"},"canonical":"https:\/\/coges.eu\/es\/whistleblowing-channel\/","og_locale":"es_ES","og_type":"article","og_title":"Whistleblowing channel - Coges","og_url":"https:\/\/coges.eu\/es\/whistleblowing-channel\/","og_site_name":"Coges","article_modified_time":"2025-08-06T09:35:06+00:00","twitter_card":"summary_large_image","schema":{"@context":"https:\/\/schema.org","@graph":[{"@type":"WebPage","@id":"https:\/\/coges.eu\/es\/whistleblowing-channel\/","url":"https:\/\/coges.eu\/es\/whistleblowing-channel\/","name":"Whistleblowing channel - Coges","isPartOf":{"@id":"https:\/\/coges.eu\/es\/#website"},"datePublished":"2025-05-14T11:32:01+00:00","dateModified":"2025-08-06T09:35:06+00:00","breadcrumb":{"@id":"https:\/\/coges.eu\/es\/whistleblowing-channel\/#breadcrumb"},"inLanguage":"es","potentialAction":[{"@type":"ReadAction","target":["https:\/\/coges.eu\/es\/whistleblowing-channel\/"]}]},{"@type":"BreadcrumbList","@id":"https:\/\/coges.eu\/es\/whistleblowing-channel\/#breadcrumb","itemListElement":[{"@type":"ListItem","position":1,"name":"Home","item":"https:\/\/coges.eu\/es\/"},{"@type":"ListItem","position":2,"name":"Whistleblowing channel"}]},{"@type":"WebSite","@id":"https:\/\/coges.eu\/es\/#website","url":"https:\/\/coges.eu\/es\/","name":"Coges","description":"Payment systems and telemetry for vending industry","potentialAction":[{"@type":"SearchAction","target":{"@type":"EntryPoint","urlTemplate":"https:\/\/coges.eu\/es\/?s={search_term_string}"},"query-input":{"@type":"PropertyValueSpecification","valueRequired":true,"valueName":"search_term_string"}}],"inLanguage":"es"}]}},"_links":{"self":[{"href":"https:\/\/coges.eu\/es\/wp-json\/wp\/v2\/pages\/3420","targetHints":{"allow":["GET"]}}],"collection":[{"href":"https:\/\/coges.eu\/es\/wp-json\/wp\/v2\/pages"}],"about":[{"href":"https:\/\/coges.eu\/es\/wp-json\/wp\/v2\/types\/page"}],"author":[{"embeddable":true,"href":"https:\/\/coges.eu\/es\/wp-json\/wp\/v2\/users\/2"}],"replies":[{"embeddable":true,"href":"https:\/\/coges.eu\/es\/wp-json\/wp\/v2\/comments?post=3420"}],"version-history":[{"count":4,"href":"https:\/\/coges.eu\/es\/wp-json\/wp\/v2\/pages\/3420\/revisions"}],"predecessor-version":[{"id":3950,"href":"https:\/\/coges.eu\/es\/wp-json\/wp\/v2\/pages\/3420\/revisions\/3950"}],"wp:attachment":[{"href":"https:\/\/coges.eu\/es\/wp-json\/wp\/v2\/media?parent=3420"}],"curies":[{"name":"wp","href":"https:\/\/api.w.org\/{rel}","templated":true}]}}