{"id":3924,"date":"2025-05-08T11:14:29","date_gmt":"2025-05-08T08:14:29","guid":{"rendered":"https:\/\/coges.eu\/recursos-para-clientes-de-coges\/"},"modified":"2025-08-08T12:42:36","modified_gmt":"2025-08-08T09:42:36","slug":"recursos-para-clientes-de-coges","status":"publish","type":"page","link":"https:\/\/coges.eu\/es\/recursos-para-clientes-de-coges\/","title":{"rendered":"Recursos para clientes de Coges"},"content":{"rendered":"<section id=\"page-hero-block_2733953f8856ec74b853de66eabc9282\" class=\"block page-hero text-dark small-hero\">\n    <div class=\"container\">\n        <div class=\"row\">\n            <div class=\"col-12\">\n                <div class=\"content-wrapper\">\n                    <h1 data-aos=\"fade-right\" data-aos-delay=\"0\" data-aos-duration=\"300\" data-aos-offset=\"0\">Recursos para <span style=\"color: #e4002b;\">clientes <\/span>de Coges<\/h1>\n                    <div data-aos=\"fade-right\" data-aos-delay=\"200\" data-aos-duration=\"300\" data-aos-offset=\"200\">\n                        <p>Acceda a las herramientas y el soporte que necesita para mantener su negocio funcionando sin problemas.<\/p>\n                    <\/div>\n                                    <\/div>\n            <\/div>\n        <\/div>\n    <\/div>\n        <div class=\"background-wrapper \">\n                    <\/div>\n\n<\/section>\n\n<section id=\"cards-block_4cc3b8757a2d3f88d85e3857e9fb0a67\" class=\"block cards\">\n    <div class=\"container\">\n        <div class=\"row\">\n                                                                <div class=\"col-12 col-lg-4 card-column\" data-aos=\"fade-up\" data-aos-delay=\"0\">\n                        <div class=\"card theme-light\"\n                             style=\"background-color: #000000;\">\n                            <h3>\u00c1rea t\u00e9cnica&nbsp;<\/h3>\n                            <p>Inicie sesi\u00f3n en el \u00e1rea t\u00e9cnica de Coges para descargar manuales, actualizaciones de software y documentaci\u00f3n de productos.<\/p>\n                                                            <a href=\"https:\/\/coges.eu\/sat-login\/\" class=\"arrow-link\">\n                                    Log in                                <\/a>\n                                                    <\/div>\n                    <\/div>\n                                    <div class=\"col-12 col-lg-4 card-column\" data-aos=\"fade-up\" data-aos-delay=\"200\">\n                        <div class=\"card theme-dark\"\n                             style=\"background-color: #f2f2f2;\">\n                            <h3> &nbsp;<\/h3>\n                            <p>Solicite sus credenciales de inicio de sesi\u00f3n y uno de nuestros t\u00e9cnicos procesar\u00e1 su solicitud.<\/p>\n                                                            <a href=\"https:\/\/www.coges.eu\/sat-register\/\" class=\"arrow-link\">\n                                    Register                                <\/a>\n                                                    <\/div>\n                    <\/div>\n                                    <div class=\"col-12 col-lg-4 card-column\" data-aos=\"fade-up\" data-aos-delay=\"400\">\n                        <div class=\"card theme-light\"\n                             style=\"background-color: #006937;\">\n                            <h3>Plataforma en la nube&nbsp;<\/h3>\n                            <p>\u00bfUtiliza las soluciones de telemetr\u00eda de Coges? Con\u00e9ctese a la plataforma en la nube para gestionar sus m\u00e1quinas en tiempo real. <\/p>\n                                                            <a href=\"https:\/\/nebularid.b2clogin.com\/nebularid.onmicrosoft.com\/b2c_1a_si_azkoyen_webapi_nebular\/oauth2\/v2.0\/authorize?client_id=f57d1107-eedd-4a68-b69d-bb8fdb7ce806&#038;scope=https%3A%2F%2Fnebularid.onmicrosoft.com%2Ff57d1107-eedd-4a68-b69d-bb8fdb7ce806%2Fread%20openid%20profile%20offline_access&#038;redirect_uri=https%3A%2F%2Fcloud.nebular.online&#038;client-request-id=d2537986-a371-45b5-876c-7cef98188840&#038;response_mode=fragment&#038;response_type=code&#038;x-client-SKU=msal.js.browser&#038;x-client-VER=2.26.0&#038;client_info=1&#038;code_challenge=5MQYl9Uy7ydmB0qugNL-zZJt_oY7-GEjp3CWP1AqsUY&#038;code_challenge_method=S256&#038;nonce=798e3397-714b-42f1-b437-d9c018f90f1e&#038;state=eyJpZCI6IjM5NmNkZWQ2LTFkMTAtNDdhOC05MDMwLWM5MDlkOWY5Mzg0OSIsIm1ldGEiOnsiaW50ZXJhY3Rpb25UeXBlIjoicmVkaXJlY3QifX0%3D\" class=\"arrow-link\">\n                                    Log in                                <\/a>\n                                                    <\/div>\n                    <\/div>\n                                    <\/div>\n    <\/div>\n<\/section>\n<section id=\"call-to-action-block_8dd3cc226b7a9c2b7fb6c633331e97c4\" class=\"block call-to-action\">\n    <div class=\"container\">\n        <div class=\"row\">\n            <div class=\"col-12 col-lg-6 col-title\" data-aos=\"fade-right\">\n                <h2>\u00bfNecesita <span style=\"color: #e4002b;\">ayuda<\/span>? <\/h2>\n            <\/div>\n            <div class=\"col-12 col-lg-6 col-actions\">\n                                                            <div class=\"call-to-action-group\"  data-aos=\"fade-left\" data-aos-delay=\"0\">\n                            <div class=\"inner-content\">\n                                <h3>Contactar con soporte t\u00e9cnico<\/h3>\n                                <p>\u00bfNecesita ayuda? Nuestro equipo est\u00e1 aqu\u00ed para ayudarle.<\/p>\n                                                                    <div>\n                                                                                    <a href=\"tel:+39 0444 1329065\"\n                                               class=\"arrow-link without-arrow\">\n                                                +39 0444 1329065                                            <\/a>\n                                                                                                                            <a href=\"mailto:technical.support@coges.eu\"\n                                               class=\"arrow-link email-link\">\n                                                technical.support@coges.eu                                            <\/a>\n                                                                            <\/div>\n                                                                                            <\/div>\n                        <\/div>\n                                            <div class=\"call-to-action-group\"  data-aos=\"fade-left\" data-aos-delay=\"200\">\n                            <div class=\"inner-content\">\n                                <h3>Horario de trabajo<\/h3>\n                                <p>Lunes a viernes de 8:30 a 17:00 horas<\/p>\n                                                                                            <\/div>\n                        <\/div>\n                                                <\/div>\n        <\/div>\n    <\/div>\n<\/section>\n","protected":false},"excerpt":{"rendered":"","protected":false},"author":1,"featured_media":0,"parent":0,"menu_order":0,"comment_status":"closed","ping_status":"closed","template":"","meta":{"_acf_changed":false,"footnotes":""},"class_list":["post-3924","page","type-page","status-publish","hentry"],"acf":[],"yoast_head":"<!-- This site is optimized with the Yoast SEO plugin v27.4 - https:\/\/yoast.com\/product\/yoast-seo-wordpress\/ -->\n<title>Recursos para clientes de Coges - Coges<\/title>\n<meta name=\"description\" content=\"Acceda a los recursos para clientes de Coges: manuales, software, folletos de productos y soporte t\u00e9cnico para optimizar sus sistemas de pago de vending.\" \/>\n<meta name=\"robots\" content=\"index, follow, max-snippet:-1, max-image-preview:large, max-video-preview:-1\" \/>\n<link rel=\"canonical\" href=\"https:\/\/coges.eu\/es\/recursos-para-clientes-de-coges\/\" \/>\n<meta property=\"og:locale\" content=\"es_ES\" \/>\n<meta property=\"og:type\" content=\"article\" \/>\n<meta property=\"og:title\" content=\"Recursos para clientes de Coges - Coges\" \/>\n<meta property=\"og:description\" content=\"Acceda a los recursos para clientes de Coges: manuales, software, folletos de productos y soporte t\u00e9cnico para optimizar sus sistemas de pago de vending.\" \/>\n<meta property=\"og:url\" content=\"https:\/\/coges.eu\/es\/recursos-para-clientes-de-coges\/\" \/>\n<meta property=\"og:site_name\" content=\"Coges\" \/>\n<meta property=\"article:modified_time\" content=\"2025-08-08T09:42:36+00:00\" \/>\n<meta name=\"twitter:card\" content=\"summary_large_image\" \/>\n<script type=\"application\/ld+json\" class=\"yoast-schema-graph\">{\"@context\":\"https:\\\/\\\/schema.org\",\"@graph\":[{\"@type\":\"WebPage\",\"@id\":\"https:\\\/\\\/coges.eu\\\/es\\\/recursos-para-clientes-de-coges\\\/\",\"url\":\"https:\\\/\\\/coges.eu\\\/es\\\/recursos-para-clientes-de-coges\\\/\",\"name\":\"Recursos para clientes de Coges - Coges\",\"isPartOf\":{\"@id\":\"https:\\\/\\\/coges.eu\\\/es\\\/#website\"},\"datePublished\":\"2025-05-08T08:14:29+00:00\",\"dateModified\":\"2025-08-08T09:42:36+00:00\",\"description\":\"Acceda a los recursos para clientes de Coges: manuales, software, folletos de productos y soporte t\u00e9cnico para optimizar sus sistemas de pago de vending.\",\"breadcrumb\":{\"@id\":\"https:\\\/\\\/coges.eu\\\/es\\\/recursos-para-clientes-de-coges\\\/#breadcrumb\"},\"inLanguage\":\"es\",\"potentialAction\":[{\"@type\":\"ReadAction\",\"target\":[\"https:\\\/\\\/coges.eu\\\/es\\\/recursos-para-clientes-de-coges\\\/\"]}]},{\"@type\":\"BreadcrumbList\",\"@id\":\"https:\\\/\\\/coges.eu\\\/es\\\/recursos-para-clientes-de-coges\\\/#breadcrumb\",\"itemListElement\":[{\"@type\":\"ListItem\",\"position\":1,\"name\":\"Home\",\"item\":\"https:\\\/\\\/coges.eu\\\/es\\\/\"},{\"@type\":\"ListItem\",\"position\":2,\"name\":\"Recursos para clientes de Coges\"}]},{\"@type\":\"WebSite\",\"@id\":\"https:\\\/\\\/coges.eu\\\/es\\\/#website\",\"url\":\"https:\\\/\\\/coges.eu\\\/es\\\/\",\"name\":\"Coges\",\"description\":\"Payment systems and telemetry for vending industry\",\"potentialAction\":[{\"@type\":\"SearchAction\",\"target\":{\"@type\":\"EntryPoint\",\"urlTemplate\":\"https:\\\/\\\/coges.eu\\\/es\\\/?s={search_term_string}\"},\"query-input\":{\"@type\":\"PropertyValueSpecification\",\"valueRequired\":true,\"valueName\":\"search_term_string\"}}],\"inLanguage\":\"es\"}]}<\/script>\n<!-- \/ Yoast SEO plugin. -->","yoast_head_json":{"title":"Recursos para clientes de Coges - Coges","description":"Acceda a los recursos para clientes de Coges: manuales, software, folletos de productos y soporte t\u00e9cnico para optimizar sus sistemas de pago de vending.","robots":{"index":"index","follow":"follow","max-snippet":"max-snippet:-1","max-image-preview":"max-image-preview:large","max-video-preview":"max-video-preview:-1"},"canonical":"https:\/\/coges.eu\/es\/recursos-para-clientes-de-coges\/","og_locale":"es_ES","og_type":"article","og_title":"Recursos para clientes de Coges - Coges","og_description":"Acceda a los recursos para clientes de Coges: manuales, software, folletos de productos y soporte t\u00e9cnico para optimizar sus sistemas de pago de vending.","og_url":"https:\/\/coges.eu\/es\/recursos-para-clientes-de-coges\/","og_site_name":"Coges","article_modified_time":"2025-08-08T09:42:36+00:00","twitter_card":"summary_large_image","schema":{"@context":"https:\/\/schema.org","@graph":[{"@type":"WebPage","@id":"https:\/\/coges.eu\/es\/recursos-para-clientes-de-coges\/","url":"https:\/\/coges.eu\/es\/recursos-para-clientes-de-coges\/","name":"Recursos para clientes de Coges - Coges","isPartOf":{"@id":"https:\/\/coges.eu\/es\/#website"},"datePublished":"2025-05-08T08:14:29+00:00","dateModified":"2025-08-08T09:42:36+00:00","description":"Acceda a los recursos para clientes de Coges: manuales, software, folletos de productos y soporte t\u00e9cnico para optimizar sus sistemas de pago de vending.","breadcrumb":{"@id":"https:\/\/coges.eu\/es\/recursos-para-clientes-de-coges\/#breadcrumb"},"inLanguage":"es","potentialAction":[{"@type":"ReadAction","target":["https:\/\/coges.eu\/es\/recursos-para-clientes-de-coges\/"]}]},{"@type":"BreadcrumbList","@id":"https:\/\/coges.eu\/es\/recursos-para-clientes-de-coges\/#breadcrumb","itemListElement":[{"@type":"ListItem","position":1,"name":"Home","item":"https:\/\/coges.eu\/es\/"},{"@type":"ListItem","position":2,"name":"Recursos para clientes de Coges"}]},{"@type":"WebSite","@id":"https:\/\/coges.eu\/es\/#website","url":"https:\/\/coges.eu\/es\/","name":"Coges","description":"Payment systems and telemetry for vending industry","potentialAction":[{"@type":"SearchAction","target":{"@type":"EntryPoint","urlTemplate":"https:\/\/coges.eu\/es\/?s={search_term_string}"},"query-input":{"@type":"PropertyValueSpecification","valueRequired":true,"valueName":"search_term_string"}}],"inLanguage":"es"}]}},"_links":{"self":[{"href":"https:\/\/coges.eu\/es\/wp-json\/wp\/v2\/pages\/3924","targetHints":{"allow":["GET"]}}],"collection":[{"href":"https:\/\/coges.eu\/es\/wp-json\/wp\/v2\/pages"}],"about":[{"href":"https:\/\/coges.eu\/es\/wp-json\/wp\/v2\/types\/page"}],"author":[{"embeddable":true,"href":"https:\/\/coges.eu\/es\/wp-json\/wp\/v2\/users\/1"}],"replies":[{"embeddable":true,"href":"https:\/\/coges.eu\/es\/wp-json\/wp\/v2\/comments?post=3924"}],"version-history":[{"count":2,"href":"https:\/\/coges.eu\/es\/wp-json\/wp\/v2\/pages\/3924\/revisions"}],"predecessor-version":[{"id":4114,"href":"https:\/\/coges.eu\/es\/wp-json\/wp\/v2\/pages\/3924\/revisions\/4114"}],"wp:attachment":[{"href":"https:\/\/coges.eu\/es\/wp-json\/wp\/v2\/media?parent=3924"}],"curies":[{"name":"wp","href":"https:\/\/api.w.org\/{rel}","templated":true}]}}