{"id":4271,"date":"2025-05-08T14:52:54","date_gmt":"2025-05-08T11:52:54","guid":{"rendered":"https:\/\/coges.eu\/sat-register\/"},"modified":"2025-09-02T12:35:47","modified_gmt":"2025-09-02T09:35:47","slug":"sat-register","status":"publish","type":"page","link":"https:\/\/coges.eu\/es\/sat-register\/","title":{"rendered":"SAT Register"},"content":{"rendered":"<section id=\"register-form-block_9d1d0d1f85583ee754067e579940a416\" class=\"block register-form\">\n    <div class=\"container\">\n        <div class=\"row\">\n            <div class=\"col-12\">\n                <div class=\"intro-wrapper\">\n                                            <h2 data-aos=\"fade-right\">Bienvenido a la <span style=\"color: #e4002b;\">web t\u00e9cnica<\/span><\/h2>\n                                        <div data-aos=\"fade-right\" data-aos-delay=\"200\">\n                        <p>Acceda a informaci\u00f3n sobre nuestros productos y servicios. Solicite sus credenciales de inicio de sesi\u00f3n y uno de nuestros t\u00e9cnicos procesar\u00e1 su solicitud.<\/p>\n                    <\/div>\n                <\/div>\n            <\/div>\n        <\/div>\n        <div class=\"row\">\n            <div class=\"col-12 col-form\">\n                <div class=\"form-wrapper\" data-aos=\"fade-in\" data-aos-delay=\"200\">\n                                            <iframe loading=\"lazy\" src=\"https:\/\/analytics-eu.clickdimensions.com\/azkoyencom-a89hm\/pages\/j6jlksvjefcmtnweunbblw.html?PageId=29e5a88fe32bf0118c4e7c1e5276db97\" class=\"register-form-iframe\"\n                                allowtransparency=\"true\" width=\"100%\" height=\"1000\" type=\"text\/html\" frameborder=\"0\" style=\"border:0\"><\/iframe>\n                                    <\/div>\n            <\/div>\n        <\/div>\n    <\/div>\n<\/section>\n","protected":false},"excerpt":{"rendered":"","protected":false},"author":1,"featured_media":0,"parent":0,"menu_order":0,"comment_status":"closed","ping_status":"closed","template":"","meta":{"_acf_changed":false,"footnotes":""},"class_list":["post-4271","page","type-page","status-publish","hentry"],"acf":[],"yoast_head":"<!-- This site is optimized with the Yoast SEO plugin v27.4 - https:\/\/yoast.com\/product\/yoast-seo-wordpress\/ -->\n<title>SAT Register - Coges<\/title>\n<meta name=\"robots\" content=\"index, follow, max-snippet:-1, max-image-preview:large, max-video-preview:-1\" \/>\n<link rel=\"canonical\" href=\"https:\/\/coges.eu\/es\/sat-register\/\" \/>\n<meta property=\"og:locale\" content=\"es_ES\" \/>\n<meta property=\"og:type\" content=\"article\" \/>\n<meta property=\"og:title\" content=\"SAT Register - Coges\" \/>\n<meta property=\"og:url\" content=\"https:\/\/coges.eu\/es\/sat-register\/\" \/>\n<meta property=\"og:site_name\" content=\"Coges\" \/>\n<meta property=\"article:modified_time\" content=\"2025-09-02T09:35:47+00:00\" \/>\n<meta name=\"twitter:card\" content=\"summary_large_image\" \/>\n<script type=\"application\/ld+json\" class=\"yoast-schema-graph\">{\"@context\":\"https:\\\/\\\/schema.org\",\"@graph\":[{\"@type\":\"WebPage\",\"@id\":\"https:\\\/\\\/coges.eu\\\/es\\\/sat-register\\\/\",\"url\":\"https:\\\/\\\/coges.eu\\\/es\\\/sat-register\\\/\",\"name\":\"SAT Register - Coges\",\"isPartOf\":{\"@id\":\"https:\\\/\\\/coges.eu\\\/es\\\/#website\"},\"datePublished\":\"2025-05-08T11:52:54+00:00\",\"dateModified\":\"2025-09-02T09:35:47+00:00\",\"breadcrumb\":{\"@id\":\"https:\\\/\\\/coges.eu\\\/es\\\/sat-register\\\/#breadcrumb\"},\"inLanguage\":\"es\",\"potentialAction\":[{\"@type\":\"ReadAction\",\"target\":[\"https:\\\/\\\/coges.eu\\\/es\\\/sat-register\\\/\"]}]},{\"@type\":\"BreadcrumbList\",\"@id\":\"https:\\\/\\\/coges.eu\\\/es\\\/sat-register\\\/#breadcrumb\",\"itemListElement\":[{\"@type\":\"ListItem\",\"position\":1,\"name\":\"Home\",\"item\":\"https:\\\/\\\/coges.eu\\\/es\\\/\"},{\"@type\":\"ListItem\",\"position\":2,\"name\":\"SAT Register\"}]},{\"@type\":\"WebSite\",\"@id\":\"https:\\\/\\\/coges.eu\\\/es\\\/#website\",\"url\":\"https:\\\/\\\/coges.eu\\\/es\\\/\",\"name\":\"Coges\",\"description\":\"Payment systems and telemetry for vending industry\",\"potentialAction\":[{\"@type\":\"SearchAction\",\"target\":{\"@type\":\"EntryPoint\",\"urlTemplate\":\"https:\\\/\\\/coges.eu\\\/es\\\/?s={search_term_string}\"},\"query-input\":{\"@type\":\"PropertyValueSpecification\",\"valueRequired\":true,\"valueName\":\"search_term_string\"}}],\"inLanguage\":\"es\"}]}<\/script>\n<!-- \/ Yoast SEO plugin. -->","yoast_head_json":{"title":"SAT Register - Coges","robots":{"index":"index","follow":"follow","max-snippet":"max-snippet:-1","max-image-preview":"max-image-preview:large","max-video-preview":"max-video-preview:-1"},"canonical":"https:\/\/coges.eu\/es\/sat-register\/","og_locale":"es_ES","og_type":"article","og_title":"SAT Register - Coges","og_url":"https:\/\/coges.eu\/es\/sat-register\/","og_site_name":"Coges","article_modified_time":"2025-09-02T09:35:47+00:00","twitter_card":"summary_large_image","schema":{"@context":"https:\/\/schema.org","@graph":[{"@type":"WebPage","@id":"https:\/\/coges.eu\/es\/sat-register\/","url":"https:\/\/coges.eu\/es\/sat-register\/","name":"SAT Register - Coges","isPartOf":{"@id":"https:\/\/coges.eu\/es\/#website"},"datePublished":"2025-05-08T11:52:54+00:00","dateModified":"2025-09-02T09:35:47+00:00","breadcrumb":{"@id":"https:\/\/coges.eu\/es\/sat-register\/#breadcrumb"},"inLanguage":"es","potentialAction":[{"@type":"ReadAction","target":["https:\/\/coges.eu\/es\/sat-register\/"]}]},{"@type":"BreadcrumbList","@id":"https:\/\/coges.eu\/es\/sat-register\/#breadcrumb","itemListElement":[{"@type":"ListItem","position":1,"name":"Home","item":"https:\/\/coges.eu\/es\/"},{"@type":"ListItem","position":2,"name":"SAT Register"}]},{"@type":"WebSite","@id":"https:\/\/coges.eu\/es\/#website","url":"https:\/\/coges.eu\/es\/","name":"Coges","description":"Payment systems and telemetry for vending industry","potentialAction":[{"@type":"SearchAction","target":{"@type":"EntryPoint","urlTemplate":"https:\/\/coges.eu\/es\/?s={search_term_string}"},"query-input":{"@type":"PropertyValueSpecification","valueRequired":true,"valueName":"search_term_string"}}],"inLanguage":"es"}]}},"_links":{"self":[{"href":"https:\/\/coges.eu\/es\/wp-json\/wp\/v2\/pages\/4271","targetHints":{"allow":["GET"]}}],"collection":[{"href":"https:\/\/coges.eu\/es\/wp-json\/wp\/v2\/pages"}],"about":[{"href":"https:\/\/coges.eu\/es\/wp-json\/wp\/v2\/types\/page"}],"author":[{"embeddable":true,"href":"https:\/\/coges.eu\/es\/wp-json\/wp\/v2\/users\/1"}],"replies":[{"embeddable":true,"href":"https:\/\/coges.eu\/es\/wp-json\/wp\/v2\/comments?post=4271"}],"version-history":[{"count":1,"href":"https:\/\/coges.eu\/es\/wp-json\/wp\/v2\/pages\/4271\/revisions"}],"predecessor-version":[{"id":4272,"href":"https:\/\/coges.eu\/es\/wp-json\/wp\/v2\/pages\/4271\/revisions\/4272"}],"wp:attachment":[{"href":"https:\/\/coges.eu\/es\/wp-json\/wp\/v2\/media?parent=4271"}],"curies":[{"name":"wp","href":"https:\/\/api.w.org\/{rel}","templated":true}]}}