{"id":4642,"date":"2025-04-28T22:59:06","date_gmt":"2025-04-28T19:59:06","guid":{"rendered":"https:\/\/coges.eu\/certificaciones\/"},"modified":"2025-09-29T10:42:04","modified_gmt":"2025-09-29T07:42:04","slug":"certificaciones","status":"publish","type":"page","link":"https:\/\/coges.eu\/es\/certificaciones\/","title":{"rendered":"Certificaci\u00f3nes"},"content":{"rendered":"<section id=\"page-hero-block_e7bf2079e6bd86b017cfb6feac36f84d\" class=\"block page-hero text-dark small-hero\">\n    <div class=\"container\">\n        <div class=\"row\">\n            <div class=\"col-12\">\n                <div class=\"content-wrapper\">\n                    <h1 data-aos=\"fade-right\" data-aos-delay=\"0\" data-aos-duration=\"300\" data-aos-offset=\"0\">Certificaci\u00f3nes<\/h1>\n                    <div data-aos=\"fade-right\" data-aos-delay=\"200\" data-aos-duration=\"300\" data-aos-offset=\"200\">\n                                            <\/div>\n                                    <\/div>\n            <\/div>\n        <\/div>\n    <\/div>\n        <div class=\"background-wrapper \">\n                    <\/div>\n\n<\/section>\n<section id=\"anchor-content-block_45e9adbd7a2a34a13843c7d19da0d00e\" class=\"block anchor-content\">\n    <div class=\"container\">\n        <div class=\"row\">\n            <div class=\"col-12 col-lg col-sidebar\" data-aos=\"fade-right\">\n                <div class=\"sidebar-content\">\n                    <h3>LISTA DE CONTENIDO<\/h3>\n                    <ul>\n                                                                                <li>\n                                <a href=\"#calidad-0\"\n                                   data-scroll-target=\"#calidad-0\"\n                                   data-has-header-offset>CALIDAD<\/a>\n                            <\/li>\n                                                                                <li>\n                                <a href=\"#seguridad-1\"\n                                   data-scroll-target=\"#seguridad-1\"\n                                   data-has-header-offset>SEGURIDAD<\/a>\n                            <\/li>\n                                                                                <li>\n                                <a href=\"#medioambiente-2\"\n                                   data-scroll-target=\"#medioambiente-2\"\n                                   data-has-header-offset>MEDIOAMBIENTE<\/a>\n                            <\/li>\n                                            <\/ul>\n                <\/div>\n            <\/div>\n            <div class=\"col-12 col-lg col-content\" data-aos=\"fade-left\">\n                                    <div class=\"row mb-3 mb-lg-5\">\n                        <div class=\"col-12\">\n                                                            <h3 id=\"calidad-0\">CALIDAD<\/h3>\n                                                        <p>Desde 1999 COGES ha obtenido la certificaci\u00f3n de su sistema de calidad seg\u00fan la norma UNI EN ISO 9001, con renovaci\u00f3n a la versi\u00f3n 2015 en marzo 2018. Las actividades de la empresa se llevan a cabo seg\u00fan los principios del Quality System Management: <\/p>\n<ul>\n<li>planificaci\u00f3n<\/li>\n<li>control<\/li>\n<li>medici\u00f3n<\/li>\n<li>mejoramiento<\/li>\n<\/ul>\n<p>con el fin de entender y satisfacer las demandas presentes y futuras de los clientes.<\/p>\n<p>Estos objetivos se pueden lograr solamente a trav\u00e9s de una organizaci\u00f3n orientada al cliente, constituida por personas cuya involucraci\u00f3n es incentivada por l\u00edderes que utilizan un m\u00e9todo sist\u00e9mico y toman decisiones en base a los hechos.<\/p>\n<p>El Quality System Management es para COGES el elemento de fuerza en un mercado en continua evoluci\u00f3n, como el del Vending.<\/p>\n<p>\u00a1Para nosotros el cliente es el \u00e1rbitro \u00faltimo de la calidad del producto\/servicio que ofrecemos!<\/p>\n<p><a href=\"https:\/\/coges.eu\/wp-content\/uploads\/2025\/09\/COGES_ISO_9001_2021_EN.jpg\">Hacer clic aqu\u00ed para ver el certificado.<\/a> P\u00f3ngase en contacto con nosotros para recibir una copia de la pol\u00edtica integrada de calidad, seguridad y medio ambiente de Coges.<\/p>\n                        <\/div>\n                    <\/div>\n                                    <div class=\"row mb-3 mb-lg-5\">\n                        <div class=\"col-12\">\n                                                            <h3 id=\"seguridad-1\">SEGURIDAD<\/h3>\n                                                        <p>Desde 2021 COGES ha obtenido la certificaci\u00f3n de su sistema de seguridad seg\u00fan la norma ISO 45001 \u00abSistemas de gesti\u00f3n para la seguridad y salud en el trabajo &#8211; Requisitos y gu\u00eda de uso\u00bb que sustituye y mejora la anterior OHSAS 18001. El sistema de gesti\u00f3n de la salud y de la seguridad en el lugar de trabajo se ha integrado con el sistema de calidad, con el fin de optimizar sus prestaciones. Los objetivos del Safety Management son:  <\/p>\n<ul>\n<li>prevenir los accidentes y reducir los costes<\/li>\n<li>controlar y mejorar las prestaciones de seguridad de la empresa<\/li>\n<li>asegurar la conformidad legislativa<\/li>\n<li>garantizar la seguridad de los que trabajan en la organizaci\u00f3n y de todos los que est\u00e9n involucrados en su actividad.<\/li>\n<\/ul>\n<p>Es nuestro convencimiento que la Salud y la Seguridad se deban administrar con sistemas espec\u00edficos de mejoramiento en el \u00e1mbito de las actividades y operaciones diarias.<\/p>\n<p>Excelencia y sustentabilidad, consideradas como capacidad de conjugar negocios y expectativas de las partes interesadas, est\u00e1n a la base de la competitividad, que est\u00e1 relacionada con la capacidad de administrar variables fuertemente relacionadas entre ellas (\u00a1como calidad y seguridad!).<\/p>\n<p><a href=\"https:\/\/coges.eu\/wp-content\/uploads\/2025\/09\/ISO45001-EN_2024.pdf\">Hacer clic aqu\u00ed para ver el certificado.<\/a> P\u00f3ngase en contacto con nosotros para recibir una copia de la pol\u00edtica integrada de calidad, seguridad y medio ambiente de Coges.<\/p>\n                        <\/div>\n                    <\/div>\n                                    <div class=\"row mb-3 mb-lg-5\">\n                        <div class=\"col-12\">\n                                                            <h3 id=\"medioambiente-2\">MEDIOAMBIENTE<\/h3>\n                                                        <p>Desde el a\u00f1o 2007 Coges ha obtenido la certificaci\u00f3n de su sistema medioambiental seg\u00fan la norma UNI EN ISO 14001. El sistema de gesti\u00f3n medioambiental se integra al sistema de calidad y seguridad ya presente. <\/p>\n<p>El objetivo del sistema de gesti\u00f3n medioambiental es identificar los aspectos medioambientales principales, mantenerlos bajo control y coordinar todas las actividades con el fin de reducir los impactos sobre el medioambiente.<\/p>\n<p>Los problemas medioambientales se convierten de esta forma en una parte integrante de nuestra gesti\u00f3n empresarial: se definen los objetivos de mejoramiento, cuyo logro se mantiene bajo control, tanto internamente, como a trav\u00e9s del ente de certificaci\u00f3n.<\/p>\n<p>Coges desde hace siempre tiene el objetivo de desarrollar productos tecnol\u00f3gicamente avanzados, seguros, simples de utilizar y que respeten el medioambiente.<\/p>\n<p>La sensibilidad para este tema ha aumentado con el pasar del tiempo y nuestro compromiso tiende al mejoramiento continuo, tambi\u00e9n hacia el medioambiente en que vivimos.<\/p>\n<p><a href=\"https:\/\/coges.eu\/wp-content\/uploads\/2025\/09\/174530197_IT_01_EN-1.jpg\">Hacer clic aqu\u00ed para ver el certificado<\/a><\/p>\n<p>P\u00f3ngase en contacto con nosotros para recibir una copia de la pol\u00edtica integrada de calidad, seguridad y medio ambiente de Coges.<\/p>\n                        <\/div>\n                    <\/div>\n                            <\/div>\n        <\/div>\n    <\/div>\n<\/section>\n","protected":false},"excerpt":{"rendered":"","protected":false},"author":1,"featured_media":0,"parent":0,"menu_order":0,"comment_status":"closed","ping_status":"closed","template":"","meta":{"_acf_changed":false,"footnotes":""},"class_list":["post-4642","page","type-page","status-publish","hentry"],"acf":[],"yoast_head":"<!-- This site is optimized with the Yoast SEO plugin v27.4 - https:\/\/yoast.com\/product\/yoast-seo-wordpress\/ -->\n<title>Certificaci\u00f3nes - Coges<\/title>\n<meta name=\"description\" content=\"Certificaciones de Calidad, Seguridad y Compromiso Ambiental de Coges\" \/>\n<meta name=\"robots\" content=\"index, follow, max-snippet:-1, max-image-preview:large, max-video-preview:-1\" \/>\n<link rel=\"canonical\" href=\"https:\/\/coges.eu\/es\/certificaciones\/\" \/>\n<meta property=\"og:locale\" content=\"es_ES\" \/>\n<meta property=\"og:type\" content=\"article\" \/>\n<meta property=\"og:title\" content=\"Certificaci\u00f3nes - Coges\" \/>\n<meta property=\"og:description\" content=\"Certificaciones de Calidad, Seguridad y Compromiso Ambiental de Coges\" \/>\n<meta property=\"og:url\" content=\"https:\/\/coges.eu\/es\/certificaciones\/\" \/>\n<meta property=\"og:site_name\" content=\"Coges\" \/>\n<meta property=\"article:modified_time\" content=\"2025-09-29T07:42:04+00:00\" \/>\n<meta name=\"twitter:card\" content=\"summary_large_image\" \/>\n<script type=\"application\/ld+json\" class=\"yoast-schema-graph\">{\"@context\":\"https:\\\/\\\/schema.org\",\"@graph\":[{\"@type\":\"WebPage\",\"@id\":\"https:\\\/\\\/coges.eu\\\/es\\\/certificaciones\\\/\",\"url\":\"https:\\\/\\\/coges.eu\\\/es\\\/certificaciones\\\/\",\"name\":\"Certificaci\u00f3nes - Coges\",\"isPartOf\":{\"@id\":\"https:\\\/\\\/coges.eu\\\/es\\\/#website\"},\"datePublished\":\"2025-04-28T19:59:06+00:00\",\"dateModified\":\"2025-09-29T07:42:04+00:00\",\"description\":\"Certificaciones de Calidad, Seguridad y Compromiso Ambiental de Coges\",\"breadcrumb\":{\"@id\":\"https:\\\/\\\/coges.eu\\\/es\\\/certificaciones\\\/#breadcrumb\"},\"inLanguage\":\"es\",\"potentialAction\":[{\"@type\":\"ReadAction\",\"target\":[\"https:\\\/\\\/coges.eu\\\/es\\\/certificaciones\\\/\"]}]},{\"@type\":\"BreadcrumbList\",\"@id\":\"https:\\\/\\\/coges.eu\\\/es\\\/certificaciones\\\/#breadcrumb\",\"itemListElement\":[{\"@type\":\"ListItem\",\"position\":1,\"name\":\"Home\",\"item\":\"https:\\\/\\\/coges.eu\\\/es\\\/\"},{\"@type\":\"ListItem\",\"position\":2,\"name\":\"Certificaci\u00f3nes\"}]},{\"@type\":\"WebSite\",\"@id\":\"https:\\\/\\\/coges.eu\\\/es\\\/#website\",\"url\":\"https:\\\/\\\/coges.eu\\\/es\\\/\",\"name\":\"Coges\",\"description\":\"Payment systems and telemetry for vending industry\",\"potentialAction\":[{\"@type\":\"SearchAction\",\"target\":{\"@type\":\"EntryPoint\",\"urlTemplate\":\"https:\\\/\\\/coges.eu\\\/es\\\/?s={search_term_string}\"},\"query-input\":{\"@type\":\"PropertyValueSpecification\",\"valueRequired\":true,\"valueName\":\"search_term_string\"}}],\"inLanguage\":\"es\"}]}<\/script>\n<!-- \/ Yoast SEO plugin. -->","yoast_head_json":{"title":"Certificaci\u00f3nes - Coges","description":"Certificaciones de Calidad, Seguridad y Compromiso Ambiental de Coges","robots":{"index":"index","follow":"follow","max-snippet":"max-snippet:-1","max-image-preview":"max-image-preview:large","max-video-preview":"max-video-preview:-1"},"canonical":"https:\/\/coges.eu\/es\/certificaciones\/","og_locale":"es_ES","og_type":"article","og_title":"Certificaci\u00f3nes - Coges","og_description":"Certificaciones de Calidad, Seguridad y Compromiso Ambiental de Coges","og_url":"https:\/\/coges.eu\/es\/certificaciones\/","og_site_name":"Coges","article_modified_time":"2025-09-29T07:42:04+00:00","twitter_card":"summary_large_image","schema":{"@context":"https:\/\/schema.org","@graph":[{"@type":"WebPage","@id":"https:\/\/coges.eu\/es\/certificaciones\/","url":"https:\/\/coges.eu\/es\/certificaciones\/","name":"Certificaci\u00f3nes - Coges","isPartOf":{"@id":"https:\/\/coges.eu\/es\/#website"},"datePublished":"2025-04-28T19:59:06+00:00","dateModified":"2025-09-29T07:42:04+00:00","description":"Certificaciones de Calidad, Seguridad y Compromiso Ambiental de Coges","breadcrumb":{"@id":"https:\/\/coges.eu\/es\/certificaciones\/#breadcrumb"},"inLanguage":"es","potentialAction":[{"@type":"ReadAction","target":["https:\/\/coges.eu\/es\/certificaciones\/"]}]},{"@type":"BreadcrumbList","@id":"https:\/\/coges.eu\/es\/certificaciones\/#breadcrumb","itemListElement":[{"@type":"ListItem","position":1,"name":"Home","item":"https:\/\/coges.eu\/es\/"},{"@type":"ListItem","position":2,"name":"Certificaci\u00f3nes"}]},{"@type":"WebSite","@id":"https:\/\/coges.eu\/es\/#website","url":"https:\/\/coges.eu\/es\/","name":"Coges","description":"Payment systems and telemetry for vending industry","potentialAction":[{"@type":"SearchAction","target":{"@type":"EntryPoint","urlTemplate":"https:\/\/coges.eu\/es\/?s={search_term_string}"},"query-input":{"@type":"PropertyValueSpecification","valueRequired":true,"valueName":"search_term_string"}}],"inLanguage":"es"}]}},"_links":{"self":[{"href":"https:\/\/coges.eu\/es\/wp-json\/wp\/v2\/pages\/4642","targetHints":{"allow":["GET"]}}],"collection":[{"href":"https:\/\/coges.eu\/es\/wp-json\/wp\/v2\/pages"}],"about":[{"href":"https:\/\/coges.eu\/es\/wp-json\/wp\/v2\/types\/page"}],"author":[{"embeddable":true,"href":"https:\/\/coges.eu\/es\/wp-json\/wp\/v2\/users\/1"}],"replies":[{"embeddable":true,"href":"https:\/\/coges.eu\/es\/wp-json\/wp\/v2\/comments?post=4642"}],"version-history":[{"count":1,"href":"https:\/\/coges.eu\/es\/wp-json\/wp\/v2\/pages\/4642\/revisions"}],"predecessor-version":[{"id":4643,"href":"https:\/\/coges.eu\/es\/wp-json\/wp\/v2\/pages\/4642\/revisions\/4643"}],"wp:attachment":[{"href":"https:\/\/coges.eu\/es\/wp-json\/wp\/v2\/media?parent=4642"}],"curies":[{"name":"wp","href":"https:\/\/api.w.org\/{rel}","templated":true}]}}