{"id":5685,"date":"2025-10-31T15:59:28","date_gmt":"2025-10-31T13:59:28","guid":{"rendered":"https:\/\/coges.eu\/newsletter\/"},"modified":"2025-11-11T14:13:42","modified_gmt":"2025-11-11T12:13:42","slug":"newsletter","status":"publish","type":"page","link":"https:\/\/coges.eu\/es\/newsletter\/","title":{"rendered":"Newsletter"},"content":{"rendered":"<section id=\"page-hero-block_3a68fac34c2f1957ed3ccbe0f7a507fb\" class=\"block page-hero text-dark small-hero\">\n    <div class=\"container\">\n        <div class=\"row\">\n            <div class=\"col-12\">\n                <div class=\"content-wrapper\">\n                    <h1 data-aos=\"fade-right\" data-aos-delay=\"0\" data-aos-duration=\"300\" data-aos-offset=\"0\"><span style=\"color: #e4002b;\">Connected by <\/span><span style=\"color: #000000;\">Coges &amp; Vendon newsletter<\/span><\/h1>\n                    <div data-aos=\"fade-right\" data-aos-delay=\"200\" data-aos-duration=\"300\" data-aos-offset=\"200\">\n                        <p>Suscr\u00edbase a nuestro bolet\u00edn: informaci\u00f3n mensual que no encontrar\u00e1 en ning\u00fan otro sitio. Creado para la comunidad de gestores de m\u00e1quinas expendedoras y cafeteras. <\/p>\n                    <\/div>\n                                    <\/div>\n            <\/div>\n        <\/div>\n    <\/div>\n        <div class=\"background-wrapper \">\n                    <\/div>\n\n<\/section>\n<section id=\"newsletter-signup-block_704fd2b4e557c95bc7b0d5a4411a89d5\" class=\"block newsletter-signup\">\n    <div id=\"newsletter-signup\">\n        <div class=\"container\">\n            <div class=\"row\">\n                <div class=\"col-12 col-lg-5\">\n                    <h3>Suscr\u00edbete a nuestro bolet\u00edn<\/h3>\n                    <p class=\"disclaimer\">Los datos personales que nos facilite mediante el presente formulario ser\u00e1n tratados por COGES con la finalidad de suscribirle al bolet\u00edn (en base al art. 6.1 a) RGPD). Para ejercer sus derechos en materia de protecci\u00f3n de datos comun\u00edquese v\u00eda responsabilesicurezza@coges.eu. Dispone de informaci\u00f3n adicional en nuestra Pol\u00edtica de Privacidad.<\/p>\n                <\/div>\n                <div class=\"col-12 col-lg-4\">\n                                            <iframe loading=\"lazy\" src=\"https:\/\/analytics-eu.clickdimensions.com\/azkoyencom-a89hm\/pages\/kluo9cvnefcmtwbfvd2niw.html?PageId=f4a85b2ae72bf0118c4d6045bddda78b\" class=\"newsletter-signup-iframe\" allowtransparency=\"true\"\n                                width=\"100%\" height=\"125\" type=\"text\/html\" frameborder=\"0\" style=\"border:0\"><\/iframe>\n                                        <p class=\"disclaimer\">Los datos personales que nos facilite mediante el presente formulario ser\u00e1n tratados por COGES con la finalidad de suscribirle al bolet\u00edn (en base al art. 6.1 a) RGPD). Para ejercer sus derechos en materia de protecci\u00f3n de datos comun\u00edquese v\u00eda responsabilesicurezza@coges.eu. Dispone de informaci\u00f3n adicional en nuestra Pol\u00edtica de Privacidad.<\/p>\n                <\/div>\n            <\/div>\n        <\/div>\n    <\/div>\n<\/section>","protected":false},"excerpt":{"rendered":"","protected":false},"author":4,"featured_media":0,"parent":0,"menu_order":0,"comment_status":"closed","ping_status":"closed","template":"","meta":{"_acf_changed":false,"footnotes":""},"class_list":["post-5685","page","type-page","status-publish","hentry"],"acf":[],"yoast_head":"<!-- This site is optimized with the Yoast SEO plugin v27.5 - https:\/\/yoast.com\/product\/yoast-seo-wordpress\/ -->\n<title>Newsletter - Coges<\/title>\n<meta name=\"description\" content=\"Suscr\u00edbase a nuestro bolet\u00edn: informaci\u00f3n mensual que no encontrar\u00e1 en ning\u00fan otro sitio. Creado para la comunidad de gestores de m\u00e1quinas expendedoras y cafeteras.\" \/>\n<meta name=\"robots\" content=\"index, follow, max-snippet:-1, max-image-preview:large, max-video-preview:-1\" \/>\n<link rel=\"canonical\" href=\"https:\/\/coges.eu\/es\/newsletter\/\" \/>\n<meta property=\"og:locale\" content=\"es_ES\" \/>\n<meta property=\"og:type\" content=\"article\" \/>\n<meta property=\"og:title\" content=\"Newsletter - Coges\" \/>\n<meta property=\"og:description\" content=\"Suscr\u00edbase a nuestro bolet\u00edn: informaci\u00f3n mensual que no encontrar\u00e1 en ning\u00fan otro sitio. Creado para la comunidad de gestores de m\u00e1quinas expendedoras y cafeteras.\" \/>\n<meta property=\"og:url\" content=\"https:\/\/coges.eu\/es\/newsletter\/\" \/>\n<meta property=\"og:site_name\" content=\"Coges\" \/>\n<meta property=\"article:modified_time\" content=\"2025-11-11T12:13:42+00:00\" \/>\n<meta name=\"twitter:card\" content=\"summary_large_image\" \/>\n<script type=\"application\/ld+json\" class=\"yoast-schema-graph\">{\"@context\":\"https:\\\/\\\/schema.org\",\"@graph\":[{\"@type\":\"WebPage\",\"@id\":\"https:\\\/\\\/coges.eu\\\/es\\\/newsletter\\\/\",\"url\":\"https:\\\/\\\/coges.eu\\\/es\\\/newsletter\\\/\",\"name\":\"Newsletter - Coges\",\"isPartOf\":{\"@id\":\"https:\\\/\\\/coges.eu\\\/es\\\/#website\"},\"datePublished\":\"2025-10-31T13:59:28+00:00\",\"dateModified\":\"2025-11-11T12:13:42+00:00\",\"description\":\"Suscr\u00edbase a nuestro bolet\u00edn: informaci\u00f3n mensual que no encontrar\u00e1 en ning\u00fan otro sitio. Creado para la comunidad de gestores de m\u00e1quinas expendedoras y cafeteras.\",\"breadcrumb\":{\"@id\":\"https:\\\/\\\/coges.eu\\\/es\\\/newsletter\\\/#breadcrumb\"},\"inLanguage\":\"es\",\"potentialAction\":[{\"@type\":\"ReadAction\",\"target\":[\"https:\\\/\\\/coges.eu\\\/es\\\/newsletter\\\/\"]}]},{\"@type\":\"BreadcrumbList\",\"@id\":\"https:\\\/\\\/coges.eu\\\/es\\\/newsletter\\\/#breadcrumb\",\"itemListElement\":[{\"@type\":\"ListItem\",\"position\":1,\"name\":\"Home\",\"item\":\"https:\\\/\\\/coges.eu\\\/es\\\/\"},{\"@type\":\"ListItem\",\"position\":2,\"name\":\"Newsletter\"}]},{\"@type\":\"WebSite\",\"@id\":\"https:\\\/\\\/coges.eu\\\/es\\\/#website\",\"url\":\"https:\\\/\\\/coges.eu\\\/es\\\/\",\"name\":\"Coges\",\"description\":\"Payment systems and telemetry for vending industry\",\"potentialAction\":[{\"@type\":\"SearchAction\",\"target\":{\"@type\":\"EntryPoint\",\"urlTemplate\":\"https:\\\/\\\/coges.eu\\\/es\\\/?s={search_term_string}\"},\"query-input\":{\"@type\":\"PropertyValueSpecification\",\"valueRequired\":true,\"valueName\":\"search_term_string\"}}],\"inLanguage\":\"es\"}]}<\/script>\n<!-- \/ Yoast SEO plugin. -->","yoast_head_json":{"title":"Newsletter - Coges","description":"Suscr\u00edbase a nuestro bolet\u00edn: informaci\u00f3n mensual que no encontrar\u00e1 en ning\u00fan otro sitio. Creado para la comunidad de gestores de m\u00e1quinas expendedoras y cafeteras.","robots":{"index":"index","follow":"follow","max-snippet":"max-snippet:-1","max-image-preview":"max-image-preview:large","max-video-preview":"max-video-preview:-1"},"canonical":"https:\/\/coges.eu\/es\/newsletter\/","og_locale":"es_ES","og_type":"article","og_title":"Newsletter - Coges","og_description":"Suscr\u00edbase a nuestro bolet\u00edn: informaci\u00f3n mensual que no encontrar\u00e1 en ning\u00fan otro sitio. Creado para la comunidad de gestores de m\u00e1quinas expendedoras y cafeteras.","og_url":"https:\/\/coges.eu\/es\/newsletter\/","og_site_name":"Coges","article_modified_time":"2025-11-11T12:13:42+00:00","twitter_card":"summary_large_image","schema":{"@context":"https:\/\/schema.org","@graph":[{"@type":"WebPage","@id":"https:\/\/coges.eu\/es\/newsletter\/","url":"https:\/\/coges.eu\/es\/newsletter\/","name":"Newsletter - Coges","isPartOf":{"@id":"https:\/\/coges.eu\/es\/#website"},"datePublished":"2025-10-31T13:59:28+00:00","dateModified":"2025-11-11T12:13:42+00:00","description":"Suscr\u00edbase a nuestro bolet\u00edn: informaci\u00f3n mensual que no encontrar\u00e1 en ning\u00fan otro sitio. Creado para la comunidad de gestores de m\u00e1quinas expendedoras y cafeteras.","breadcrumb":{"@id":"https:\/\/coges.eu\/es\/newsletter\/#breadcrumb"},"inLanguage":"es","potentialAction":[{"@type":"ReadAction","target":["https:\/\/coges.eu\/es\/newsletter\/"]}]},{"@type":"BreadcrumbList","@id":"https:\/\/coges.eu\/es\/newsletter\/#breadcrumb","itemListElement":[{"@type":"ListItem","position":1,"name":"Home","item":"https:\/\/coges.eu\/es\/"},{"@type":"ListItem","position":2,"name":"Newsletter"}]},{"@type":"WebSite","@id":"https:\/\/coges.eu\/es\/#website","url":"https:\/\/coges.eu\/es\/","name":"Coges","description":"Payment systems and telemetry for vending industry","potentialAction":[{"@type":"SearchAction","target":{"@type":"EntryPoint","urlTemplate":"https:\/\/coges.eu\/es\/?s={search_term_string}"},"query-input":{"@type":"PropertyValueSpecification","valueRequired":true,"valueName":"search_term_string"}}],"inLanguage":"es"}]}},"_links":{"self":[{"href":"https:\/\/coges.eu\/es\/wp-json\/wp\/v2\/pages\/5685","targetHints":{"allow":["GET"]}}],"collection":[{"href":"https:\/\/coges.eu\/es\/wp-json\/wp\/v2\/pages"}],"about":[{"href":"https:\/\/coges.eu\/es\/wp-json\/wp\/v2\/types\/page"}],"author":[{"embeddable":true,"href":"https:\/\/coges.eu\/es\/wp-json\/wp\/v2\/users\/4"}],"replies":[{"embeddable":true,"href":"https:\/\/coges.eu\/es\/wp-json\/wp\/v2\/comments?post=5685"}],"version-history":[{"count":2,"href":"https:\/\/coges.eu\/es\/wp-json\/wp\/v2\/pages\/5685\/revisions"}],"predecessor-version":[{"id":5689,"href":"https:\/\/coges.eu\/es\/wp-json\/wp\/v2\/pages\/5685\/revisions\/5689"}],"wp:attachment":[{"href":"https:\/\/coges.eu\/es\/wp-json\/wp\/v2\/media?parent=5685"}],"curies":[{"name":"wp","href":"https:\/\/api.w.org\/{rel}","templated":true}]}}