{"id":3026,"date":"2025-04-15T11:12:48","date_gmt":"2025-04-15T08:12:48","guid":{"rendered":"https:\/\/coges.eu\/?page_id=3026"},"modified":"2025-06-23T13:08:09","modified_gmt":"2025-06-23T10:08:09","slug":"cookies-policy","status":"publish","type":"page","link":"https:\/\/coges.eu\/fr\/cookies-policy\/","title":{"rendered":"Cookies policy"},"content":{"rendered":"<section id=\"page-hero-block_b183f2d1410ee10631f4fd84e96b784b\" class=\"block page-hero text-dark small-hero\">\n    <div class=\"container\">\n        <div class=\"row\">\n            <div class=\"col-12\">\n                <div class=\"content-wrapper\">\n                    <h1 data-aos=\"fade-right\" data-aos-delay=\"0\" data-aos-duration=\"300\" data-aos-offset=\"0\">Politique de Cookies<\/h1>\n                    <div data-aos=\"fade-right\" data-aos-delay=\"200\" data-aos-duration=\"300\" data-aos-offset=\"200\">\n                                            <\/div>\n                                    <\/div>\n            <\/div>\n        <\/div>\n    <\/div>\n        <div class=\"background-wrapper \">\n                    <\/div>\n\n<\/section>\n\n\n<section id=\"anchor-content-block_2cc108421981018dd00bb7d5d54046c1\" class=\"block anchor-content\">\n    <div class=\"container\">\n        <div class=\"row\">\n            <div class=\"col-12 col-lg col-sidebar\" data-aos=\"fade-right\">\n                <div class=\"sidebar-content\">\n                    <h3>LISTE DU CONTENU<\/h3>\n                    <ul>\n                                                                                <li>\n                                <a href=\"#quest-ce-quun-cookie--0\"\n                                   data-scroll-target=\"#quest-ce-quun-cookie--0\"\n                                   data-has-header-offset>QU\u2019EST-CE QU\u2019UN COOKIE ?<\/a>\n                            <\/li>\n                                                                                <li>\n                                <a href=\"#informations-generales-concernant-lutilisation-des-cookies-exclus-du-consentement-1\"\n                                   data-scroll-target=\"#informations-generales-concernant-lutilisation-des-cookies-exclus-du-consentement-1\"\n                                   data-has-header-offset>INFORMATIONS G\u00c9N\u00c9RALES CONCERNANT L\u2019UTILISATION DES COOKIES EXCLUS DU CONSENTEMENT<\/a>\n                            <\/li>\n                                                                                <li>\n                                <a href=\"#cookies-non-exemptes-de-consentement-2\"\n                                   data-scroll-target=\"#cookies-non-exemptes-de-consentement-2\"\n                                   data-has-header-offset>COOKIES NON EXEMPT\u00c9S DE CONSENTEMENT<\/a>\n                            <\/li>\n                                                                                <li>\n                                <a href=\"#informations-sur-les-transferts-internationaux-de-donnees-3\"\n                                   data-scroll-target=\"#informations-sur-les-transferts-internationaux-de-donnees-3\"\n                                   data-has-header-offset>INFORMATIONS SUR LES TRANSFERTS INTERNATIONAUX DE DONN\u00c9ES<\/a>\n                            <\/li>\n                                                                                <li>\n                                <a href=\"#comment-configurer-vos-preferences-en-matiere-de-cookies--4\"\n                                   data-scroll-target=\"#comment-configurer-vos-preferences-en-matiere-de-cookies--4\"\n                                   data-has-header-offset>COMMENT CONFIGURER VOS PR\u00c9F\u00c9RENCES EN MATI\u00c8RE DE COOKIES ?<\/a>\n                            <\/li>\n                                            <\/ul>\n                <\/div>\n            <\/div>\n            <div class=\"col-12 col-lg col-content\" data-aos=\"fade-left\">\n                                    <div class=\"row mb-3 mb-lg-5\">\n                        <div class=\"col-12\">\n                                                            <h3 id=\"quest-ce-quun-cookie--0\">QU\u2019EST-CE QU\u2019UN COOKIE ?<\/h3>\n                                                        <p>Les cookies sont des fichiers texte qui contiennent de petites quantit\u00e9s d&rsquo;informations t\u00e9l\u00e9charg\u00e9es sur l&rsquo;appareil de l&rsquo;utilisateur lorsqu&rsquo;ils visitent un site web. Leur principal objectif est, d&rsquo;une part, de reconna\u00eetre l&rsquo;utilisateur chaque fois qu&rsquo;il acc\u00e8de au site web, en l&rsquo;affichant en fonction des pr\u00e9f\u00e9rences de navigation \u00e9tablies. De plus, le cas \u00e9ch\u00e9ant, les cookies sont utilis\u00e9s pour analyser la navigation de l&rsquo;utilisateur et diffuser de la publicit\u00e9 personnalis\u00e9e.<\/p>\n                        <\/div>\n                    <\/div>\n                                    <div class=\"row mb-3 mb-lg-5\">\n                        <div class=\"col-12\">\n                                                            <h3 id=\"informations-generales-concernant-lutilisation-des-cookies-exclus-du-consentement-1\">INFORMATIONS G\u00c9N\u00c9RALES CONCERNANT L\u2019UTILISATION DES COOKIES EXCLUS DU CONSENTEMENT<\/h3>\n                                                        <p>Conform\u00e9ment \u00e0 la l\u00e9gislation en vigueur, tout site web utilisant des cookies doit fournir des informations claires et compl\u00e8tes sur le ou les objectifs de ces cookies. Il est obligatoire d&rsquo;obtenir le consentement explicite des utilisateurs avant de les t\u00e9l\u00e9charger, \u00e0 l&rsquo;exception de ce que l&rsquo;on appelle les \u00ab\u00a0cookies exempt\u00e9s\u00a0\u00bb, pour lesquels l&rsquo;obtention du consentement n&rsquo;est pas requise (ce qui signifie qu&rsquo;ils sont exempt\u00e9s de consentement).<\/p>\n<p>Les cookies exempt\u00e9s comprennent :<\/p>\n<ul>\n<li><strong>Les cookies techniques ou essentiels<\/strong> : Ils permettent la navigation de l&rsquo;utilisateur sur un site web, une plateforme ou une application, ainsi que l&rsquo;utilisation de diff\u00e9rentes options ou services disponibles, tels que le contr\u00f4le du trafic et de la communication de donn\u00e9es, l&rsquo;identification de la session, l&rsquo;acc\u00e8s aux parties \u00e0 acc\u00e8s restreint, la m\u00e9morisation des \u00e9l\u00e9ments dans un panier d&rsquo;achat, la finalisation du processus de commande, la gestion des paiements, le contr\u00f4le de la fraude li\u00e9e \u00e0 la s\u00e9curit\u00e9 du service, la soumission d&rsquo;une demande d&rsquo;inscription ou de participation \u00e0 un \u00e9v\u00e9nement, le comptage des visites \u00e0 des fins de facturation de licence logicielle, l&rsquo;utilisation d&rsquo;\u00e9l\u00e9ments de s\u00e9curit\u00e9 pendant la navigation, le stockage de contenu pour la diffusion de vid\u00e9os ou de sons, la possibilit\u00e9 de contenu dynamique (par exemple, le chargement d&rsquo;une animation de texte ou d&rsquo;image), ou le partage de contenu via des r\u00e9seaux sociaux dans les cas o\u00f9 l&rsquo;utilisateur a d\u00e9cid\u00e9 de rester connect\u00e9. Les cookies qui permettent la gestion la plus efficace des espaces publicitaires, dans le cadre de la conception ou de la \u00ab\u00a0mise en page\u00a0\u00bb du service offert \u00e0 l&rsquo;utilisateur par l&rsquo;\u00e9diteur sur un site web, une application ou une plateforme, rel\u00e8vent \u00e9galement de cette cat\u00e9gorie en raison de leur nature technique.<\/li>\n<li><strong>Les cookies de personnalisation exempt\u00e9s<\/strong> : Ces cookies permettent de m\u00e9moriser des informations pour que l&rsquo;utilisateur acc\u00e8de au service avec certaines caract\u00e9ristiques pouvant diff\u00e9rencier son exp\u00e9rience de celle des autres utilisateurs. Il peut s&rsquo;agir de pr\u00e9f\u00e9rences linguistiques, du nombre de r\u00e9sultats \u00e0 afficher lorsqu&rsquo;un utilisateur effectue une recherche, de l&rsquo;apparence ou du contenu du service en fonction du type de navigateur par lequel l&rsquo;utilisateur acc\u00e8de au service, ou de la r\u00e9gion \u00e0 partir de laquelle l&rsquo;utilisateur acc\u00e8de au service, etc.<\/li>\n<\/ul>\n<p>L&rsquo;utilisation des cookies restants &#8211; c&rsquo;est-\u00e0-dire ceux qui ne sont pas exempt\u00e9s &#8211; entra\u00eene l&rsquo;obligation d&rsquo;informer et d&rsquo;obtenir le consentement explicite de l&rsquo;utilisateur avant leur t\u00e9l\u00e9chargement.<\/p>\n                        <\/div>\n                    <\/div>\n                                    <div class=\"row mb-3 mb-lg-5\">\n                        <div class=\"col-12\">\n                                                            <h3 id=\"cookies-non-exemptes-de-consentement-2\">COOKIES NON EXEMPT\u00c9S DE CONSENTEMENT<\/h3>\n                                                        <p>Les cookies peuvent \u00eatre class\u00e9s selon divers crit\u00e8res. Du point de vue juridique, comme expliqu\u00e9 dans la section pr\u00e9c\u00e9dente, il existe des cookies exempt\u00e9s et des cookies non exempt\u00e9s. D&rsquo;autres crit\u00e8res de classification tiennent compte du type de gestion des cookies (premi\u00e8re partie ou tierce partie), de la dur\u00e9e d&rsquo;activation (cookies de session et cookies permanents), ou de la finalit\u00e9 des cookies.<\/p>\n<p>La classification des cookies non exempt\u00e9s en fonction de leur finalit\u00e9 est particuli\u00e8rement pertinente. De ce point de vue, les cookies non exempt\u00e9s peuvent \u00eatre:<\/p>\n<ul>\n<li><strong>Cookies de personnalisation non exempt\u00e9s<\/strong> : Ils permettent \u00e0 l&rsquo;utilisateur d&rsquo;acc\u00e9der au service avec certaines caract\u00e9ristiques g\u00e9n\u00e9rales qui ne sont pas bas\u00e9es sur une option exerc\u00e9e par l&rsquo;utilisateur.<\/li>\n<li><strong>Cookies analytiques<\/strong> : Qu&rsquo;ils soient utilis\u00e9s par le propri\u00e9taire du site ou par des tiers, ces cookies permettent de mesurer l&rsquo;activit\u00e9 de l&rsquo;utilisateur \u00e0 des fins statistiques.<\/li>\n<li><strong>Cookies publicitaires comportementaux<\/strong> : Ils permettent la gestion la plus efficace des espaces publicitaires que l&rsquo;\u00e9diteur peut avoir inclus dans un site web, une application ou une plateforme fournissant le service demand\u00e9. Ces cookies stockent des informations sur le comportement de l&rsquo;utilisateur obtenues par une observation continue de ses habitudes de navigation, ce qui permet de d\u00e9velopper un profil sp\u00e9cifique pour afficher de la publicit\u00e9 en fonction de celui-ci (publicit\u00e9 personnalis\u00e9e).<\/li>\n<li><strong>Cookies de plugins<\/strong> : Les cookies utilis\u00e9s par les plugins de fournisseurs de contenu externes sont n\u00e9cessaires pour que l&rsquo;utilisateur acc\u00e8de au contenu ou aux services pr\u00e9c\u00e9demment demand\u00e9s, tels que la visualisation de vid\u00e9os h\u00e9berg\u00e9es sur YouTube, les emplacements g\u00e9ographiques sur Google Maps, la connexion avec les r\u00e9seaux sociaux, etc. Ces cookies sont r\u00e9gis par les politiques de cookies respectives des fournisseurs externes.<\/li>\n<\/ul>\n<p>En cliquant sur les plugins des m\u00e9dias sociaux inclus sur un site web, votre navigateur se connectera au serveur du r\u00e9seau social correspondant, permettant ainsi au fournisseur de r\u00e9seau social de savoir \u00e0 partir de quel site web l&rsquo;utilisateur est venu lorsqu&rsquo;il acc\u00e8de au site du r\u00e9seau social. Si vous souhaitez emp\u00eacher cette liaison, vous devez vous d\u00e9connecter du site web du r\u00e9seau social avant de visiter tout autre site.<\/p>\n                        <\/div>\n                    <\/div>\n                                    <div class=\"row mb-3 mb-lg-5\">\n                        <div class=\"col-12\">\n                                                            <h3 id=\"informations-sur-les-transferts-internationaux-de-donnees-3\">INFORMATIONS SUR LES TRANSFERTS INTERNATIONAUX DE DONN\u00c9ES<\/h3>\n                                                        <p>Ce site web utilise l&rsquo;outil Google Analytics, qui est un service d&rsquo;analyse web bas\u00e9 sur les informations obtenues gr\u00e2ce \u00e0 des cookies analytiques. Au sein de l&rsquo;Union europ\u00e9enne, ce service est fourni par Google Ireland Limited. Actuellement, les transferts internationaux de donn\u00e9es vers les \u00c9tats-Unis dirig\u00e9s vers Google LLC et ses filiales sont garantis par leur inclusion dans la liste des participants \u00e0 l&rsquo;accord-cadre sur la protection des donn\u00e9es entre l&rsquo;UE et les \u00c9tats-Unis (EU-USA Data Privacy Framework).<\/p>\n                        <\/div>\n                    <\/div>\n                                    <div class=\"row mb-3 mb-lg-5\">\n                        <div class=\"col-12\">\n                                                            <h3 id=\"comment-configurer-vos-preferences-en-matiere-de-cookies--4\">COMMENT CONFIGURER VOS PR\u00c9F\u00c9RENCES EN MATI\u00c8RE DE COOKIES ?<\/h3>\n                                                        <p>Si l&rsquo;utilisateur a accept\u00e9 l&rsquo;utilisation d&rsquo;un ou de plusieurs types de cookies non exempt\u00e9s, il peut modifier ses param\u00e8tres \u00e0 tout moment en les refusant ou en d\u00e9sactivant leur utilisation via la bo\u00eete de param\u00e8tres de cookies du site web. De m\u00eame, l&rsquo;utilisateur peut autoriser, bloquer ou supprimer les cookies install\u00e9s sur son appareil en configurant les options dans le navigateur install\u00e9 sur son ordinateur.<\/p>\n<p>Quoi qu&rsquo;il en soit, il convient de noter que si l&rsquo;utilisateur choisit de bloquer ou de supprimer les cookies, nous pourrions ne pas \u00eatre en mesure de conserver ses pr\u00e9f\u00e9rences, et certaines fonctionnalit\u00e9s du site web pourraient ne pas \u00eatre op\u00e9rationnelles. Il est possible que nous ayons besoin de demander \u00e0 nouveau l&rsquo;autorisation d&rsquo;utiliser des cookies.<\/p>\n<p>Veuillez noter que si vous acceptez les cookies tiers, vous devrez les supprimer via les options du navigateur ou via le syst\u00e8me fourni par le tiers.<\/p>\n<p>Pour plus d&rsquo;informations sur la d\u00e9sactivation des cookies \u00e0 partir des navigateurs, veuillez vous r\u00e9f\u00e9rer \u00e0.<\/p>\n<ul>\n<li>Microsoft Edge: <a href=\"edge:\/\/settings\/privacy\">edge:\/\/settings\/privacy <\/a><\/li>\n<li>Mozilla Firefox: <a href=\"https:\/\/support.mozilla.org\/es\/kb\/habilitar-y-deshabilitar-cookies-sitios-web-rastrear-preferencias\">https:\/\/support.mozilla.org\/es\/kb\/habilitar-y-deshabilitar-cookies-sitios-web-rastrear-preferencias <\/a><\/li>\n<li>Google Chrome: <a href=\"https:\/\/support.google.com\/chrome\/answer\/95647?hl=es\">https:\/\/support.google.com\/chrome\/answer\/95647?hl=es <\/a><\/li>\n<li>Safari: <a href=\"http:\/\/support.apple.com\/kb\/ph5042\">http:\/\/support.apple.com\/kb\/ph5042<\/a><\/li>\n<\/ul>\n<p><strong>Opt out cookies:<\/strong><\/p>\n<p>De nombreuses entreprises de publicit\u00e9 en ligne proposent des \u00ab\u00a0cookies de d\u00e9sinscription\u00a0\u00bb aux utilisateurs. Les \u00ab\u00a0cookies de d\u00e9sinscription\u00a0\u00bb sont des cookies cr\u00e9\u00e9s par les entreprises de publicit\u00e9 pour permettre aux utilisateurs de bloquer et d&#8217;emp\u00eacher d&rsquo;autres entreprises d&rsquo;installer des cookies publicitaires tiers. Les \u00ab\u00a0cookies de d\u00e9sinscription\u00a0\u00bb sont sp\u00e9cifiques \u00e0 un serveur, de sorte qu&rsquo;ils bloquent uniquement les cookies d&rsquo;une entreprise particuli\u00e8re. Pour un blocage plus g\u00e9n\u00e9rique, les utilisateurs devraient configurer les cookies via les param\u00e8tres de leur navigateur.<\/p>\n<ul>\n<li>Opt-out de Google Analytics: <a href=\"https:\/\/tools.google.com\/dlpage\/gaoptout?hl=None\">https:\/\/tools.google.com\/dlpage\/gaoptout?hl=None<\/a><\/li>\n<li>Opt-out de Google (publicidad comportamental): <a href=\"http:\/\/www.google.com\/settings\/ads\/\">http:\/\/www.google.com\/settings\/ads\/<\/a><\/li>\n<\/ul>\n                        <\/div>\n                    <\/div>\n                            <\/div>\n        <\/div>\n    <\/div>\n<\/section>\n","protected":false},"excerpt":{"rendered":"","protected":false},"author":1,"featured_media":0,"parent":0,"menu_order":0,"comment_status":"closed","ping_status":"closed","template":"","meta":{"_acf_changed":false,"footnotes":""},"class_list":["post-3026","page","type-page","status-publish","hentry"],"acf":[],"yoast_head":"<!-- This site is optimized with the Yoast SEO plugin v27.6 - https:\/\/yoast.com\/product\/yoast-seo-wordpress\/ -->\n<title>Cookies policy - Coges<\/title>\n<meta name=\"robots\" content=\"index, follow, max-snippet:-1, max-image-preview:large, max-video-preview:-1\" \/>\n<link rel=\"canonical\" href=\"https:\/\/coges.eu\/fr\/cookies-policy\/\" \/>\n<meta property=\"og:locale\" content=\"fr_FR\" \/>\n<meta property=\"og:type\" content=\"article\" \/>\n<meta property=\"og:title\" content=\"Cookies policy - Coges\" \/>\n<meta property=\"og:url\" content=\"https:\/\/coges.eu\/fr\/cookies-policy\/\" \/>\n<meta property=\"og:site_name\" content=\"Coges\" \/>\n<meta property=\"article:modified_time\" content=\"2025-06-23T10:08:09+00:00\" \/>\n<meta name=\"twitter:card\" content=\"summary_large_image\" \/>\n<script type=\"application\/ld+json\" class=\"yoast-schema-graph\">{\"@context\":\"https:\\\/\\\/schema.org\",\"@graph\":[{\"@type\":\"WebPage\",\"@id\":\"https:\\\/\\\/coges.eu\\\/fr\\\/cookies-policy\\\/\",\"url\":\"https:\\\/\\\/coges.eu\\\/fr\\\/cookies-policy\\\/\",\"name\":\"Cookies policy - Coges\",\"isPartOf\":{\"@id\":\"https:\\\/\\\/coges.eu\\\/fr\\\/#website\"},\"datePublished\":\"2025-04-15T08:12:48+00:00\",\"dateModified\":\"2025-06-23T10:08:09+00:00\",\"breadcrumb\":{\"@id\":\"https:\\\/\\\/coges.eu\\\/fr\\\/cookies-policy\\\/#breadcrumb\"},\"inLanguage\":\"fr-FR\",\"potentialAction\":[{\"@type\":\"ReadAction\",\"target\":[\"https:\\\/\\\/coges.eu\\\/fr\\\/cookies-policy\\\/\"]}]},{\"@type\":\"BreadcrumbList\",\"@id\":\"https:\\\/\\\/coges.eu\\\/fr\\\/cookies-policy\\\/#breadcrumb\",\"itemListElement\":[{\"@type\":\"ListItem\",\"position\":1,\"name\":\"Home\",\"item\":\"https:\\\/\\\/coges.eu\\\/fr\\\/\"},{\"@type\":\"ListItem\",\"position\":2,\"name\":\"Cookies policy\"}]},{\"@type\":\"WebSite\",\"@id\":\"https:\\\/\\\/coges.eu\\\/fr\\\/#website\",\"url\":\"https:\\\/\\\/coges.eu\\\/fr\\\/\",\"name\":\"Coges\",\"description\":\"Payment systems and telemetry for vending industry\",\"potentialAction\":[{\"@type\":\"SearchAction\",\"target\":{\"@type\":\"EntryPoint\",\"urlTemplate\":\"https:\\\/\\\/coges.eu\\\/fr\\\/?s={search_term_string}\"},\"query-input\":{\"@type\":\"PropertyValueSpecification\",\"valueRequired\":true,\"valueName\":\"search_term_string\"}}],\"inLanguage\":\"fr-FR\"}]}<\/script>\n<!-- \/ Yoast SEO plugin. -->","yoast_head_json":{"title":"Cookies policy - Coges","robots":{"index":"index","follow":"follow","max-snippet":"max-snippet:-1","max-image-preview":"max-image-preview:large","max-video-preview":"max-video-preview:-1"},"canonical":"https:\/\/coges.eu\/fr\/cookies-policy\/","og_locale":"fr_FR","og_type":"article","og_title":"Cookies policy - Coges","og_url":"https:\/\/coges.eu\/fr\/cookies-policy\/","og_site_name":"Coges","article_modified_time":"2025-06-23T10:08:09+00:00","twitter_card":"summary_large_image","schema":{"@context":"https:\/\/schema.org","@graph":[{"@type":"WebPage","@id":"https:\/\/coges.eu\/fr\/cookies-policy\/","url":"https:\/\/coges.eu\/fr\/cookies-policy\/","name":"Cookies policy - Coges","isPartOf":{"@id":"https:\/\/coges.eu\/fr\/#website"},"datePublished":"2025-04-15T08:12:48+00:00","dateModified":"2025-06-23T10:08:09+00:00","breadcrumb":{"@id":"https:\/\/coges.eu\/fr\/cookies-policy\/#breadcrumb"},"inLanguage":"fr-FR","potentialAction":[{"@type":"ReadAction","target":["https:\/\/coges.eu\/fr\/cookies-policy\/"]}]},{"@type":"BreadcrumbList","@id":"https:\/\/coges.eu\/fr\/cookies-policy\/#breadcrumb","itemListElement":[{"@type":"ListItem","position":1,"name":"Home","item":"https:\/\/coges.eu\/fr\/"},{"@type":"ListItem","position":2,"name":"Cookies policy"}]},{"@type":"WebSite","@id":"https:\/\/coges.eu\/fr\/#website","url":"https:\/\/coges.eu\/fr\/","name":"Coges","description":"Payment systems and telemetry for vending industry","potentialAction":[{"@type":"SearchAction","target":{"@type":"EntryPoint","urlTemplate":"https:\/\/coges.eu\/fr\/?s={search_term_string}"},"query-input":{"@type":"PropertyValueSpecification","valueRequired":true,"valueName":"search_term_string"}}],"inLanguage":"fr-FR"}]}},"_links":{"self":[{"href":"https:\/\/coges.eu\/fr\/wp-json\/wp\/v2\/pages\/3026","targetHints":{"allow":["GET"]}}],"collection":[{"href":"https:\/\/coges.eu\/fr\/wp-json\/wp\/v2\/pages"}],"about":[{"href":"https:\/\/coges.eu\/fr\/wp-json\/wp\/v2\/types\/page"}],"author":[{"embeddable":true,"href":"https:\/\/coges.eu\/fr\/wp-json\/wp\/v2\/users\/1"}],"replies":[{"embeddable":true,"href":"https:\/\/coges.eu\/fr\/wp-json\/wp\/v2\/comments?post=3026"}],"version-history":[{"count":2,"href":"https:\/\/coges.eu\/fr\/wp-json\/wp\/v2\/pages\/3026\/revisions"}],"predecessor-version":[{"id":3685,"href":"https:\/\/coges.eu\/fr\/wp-json\/wp\/v2\/pages\/3026\/revisions\/3685"}],"wp:attachment":[{"href":"https:\/\/coges.eu\/fr\/wp-json\/wp\/v2\/media?parent=3026"}],"curies":[{"name":"wp","href":"https:\/\/api.w.org\/{rel}","templated":true}]}}