{"id":3920,"date":"2025-05-08T11:14:29","date_gmt":"2025-05-08T08:14:29","guid":{"rendered":"https:\/\/coges.eu\/ressources-clients-coges\/"},"modified":"2025-08-08T12:41:07","modified_gmt":"2025-08-08T09:41:07","slug":"ressources-clients-coges","status":"publish","type":"page","link":"https:\/\/coges.eu\/fr\/ressources-clients-coges\/","title":{"rendered":"Ressources clients Coges"},"content":{"rendered":"<section id=\"page-hero-block_7a0272c3d319dab3d15bae9f6e43ff86\" class=\"block page-hero text-dark small-hero\">\n    <div class=\"container\">\n        <div class=\"row\">\n            <div class=\"col-12\">\n                <div class=\"content-wrapper\">\n                    <h1 data-aos=\"fade-right\" data-aos-delay=\"0\" data-aos-duration=\"300\" data-aos-offset=\"0\">Ressources <span style=\"color: #e4002b;\">clients <\/span>Coges<\/h1>\n                    <div data-aos=\"fade-right\" data-aos-delay=\"200\" data-aos-duration=\"300\" data-aos-offset=\"200\">\n                        <p>Acc\u00e9dez aux outils et \u00e0 l\u2019assistance dont vous avez besoin pour assurer le bon fonctionnement de votre entreprise.<\/p>\n                    <\/div>\n                                    <\/div>\n            <\/div>\n        <\/div>\n    <\/div>\n        <div class=\"background-wrapper \">\n                    <\/div>\n\n<\/section>\n\n<section id=\"cards-block_cdec52ca1d81135c1aad607e4320b5b6\" class=\"block cards\">\n    <div class=\"container\">\n        <div class=\"row\">\n                                                                <div class=\"col-12 col-lg-4 card-column\" data-aos=\"fade-up\" data-aos-delay=\"0\">\n                        <div class=\"card theme-light\"\n                             style=\"background-color: #000000;\">\n                            <h3>Espace technique&nbsp;<\/h3>\n                            <p>Connectez-vous \u00e0 l&#039;espace technique de Coges pour t\u00e9l\u00e9charger des manuels, des mises \u00e0 jour logicielles et de la documentation produit.<\/p>\n                                                            <a href=\"https:\/\/coges.eu\/sat-login\/\" class=\"arrow-link\">\n                                    Log in                                <\/a>\n                                                    <\/div>\n                    <\/div>\n                                    <div class=\"col-12 col-lg-4 card-column\" data-aos=\"fade-up\" data-aos-delay=\"200\">\n                        <div class=\"card theme-dark\"\n                             style=\"background-color: #f2f2f2;\">\n                            <h3> &nbsp;<\/h3>\n                            <p>Demandez vos identifiants de connexion et l&#039;un de nos techniciens traitera votre demande.<\/p>\n                                                            <a href=\"https:\/\/www.coges.eu\/sat-register\/\" class=\"arrow-link\">\n                                    Register                                <\/a>\n                                                    <\/div>\n                    <\/div>\n                                    <div class=\"col-12 col-lg-4 card-column\" data-aos=\"fade-up\" data-aos-delay=\"400\">\n                        <div class=\"card theme-light\"\n                             style=\"background-color: #006937;\">\n                            <h3>Plateforme cloud&nbsp;<\/h3>\n                            <p>Vous utilisez les solutions de t\u00e9l\u00e9m\u00e9trie Coges ? Connectez-vous \u00e0 la plateforme cloud pour g\u00e9rer vos machines en temps r\u00e9el. <\/p>\n                                                            <a href=\"https:\/\/nebularid.b2clogin.com\/nebularid.onmicrosoft.com\/b2c_1a_si_azkoyen_webapi_nebular\/oauth2\/v2.0\/authorize?client_id=f57d1107-eedd-4a68-b69d-bb8fdb7ce806&#038;scope=https%3A%2F%2Fnebularid.onmicrosoft.com%2Ff57d1107-eedd-4a68-b69d-bb8fdb7ce806%2Fread%20openid%20profile%20offline_access&#038;redirect_uri=https%3A%2F%2Fcloud.nebular.online&#038;client-request-id=d2537986-a371-45b5-876c-7cef98188840&#038;response_mode=fragment&#038;response_type=code&#038;x-client-SKU=msal.js.browser&#038;x-client-VER=2.26.0&#038;client_info=1&#038;code_challenge=5MQYl9Uy7ydmB0qugNL-zZJt_oY7-GEjp3CWP1AqsUY&#038;code_challenge_method=S256&#038;nonce=798e3397-714b-42f1-b437-d9c018f90f1e&#038;state=eyJpZCI6IjM5NmNkZWQ2LTFkMTAtNDdhOC05MDMwLWM5MDlkOWY5Mzg0OSIsIm1ldGEiOnsiaW50ZXJhY3Rpb25UeXBlIjoicmVkaXJlY3QifX0%3D\" class=\"arrow-link\">\n                                    Log in                                <\/a>\n                                                    <\/div>\n                    <\/div>\n                                    <\/div>\n    <\/div>\n<\/section>\n<section id=\"call-to-action-block_411de6c93d9e31f38c284ac53d3813ac\" class=\"block call-to-action\">\n    <div class=\"container\">\n        <div class=\"row\">\n            <div class=\"col-12 col-lg-6 col-title\" data-aos=\"fade-right\">\n                <h2>Besoin d&rsquo;<span style=\"color: #e4002b;\">aide<\/span>? <\/h2>\n            <\/div>\n            <div class=\"col-12 col-lg-6 col-actions\">\n                                                            <div class=\"call-to-action-group\"  data-aos=\"fade-left\" data-aos-delay=\"0\">\n                            <div class=\"inner-content\">\n                                <h3>Contacter le support<\/h3>\n                                <p>Besoin d&rsquo;aide ? Notre \u00e9quipe est l\u00e0 pour vous aider.<\/p>\n                                                                    <div>\n                                                                                    <a href=\"tel:+39 0444 1329065\"\n                                               class=\"arrow-link without-arrow\">\n                                                +39 0444 1329065                                            <\/a>\n                                                                                                                            <a href=\"mailto:technical.support@coges.eu\"\n                                               class=\"arrow-link email-link\">\n                                                technical.support@coges.eu                                            <\/a>\n                                                                            <\/div>\n                                                                                            <\/div>\n                        <\/div>\n                                            <div class=\"call-to-action-group\"  data-aos=\"fade-left\" data-aos-delay=\"200\">\n                            <div class=\"inner-content\">\n                                <h3>Horaires de travail<\/h3>\n                                <p>Du lundi au vendredi de 8h30 \u00e0 17h<\/p>\n                                                                                            <\/div>\n                        <\/div>\n                                                <\/div>\n        <\/div>\n    <\/div>\n<\/section>\n","protected":false},"excerpt":{"rendered":"","protected":false},"author":1,"featured_media":0,"parent":0,"menu_order":0,"comment_status":"closed","ping_status":"closed","template":"","meta":{"_acf_changed":false,"footnotes":""},"class_list":["post-3920","page","type-page","status-publish","hentry"],"acf":[],"yoast_head":"<!-- This site is optimized with the Yoast SEO plugin v27.5 - https:\/\/yoast.com\/product\/yoast-seo-wordpress\/ -->\n<title>Ressources clients Coges - Coges<\/title>\n<meta name=\"description\" content=\"Acc\u00e9dez aux ressources clients de Coges : manuels, logiciels, brochures de produits et support technique pour optimiser vos syst\u00e8mes de paiement automatique.\" \/>\n<meta name=\"robots\" content=\"index, follow, max-snippet:-1, max-image-preview:large, max-video-preview:-1\" \/>\n<link rel=\"canonical\" href=\"https:\/\/coges.eu\/fr\/ressources-clients-coges\/\" \/>\n<meta property=\"og:locale\" content=\"fr_FR\" \/>\n<meta property=\"og:type\" content=\"article\" \/>\n<meta property=\"og:title\" content=\"Ressources clients Coges - Coges\" \/>\n<meta property=\"og:description\" content=\"Acc\u00e9dez aux ressources clients de Coges : manuels, logiciels, brochures de produits et support technique pour optimiser vos syst\u00e8mes de paiement automatique.\" \/>\n<meta property=\"og:url\" content=\"https:\/\/coges.eu\/fr\/ressources-clients-coges\/\" \/>\n<meta property=\"og:site_name\" content=\"Coges\" \/>\n<meta property=\"article:modified_time\" content=\"2025-08-08T09:41:07+00:00\" \/>\n<meta name=\"twitter:card\" content=\"summary_large_image\" \/>\n<script type=\"application\/ld+json\" class=\"yoast-schema-graph\">{\"@context\":\"https:\\\/\\\/schema.org\",\"@graph\":[{\"@type\":\"WebPage\",\"@id\":\"https:\\\/\\\/coges.eu\\\/fr\\\/ressources-clients-coges\\\/\",\"url\":\"https:\\\/\\\/coges.eu\\\/fr\\\/ressources-clients-coges\\\/\",\"name\":\"Ressources clients Coges - Coges\",\"isPartOf\":{\"@id\":\"https:\\\/\\\/coges.eu\\\/fr\\\/#website\"},\"datePublished\":\"2025-05-08T08:14:29+00:00\",\"dateModified\":\"2025-08-08T09:41:07+00:00\",\"description\":\"Acc\u00e9dez aux ressources clients de Coges : manuels, logiciels, brochures de produits et support technique pour optimiser vos syst\u00e8mes de paiement automatique.\",\"breadcrumb\":{\"@id\":\"https:\\\/\\\/coges.eu\\\/fr\\\/ressources-clients-coges\\\/#breadcrumb\"},\"inLanguage\":\"fr-FR\",\"potentialAction\":[{\"@type\":\"ReadAction\",\"target\":[\"https:\\\/\\\/coges.eu\\\/fr\\\/ressources-clients-coges\\\/\"]}]},{\"@type\":\"BreadcrumbList\",\"@id\":\"https:\\\/\\\/coges.eu\\\/fr\\\/ressources-clients-coges\\\/#breadcrumb\",\"itemListElement\":[{\"@type\":\"ListItem\",\"position\":1,\"name\":\"Home\",\"item\":\"https:\\\/\\\/coges.eu\\\/fr\\\/\"},{\"@type\":\"ListItem\",\"position\":2,\"name\":\"Ressources clients Coges\"}]},{\"@type\":\"WebSite\",\"@id\":\"https:\\\/\\\/coges.eu\\\/fr\\\/#website\",\"url\":\"https:\\\/\\\/coges.eu\\\/fr\\\/\",\"name\":\"Coges\",\"description\":\"Payment systems and telemetry for vending industry\",\"potentialAction\":[{\"@type\":\"SearchAction\",\"target\":{\"@type\":\"EntryPoint\",\"urlTemplate\":\"https:\\\/\\\/coges.eu\\\/fr\\\/?s={search_term_string}\"},\"query-input\":{\"@type\":\"PropertyValueSpecification\",\"valueRequired\":true,\"valueName\":\"search_term_string\"}}],\"inLanguage\":\"fr-FR\"}]}<\/script>\n<!-- \/ Yoast SEO plugin. -->","yoast_head_json":{"title":"Ressources clients Coges - Coges","description":"Acc\u00e9dez aux ressources clients de Coges : manuels, logiciels, brochures de produits et support technique pour optimiser vos syst\u00e8mes de paiement automatique.","robots":{"index":"index","follow":"follow","max-snippet":"max-snippet:-1","max-image-preview":"max-image-preview:large","max-video-preview":"max-video-preview:-1"},"canonical":"https:\/\/coges.eu\/fr\/ressources-clients-coges\/","og_locale":"fr_FR","og_type":"article","og_title":"Ressources clients Coges - Coges","og_description":"Acc\u00e9dez aux ressources clients de Coges : manuels, logiciels, brochures de produits et support technique pour optimiser vos syst\u00e8mes de paiement automatique.","og_url":"https:\/\/coges.eu\/fr\/ressources-clients-coges\/","og_site_name":"Coges","article_modified_time":"2025-08-08T09:41:07+00:00","twitter_card":"summary_large_image","schema":{"@context":"https:\/\/schema.org","@graph":[{"@type":"WebPage","@id":"https:\/\/coges.eu\/fr\/ressources-clients-coges\/","url":"https:\/\/coges.eu\/fr\/ressources-clients-coges\/","name":"Ressources clients Coges - Coges","isPartOf":{"@id":"https:\/\/coges.eu\/fr\/#website"},"datePublished":"2025-05-08T08:14:29+00:00","dateModified":"2025-08-08T09:41:07+00:00","description":"Acc\u00e9dez aux ressources clients de Coges : manuels, logiciels, brochures de produits et support technique pour optimiser vos syst\u00e8mes de paiement automatique.","breadcrumb":{"@id":"https:\/\/coges.eu\/fr\/ressources-clients-coges\/#breadcrumb"},"inLanguage":"fr-FR","potentialAction":[{"@type":"ReadAction","target":["https:\/\/coges.eu\/fr\/ressources-clients-coges\/"]}]},{"@type":"BreadcrumbList","@id":"https:\/\/coges.eu\/fr\/ressources-clients-coges\/#breadcrumb","itemListElement":[{"@type":"ListItem","position":1,"name":"Home","item":"https:\/\/coges.eu\/fr\/"},{"@type":"ListItem","position":2,"name":"Ressources clients Coges"}]},{"@type":"WebSite","@id":"https:\/\/coges.eu\/fr\/#website","url":"https:\/\/coges.eu\/fr\/","name":"Coges","description":"Payment systems and telemetry for vending industry","potentialAction":[{"@type":"SearchAction","target":{"@type":"EntryPoint","urlTemplate":"https:\/\/coges.eu\/fr\/?s={search_term_string}"},"query-input":{"@type":"PropertyValueSpecification","valueRequired":true,"valueName":"search_term_string"}}],"inLanguage":"fr-FR"}]}},"_links":{"self":[{"href":"https:\/\/coges.eu\/fr\/wp-json\/wp\/v2\/pages\/3920","targetHints":{"allow":["GET"]}}],"collection":[{"href":"https:\/\/coges.eu\/fr\/wp-json\/wp\/v2\/pages"}],"about":[{"href":"https:\/\/coges.eu\/fr\/wp-json\/wp\/v2\/types\/page"}],"author":[{"embeddable":true,"href":"https:\/\/coges.eu\/fr\/wp-json\/wp\/v2\/users\/1"}],"replies":[{"embeddable":true,"href":"https:\/\/coges.eu\/fr\/wp-json\/wp\/v2\/comments?post=3920"}],"version-history":[{"count":2,"href":"https:\/\/coges.eu\/fr\/wp-json\/wp\/v2\/pages\/3920\/revisions"}],"predecessor-version":[{"id":4112,"href":"https:\/\/coges.eu\/fr\/wp-json\/wp\/v2\/pages\/3920\/revisions\/4112"}],"wp:attachment":[{"href":"https:\/\/coges.eu\/fr\/wp-json\/wp\/v2\/media?parent=3920"}],"curies":[{"name":"wp","href":"https:\/\/api.w.org\/{rel}","templated":true}]}}