{"id":4638,"date":"2025-04-28T22:59:06","date_gmt":"2025-04-28T19:59:06","guid":{"rendered":"https:\/\/coges.eu\/certifications\/"},"modified":"2025-09-29T10:40:19","modified_gmt":"2025-09-29T07:40:19","slug":"certifications","status":"publish","type":"page","link":"https:\/\/coges.eu\/fr\/certifications\/","title":{"rendered":"Certifications"},"content":{"rendered":"<section id=\"page-hero-block_d260818e96c51cc246c03071a532d728\" class=\"block page-hero text-dark small-hero\">\n    <div class=\"container\">\n        <div class=\"row\">\n            <div class=\"col-12\">\n                <div class=\"content-wrapper\">\n                    <h1 data-aos=\"fade-right\" data-aos-delay=\"0\" data-aos-duration=\"300\" data-aos-offset=\"0\">Certifications<\/h1>\n                    <div data-aos=\"fade-right\" data-aos-delay=\"200\" data-aos-duration=\"300\" data-aos-offset=\"200\">\n                                            <\/div>\n                                    <\/div>\n            <\/div>\n        <\/div>\n    <\/div>\n        <div class=\"background-wrapper \">\n                    <\/div>\n\n<\/section>\n\n\n<section id=\"anchor-content-block_53224199aea32be05f63555b7f68e43f\" class=\"block anchor-content\">\n    <div class=\"container\">\n        <div class=\"row\">\n            <div class=\"col-12 col-lg col-sidebar\" data-aos=\"fade-right\">\n                <div class=\"sidebar-content\">\n                    <h3>LISTE DU CONTENU<\/h3>\n                    <ul>\n                                                                                <li>\n                                <a href=\"#qualite-0\"\n                                   data-scroll-target=\"#qualite-0\"\n                                   data-has-header-offset>QUALIT\u00c9<\/a>\n                            <\/li>\n                                                                                <li>\n                                <a href=\"#securite-1\"\n                                   data-scroll-target=\"#securite-1\"\n                                   data-has-header-offset>SECURITE<\/a>\n                            <\/li>\n                                                                                <li>\n                                <a href=\"#environnement-2\"\n                                   data-scroll-target=\"#environnement-2\"\n                                   data-has-header-offset>ENVIRONNEMENT<\/a>\n                            <\/li>\n                                            <\/ul>\n                <\/div>\n            <\/div>\n            <div class=\"col-12 col-lg col-content\" data-aos=\"fade-left\">\n                                    <div class=\"row mb-3 mb-lg-5\">\n                        <div class=\"col-12\">\n                                                            <h3 id=\"qualite-0\">QUALIT\u00c9<\/h3>\n                                                        <p>Depuis 1999, COGES a obtenu la certification de son syst\u00e8me qualit\u00e9 d&rsquo;apr\u00e8s la norme UNI EN ISO 9001, renouvel\u00e9e selon la version 2015 le Mars 2018. Les activit\u00e9s de l&rsquo;entreprise se d\u00e9roulent selon les principes de Gestion de la Qualit\u00e9 suivants: <\/p>\n<ul>\n<li>planification<\/li>\n<li>contr\u00f4le<\/li>\n<li>mesurage<\/li>\n<li>am\u00e9lioration<\/li>\n<\/ul>\n<p>afin de comprendre et satisfaire les exigences pr\u00e9sentes et futures des clients.<\/p>\n<p>L&rsquo;engagement de l&rsquo;entreprise COGES sur la qualit\u00e9 est adress\u00e9 \u00e0 une poursuite constante de meilleures prestations, mesurables et v\u00e9rifi\u00e9es par l&rsquo;\u00e9vidence des r\u00e9sultats par rapport aux clients.<\/p>\n<p>Le Syst\u00e8me de Gestion de la Qualit\u00e9 est pour Coges le point fort sur un march\u00e9 en continuelle \u00e9volution comme celui du Vending.<\/p>\n<p>Le client est le dernier arbitre de la qualit\u00e9 du produit\/service que nous offrons!<\/p>\n<p><a href=\"https:\/\/coges.eu\/wp-content\/uploads\/2025\/09\/COGES_ISO_9001_2021_EN.jpg\">Cliquez i\u00e7i pour afficher le certificat.<\/a> Contactez-nous pour recevoir une copie de la politique int\u00e9gr\u00e9e qualit\u00e9, s\u00e9curit\u00e9, environnement de Coges.<\/p>\n                        <\/div>\n                    <\/div>\n                                    <div class=\"row mb-3 mb-lg-5\">\n                        <div class=\"col-12\">\n                                                            <h3 id=\"securite-1\">SECURITE<\/h3>\n                                                        <p>Depuis 2021, COGES a obtenu la certification de son syst\u00e8me de s\u00e9curit\u00e9 selon la norme ISO 45001 \u00abSyst\u00e8mes de management pour la sant\u00e9 et la s\u00e9curit\u00e9 au travail &#8211; Exigences et guide d&rsquo;utilisation\u00bb qui remplace et am\u00e9liore la pr\u00e9c\u00e9dente OHSAS 18001. Le syst\u00e8me de gestion de la sant\u00e9 et s\u00e9curit\u00e9 sur le lieu de travail compl\u00e8te le syst\u00e8me qualit\u00e9 pour en optimiser les performances. Les objectifs du Safety Management sont:  <\/p>\n<ul>\n<li>pr\u00e9venir les accidents et r\u00e9duire les co\u00fbts<\/li>\n<li>contr\u00f4ler et am\u00e9liorer les performances de s\u00e9curit\u00e9 de l&rsquo;entreprise<\/li>\n<li>assurer la conformit\u00e9 aux lois en vigueur<\/li>\n<li>garantir la s\u00e9curit\u00e9 de celui qui travaille dans l&rsquo;entreprise et de tous ceux qui prennent part \u00e0 ses activit\u00e9s.<\/li>\n<\/ul>\n<p>C&rsquo;est notre convinction que la Sant\u00e9 et S\u00e9curit\u00e9 doivent \u00eatre g\u00e9r\u00e9es avec des syst\u00e8mes sp\u00e9cifiques d&rsquo;am\u00e9lioration pour ce qui concerne les op\u00e9rations et les activit\u00e9s quotidiennes.<\/p>\n<p>L&rsquo;excellence et soutenabilit\u00e9, consid\u00e9r\u00e9es comme capacit\u00e9s de conjuguer business et attentes des parties int\u00e9ress\u00e9es, sont la base de la comp\u00e9titivit\u00e9 qui est jointe \u00e0 la capacit\u00e9 de g\u00e9rer des variables fortement corr\u00e9l\u00e9es entre elles (comme qualit\u00e9 et s\u00e9curit\u00e9!)<\/p>\n<p><a href=\"https:\/\/coges.eu\/wp-content\/uploads\/2025\/09\/ISO45001-EN_2024.pdf\">Cliquez i\u00e7i pour afficher le certificat.<\/a> Contactez-nous pour recevoir une copie de la politique int\u00e9gr\u00e9e qualit\u00e9, s\u00e9curit\u00e9, environnement de Coges.<\/p>\n                        <\/div>\n                    <\/div>\n                                    <div class=\"row mb-3 mb-lg-5\">\n                        <div class=\"col-12\">\n                                                            <h3 id=\"environnement-2\">ENVIRONNEMENT<\/h3>\n                                                        <p>Depuis 2007 COGES a obtenu la certification de son syst\u00e8me environnemental d&rsquo;apr\u00e8s la norme UNI EN ISO 14001. Le syst\u00e8me de gestion pour l&rsquo;environnement s&rsquo;int\u00e8gre au syst\u00e8me qualit\u00e9 et s\u00e9curit\u00e9 d\u00e9j\u00e0 pr\u00e9sents. <\/p>\n<p>L&rsquo;objectif du syst\u00e8me de gestion pour l&rsquo;environnement est d&rsquo;identifier les aspects environnementaux principaux, de les maintenir sous surveillance et de coordonner toute activit\u00e9 pour en r\u00e9duire les impacts sur l&rsquo;environnement.<\/p>\n<p>De cette fa\u00e7on les probl\u00e8mes environnementales deviennent une partie int\u00e9grante de notre gestion d&rsquo;entreprise: les objectifs d&rsquo;am\u00e9lioration sont d\u00e9finis et leur r\u00e9alisation est maintenue sous surveillance aussi bien int\u00e9rieurement que du c\u00f4t\u00e9 de l&rsquo;organisme de certification.<\/p>\n<p>Depuis toujours Coges a l&rsquo;objectif de d\u00e9velopper des produits \u00e0 haute technologie, s\u00fbrs et simples \u00e0 utiliser et qui respectent l&rsquo;environnement.<\/p>\n<p>De mesure que le temps passe la sensibilit\u00e9 envers ce sujet s&rsquo;accro\u00eet et notre engagement est d&rsquo;inclure ce sujet dans le proc\u00e8s d&rsquo;am\u00e9lioration continue de notre entreprise, en consid\u00e9rant toujours l&rsquo;environnement dans lequel nous vivons.<\/p>\n<p><a href=\"https:\/\/coges.eu\/wp-content\/uploads\/2025\/09\/174530197_IT_01_EN-1.jpg\">Cliquez i\u00e7i pour afficher le certificat.<\/a><\/p>\n<p>Contactez-nous pour recevoir une copie de la politique int\u00e9gr\u00e9e qualit\u00e9, s\u00e9curit\u00e9, environnement de Coges.<\/p>\n                        <\/div>\n                    <\/div>\n                            <\/div>\n        <\/div>\n    <\/div>\n<\/section>\n","protected":false},"excerpt":{"rendered":"","protected":false},"author":1,"featured_media":0,"parent":0,"menu_order":0,"comment_status":"closed","ping_status":"closed","template":"","meta":{"_acf_changed":false,"footnotes":""},"class_list":["post-4638","page","type-page","status-publish","hentry"],"acf":[],"yoast_head":"<!-- This site is optimized with the Yoast SEO plugin v27.4 - https:\/\/yoast.com\/product\/yoast-seo-wordpress\/ -->\n<title>Certifications - Coges<\/title>\n<meta name=\"description\" content=\"Certifications Coges en mati\u00e8re de qualit\u00e9, de s\u00e9curit\u00e9 et d&#039;engagement environnemental\" \/>\n<meta name=\"robots\" content=\"index, follow, max-snippet:-1, max-image-preview:large, max-video-preview:-1\" \/>\n<link rel=\"canonical\" href=\"https:\/\/coges.eu\/fr\/certifications\/\" \/>\n<meta property=\"og:locale\" content=\"fr_FR\" \/>\n<meta property=\"og:type\" content=\"article\" \/>\n<meta property=\"og:title\" content=\"Certifications - Coges\" \/>\n<meta property=\"og:description\" content=\"Certifications Coges en mati\u00e8re de qualit\u00e9, de s\u00e9curit\u00e9 et d&#039;engagement environnemental\" \/>\n<meta property=\"og:url\" content=\"https:\/\/coges.eu\/fr\/certifications\/\" \/>\n<meta property=\"og:site_name\" content=\"Coges\" \/>\n<meta property=\"article:modified_time\" content=\"2025-09-29T07:40:19+00:00\" \/>\n<meta name=\"twitter:card\" content=\"summary_large_image\" \/>\n<script type=\"application\/ld+json\" class=\"yoast-schema-graph\">{\"@context\":\"https:\\\/\\\/schema.org\",\"@graph\":[{\"@type\":\"WebPage\",\"@id\":\"https:\\\/\\\/coges.eu\\\/fr\\\/certifications\\\/\",\"url\":\"https:\\\/\\\/coges.eu\\\/fr\\\/certifications\\\/\",\"name\":\"Certifications - Coges\",\"isPartOf\":{\"@id\":\"https:\\\/\\\/coges.eu\\\/fr\\\/#website\"},\"datePublished\":\"2025-04-28T19:59:06+00:00\",\"dateModified\":\"2025-09-29T07:40:19+00:00\",\"description\":\"Certifications Coges en mati\u00e8re de qualit\u00e9, de s\u00e9curit\u00e9 et d'engagement environnemental\",\"breadcrumb\":{\"@id\":\"https:\\\/\\\/coges.eu\\\/fr\\\/certifications\\\/#breadcrumb\"},\"inLanguage\":\"fr-FR\",\"potentialAction\":[{\"@type\":\"ReadAction\",\"target\":[\"https:\\\/\\\/coges.eu\\\/fr\\\/certifications\\\/\"]}]},{\"@type\":\"BreadcrumbList\",\"@id\":\"https:\\\/\\\/coges.eu\\\/fr\\\/certifications\\\/#breadcrumb\",\"itemListElement\":[{\"@type\":\"ListItem\",\"position\":1,\"name\":\"Home\",\"item\":\"https:\\\/\\\/coges.eu\\\/fr\\\/\"},{\"@type\":\"ListItem\",\"position\":2,\"name\":\"Certifications\"}]},{\"@type\":\"WebSite\",\"@id\":\"https:\\\/\\\/coges.eu\\\/fr\\\/#website\",\"url\":\"https:\\\/\\\/coges.eu\\\/fr\\\/\",\"name\":\"Coges\",\"description\":\"Payment systems and telemetry for vending industry\",\"potentialAction\":[{\"@type\":\"SearchAction\",\"target\":{\"@type\":\"EntryPoint\",\"urlTemplate\":\"https:\\\/\\\/coges.eu\\\/fr\\\/?s={search_term_string}\"},\"query-input\":{\"@type\":\"PropertyValueSpecification\",\"valueRequired\":true,\"valueName\":\"search_term_string\"}}],\"inLanguage\":\"fr-FR\"}]}<\/script>\n<!-- \/ Yoast SEO plugin. -->","yoast_head_json":{"title":"Certifications - Coges","description":"Certifications Coges en mati\u00e8re de qualit\u00e9, de s\u00e9curit\u00e9 et d'engagement environnemental","robots":{"index":"index","follow":"follow","max-snippet":"max-snippet:-1","max-image-preview":"max-image-preview:large","max-video-preview":"max-video-preview:-1"},"canonical":"https:\/\/coges.eu\/fr\/certifications\/","og_locale":"fr_FR","og_type":"article","og_title":"Certifications - Coges","og_description":"Certifications Coges en mati\u00e8re de qualit\u00e9, de s\u00e9curit\u00e9 et d'engagement environnemental","og_url":"https:\/\/coges.eu\/fr\/certifications\/","og_site_name":"Coges","article_modified_time":"2025-09-29T07:40:19+00:00","twitter_card":"summary_large_image","schema":{"@context":"https:\/\/schema.org","@graph":[{"@type":"WebPage","@id":"https:\/\/coges.eu\/fr\/certifications\/","url":"https:\/\/coges.eu\/fr\/certifications\/","name":"Certifications - Coges","isPartOf":{"@id":"https:\/\/coges.eu\/fr\/#website"},"datePublished":"2025-04-28T19:59:06+00:00","dateModified":"2025-09-29T07:40:19+00:00","description":"Certifications Coges en mati\u00e8re de qualit\u00e9, de s\u00e9curit\u00e9 et d'engagement environnemental","breadcrumb":{"@id":"https:\/\/coges.eu\/fr\/certifications\/#breadcrumb"},"inLanguage":"fr-FR","potentialAction":[{"@type":"ReadAction","target":["https:\/\/coges.eu\/fr\/certifications\/"]}]},{"@type":"BreadcrumbList","@id":"https:\/\/coges.eu\/fr\/certifications\/#breadcrumb","itemListElement":[{"@type":"ListItem","position":1,"name":"Home","item":"https:\/\/coges.eu\/fr\/"},{"@type":"ListItem","position":2,"name":"Certifications"}]},{"@type":"WebSite","@id":"https:\/\/coges.eu\/fr\/#website","url":"https:\/\/coges.eu\/fr\/","name":"Coges","description":"Payment systems and telemetry for vending industry","potentialAction":[{"@type":"SearchAction","target":{"@type":"EntryPoint","urlTemplate":"https:\/\/coges.eu\/fr\/?s={search_term_string}"},"query-input":{"@type":"PropertyValueSpecification","valueRequired":true,"valueName":"search_term_string"}}],"inLanguage":"fr-FR"}]}},"_links":{"self":[{"href":"https:\/\/coges.eu\/fr\/wp-json\/wp\/v2\/pages\/4638","targetHints":{"allow":["GET"]}}],"collection":[{"href":"https:\/\/coges.eu\/fr\/wp-json\/wp\/v2\/pages"}],"about":[{"href":"https:\/\/coges.eu\/fr\/wp-json\/wp\/v2\/types\/page"}],"author":[{"embeddable":true,"href":"https:\/\/coges.eu\/fr\/wp-json\/wp\/v2\/users\/1"}],"replies":[{"embeddable":true,"href":"https:\/\/coges.eu\/fr\/wp-json\/wp\/v2\/comments?post=4638"}],"version-history":[{"count":2,"href":"https:\/\/coges.eu\/fr\/wp-json\/wp\/v2\/pages\/4638\/revisions"}],"predecessor-version":[{"id":5236,"href":"https:\/\/coges.eu\/fr\/wp-json\/wp\/v2\/pages\/4638\/revisions\/5236"}],"wp:attachment":[{"href":"https:\/\/coges.eu\/fr\/wp-json\/wp\/v2\/media?parent=4638"}],"curies":[{"name":"wp","href":"https:\/\/api.w.org\/{rel}","templated":true}]}}