{"id":3064,"date":"2025-04-28T22:55:14","date_gmt":"2025-04-28T19:55:14","guid":{"rendered":"https:\/\/coges.eu\/compliance\/"},"modified":"2025-09-29T11:51:40","modified_gmt":"2025-09-29T08:51:40","slug":"compliance","status":"publish","type":"page","link":"https:\/\/coges.eu\/it\/compliance\/","title":{"rendered":"Avviso legale"},"content":{"rendered":"<section id=\"anchor-content-block_3fce8de7e2b9456dacab313b650b23e7\" class=\"block anchor-content\">\n    <div class=\"container\">\n        <div class=\"row\">\n            <div class=\"col-12 col-lg col-sidebar\" data-aos=\"fade-right\">\n                <div class=\"sidebar-content\">\n                    <h3>CONTENUTI<\/h3>\n                    <ul>\n                                                                                <li>\n                                <a href=\"#informazioni-generali-0\"\n                                   data-scroll-target=\"#informazioni-generali-0\"\n                                   data-has-header-offset>INFORMAZIONI GENERALI<\/a>\n                            <\/li>\n                                                                                <li>\n                                <a href=\"#finalita-del-sito-web-e-condizioni-generali-di-utilizzo-1\"\n                                   data-scroll-target=\"#finalita-del-sito-web-e-condizioni-generali-di-utilizzo-1\"\n                                   data-has-header-offset>Finalit\u00e0 del sito web e condizioni generali di utilizzo<\/a>\n                            <\/li>\n                                                                                <li>\n                                <a href=\"#facolta-di-modifica-2\"\n                                   data-scroll-target=\"#facolta-di-modifica-2\"\n                                   data-has-header-offset>Facolt\u00e0 di modifica<\/a>\n                            <\/li>\n                                                                                <li>\n                                <a href=\"#proprieta-intellettuale-e-industriale-3\"\n                                   data-scroll-target=\"#proprieta-intellettuale-e-industriale-3\"\n                                   data-has-header-offset>Propriet\u00e0 intellettuale e industriale<\/a>\n                            <\/li>\n                                                                                <li>\n                                <a href=\"#obblighi-dellutente-4\"\n                                   data-scroll-target=\"#obblighi-dellutente-4\"\n                                   data-has-header-offset>Obblighi dell\u2019utente<\/a>\n                            <\/li>\n                                                                                <li>\n                                <a href=\"#esclusione-di-garanzie-e-responsabilita-5\"\n                                   data-scroll-target=\"#esclusione-di-garanzie-e-responsabilita-5\"\n                                   data-has-header-offset>Esclusione di garanzie e responsabilit\u00e0<\/a>\n                            <\/li>\n                                                                                <li>\n                                <a href=\"#legislazione-applicabile-e-giurisdizione-6\"\n                                   data-scroll-target=\"#legislazione-applicabile-e-giurisdizione-6\"\n                                   data-has-header-offset>Legislazione applicabile e giurisdizione<\/a>\n                            <\/li>\n                                            <\/ul>\n                <\/div>\n            <\/div>\n            <div class=\"col-12 col-lg col-content\" data-aos=\"fade-left\">\n                                    <div class=\"row mb-3 mb-lg-5\">\n                        <div class=\"col-12\">\n                                                            <h3 id=\"informazioni-generali-0\">INFORMAZIONI GENERALI<\/h3>\n                                                        <p><strong>RAGIONE SOCIALE:\u00a0<\/strong>\u00a0Coges\u00a0S.p.A.<\/p>\n<p><strong>SEDE LEGALE:<\/strong>\u00a0Via Giacomo Leopardi, 13 \u2013 36030 CALDOGNO (VI) Italia<\/p>\n<p><strong>TELEFONO \/ FAX:<\/strong>\u00a0+39 0444 1329065<\/p>\n<p><strong>REGISTRAZIONE:<\/strong>\u00a0R.I. VICENZA 00527790240 \u2013 P.I. IT 00527790240 \u2013 Registro A.E.E. IT08020000001303<br \/>\nC.C.I.A.A. VICENZA \u2013 R.E.A. 135113 M.E. VI003090<\/p>\n<p><strong>C.F.<\/strong>.: \u00a0IT 00527790240<\/p>\n<p><strong>DPO:<\/strong>\u00a0<a href=\"https:\/\/web.archive.org\/web\/20250126010111\/mailto:responsabilesicurezza@coges.eu\">responsabilesicurezza@coges.eu<\/a><\/p>\n                        <\/div>\n                    <\/div>\n                                    <div class=\"row mb-3 mb-lg-5\">\n                        <div class=\"col-12\">\n                                                            <h3 id=\"finalita-del-sito-web-e-condizioni-generali-di-utilizzo-1\">Finalit\u00e0 del sito web e condizioni generali di utilizzo<\/h3>\n                                                        <p>Coges\u00a0S.p.A. mette il presente sito web a disposizione degli utenti di Internet con la finalit\u00e0 di promuovere la sua immagine e fornire informazioni sui suoi prodotti e servizi.<\/p>\n<p>Le presenti condizioni generali di utilizzo hanno lo scopo di regolamentare la disponibilit\u00e0 delle informazioni e i rapporti tra\u00a0Coges\u00a0S.p.A. e gli utenti del portale. Se lei non accetta di sottoporsi alle condizioni indicate nel presente documento, la preghiamo di non utilizzare questo sito.<\/p>\n                        <\/div>\n                    <\/div>\n                                    <div class=\"row mb-3 mb-lg-5\">\n                        <div class=\"col-12\">\n                                                            <h3 id=\"facolta-di-modifica-2\">Facolt\u00e0 di modifica<\/h3>\n                                                        <p>In qualsiasi momento e senza preavviso,\u00a0Coges\u00a0S.p.A. potr\u00e0 modificare le presenti condizioni pubblicando le modifiche sul sito web in modo da informare gli utenti.<\/p>\n                        <\/div>\n                    <\/div>\n                                    <div class=\"row mb-3 mb-lg-5\">\n                        <div class=\"col-12\">\n                                                            <h3 id=\"proprieta-intellettuale-e-industriale-3\">Propriet\u00e0 intellettuale e industriale<\/h3>\n                                                        <p>Tutti i contenuti visualizzati sul sito web \u201cwww.coges.eu\u201d, e in particolar modo disegni, testi, grafici, loghi, icone, pulsanti, software, nomi commerciali, marche, disegni industriali e qualsiasi altro segno suscettibile di uso industriale e commerciale, sono soggetti ai diritti di propriet\u00e0 intellettuale o industriale di Coges S.p.A. o, eventualmente, di titolari terzi che ne abbiano debitamente autorizzato l\u2019inclusione sul sito.<\/p>\n<p>In relazione ai contenuti del presente sito web, in nessun caso si presuppone la concessione di alcuna licenza, n\u00e9 alcuna rinuncia o trasmissione di diritti (totale o parziale) in materia di propriet\u00e0 intellettuale e industriale.<\/p>\n<p>\u00c8 autorizzato esclusivamente l\u2019inserimento di collegamenti\/link alla pagina iniziale del sito web. \u00c8 espressamente vietato l\u2019utilizzo di tecniche di \u201cframming\u201d, \u201cdeeplinking\u201d e simili.<\/p>\n                        <\/div>\n                    <\/div>\n                                    <div class=\"row mb-3 mb-lg-5\">\n                        <div class=\"col-12\">\n                                                            <h3 id=\"obblighi-dellutente-4\">Obblighi dell\u2019utente<\/h3>\n                                                        <p>In generale, l\u2019utente \u00e8 obbligato ad adempiere alle presenti condizioni di utilizzo e, eventualmente, alle condizioni particolari applicabili, nonch\u00e9 a rispettare le avvertenze e istruzioni speciali contenute nelle stesse o in qualsiasi altra parte del sito web, e a operare sempre conformemente alla legge, al buon costume e ai requisiti di buona fede, impiegando la diligenza adeguata alla natura del servizio, astenendosi a utilizzare il sito web in qualsiasi modo che possa impedire, danneggiare o deteriorare il normale funzionamento dello stesso, n\u00e9 i beni o i diritti di\u00a0Coges\u00a0S.p.A., dei suoi fornitori, collaboratori, utenti o, in generale, di terzi.<\/p>\n<p>Nell\u2019utilizzo del presente sito web e nella prestazione dei servizi, l\u2019utente \u00e8 obbligato (a titolo esemplificativo e non esaustivo) a:<\/p>\n<ul>\n<li>Nel caso dell\u2019utilizzo di moduli, fornire dati veritieri.<\/li>\n<li>Custodire adeguatamente le password fornite da\u00a0Coges\u00a0S.p.A., impegnandosi a non consentirne l\u2019uso da parte di terzi e assumendosi le responsabilit\u00e0 di danni eventualmente causati da un uso indebito delle stesse. Allo stesso modo, l\u2019utente si impegna a comunicare ad\u00a0Coges\u00a0S.p.A. con la massima sollecitudine lo smarrimento, il furto o qualsiasi rischio di accesso alle informazioni sul sistema di accesso da parte di terzi.<\/li>\n<li>Non utilizzare identit\u00e0 false e non impersonare altri soggetti nell\u2019utilizzo del sito web, anche con l\u2019eventuale uso di password o chiavi di accesso di terzi o in qualsiasi altro modo.<\/li>\n<\/ul>\n                        <\/div>\n                    <\/div>\n                                    <div class=\"row mb-3 mb-lg-5\">\n                        <div class=\"col-12\">\n                                                            <h3 id=\"esclusione-di-garanzie-e-responsabilita-5\">Esclusione di garanzie e responsabilit\u00e0<\/h3>\n                                                        <p>L\u2019accesso al sito web pu\u00f2 essere occasionalmente sospeso o limitato per consentire riparazioni, interventi di manutenzione o l\u2019introduzione di nuovi sistemi o servizi.\u00a0Coges\u00a0S.p.A. compir\u00e0 tutti gli sforzi ragionevoli per limitare la frequenza e la durata di tali sospensioni o limitazioni.mandata Tuttavia, potr\u00e0 sospendere, ritirare o cancellare parzialmente o totalmente i contenuti e i servizi non soggetti ad appalto specifico, in qualsiasi momento e senza obbligo di preavviso. Quanto disposto sopra non riguarda i servizi appaltati specificamente da utenti registrati, che saranno regolamentati dalle condizioni contrattuali corrispondenti.<\/p>\n<p>La connessione a Internet, necessaria per accedere al servizio, non viene in nessun caso fornita da\u00a0Coges\u00a0S.p.A. Si informa l\u2019utente che le comunicazioni di dati attraverso reti aperte non sono sicure, e che \u00e8 responsabilit\u00e0 dell\u2019utente adottare tutte le opportune contromisure tecniche per controllare ragionevolmente i rischi ed evitare danni alle sue apparecchiature, perdite di dati e il furto di informazioni riservate. A tal fine, l\u2019utente deve adottare sistemi aggiornati di rilevamento malware e tenere aggiornate le patch di sicurezza dei browser in uso. Per maggiori informazioni, pu\u00f2 rivolgersi al suo fornitore di servizi di accesso a Internet.<\/p>\n<p>Coges\u00a0S.p.A. non \u00e8 responsabile dei danni causati da (a titolo esemplificativo e non esaustivo): (i) inferenze, omissioni, interruzioni, virus informatici, guasti e\/o disconnessioni nel funzionamento operativo del presente sistema elettronico o delle apparecchiature e dei dispositivi informatici degli utenti, motivate da cause non imputabili ad\u00a0Coges\u00a0S.p.A., che impediscano o ritardino la prestazione dei servizi o la navigazione nel sistema; (ii) ritardi o blocchi nell\u2019utilizzo causati da difetti o sovraccarichi di Internet o in altri sistemi elettronici; (iii) danni eventualmente causati da terzi mediante intromissione e non attribuibili ad\u00a0Coges\u00a0S.p.A.; (iv) dall\u2019impossibilit\u00e0 di prestare il servizio o consentire l\u2019accesso per cause non imputabili ad\u00a0Coges\u00a0S.p.A., siano esse dovute all\u2019utente, a terzi o a cause di forza maggiore.<\/p>\n<p>I link contenuti sul presente sito possono indirizzare a pagine web di terzi.\u00a0Coges\u00a0S.p.A. non si assume alcuna responsabilit\u00e0 in merito alla connessione, ai contenuti, alle informazioni o ai servizi contenuti su tali siti, che avranno esclusivamente carattere informativo e che in nessun caso implicano relazione alcuna tra\u00a0Coges\u00a0S.p.A. e le persone o le entit\u00e0 titolari di tali contenuti o i titolari dei siti in cui si trovano.<\/p>\n                        <\/div>\n                    <\/div>\n                                    <div class=\"row mb-3 mb-lg-5\">\n                        <div class=\"col-12\">\n                                                            <h3 id=\"legislazione-applicabile-e-giurisdizione-6\">Legislazione applicabile e giurisdizione<\/h3>\n                                                        <p>I termini e le condizioni che regolamentano il presente sito web e tutti i rapporti eventualmente derivanti sono regolamentati dalla legislazione e assoggettati alla giurisdizione spagnola.<\/p>\n                        <\/div>\n                    <\/div>\n                            <\/div>\n        <\/div>\n    <\/div>\n<\/section>\n","protected":false},"excerpt":{"rendered":"","protected":false},"author":1,"featured_media":0,"parent":0,"menu_order":0,"comment_status":"closed","ping_status":"closed","template":"","meta":{"_acf_changed":false,"footnotes":""},"class_list":["post-3064","page","type-page","status-publish","hentry"],"acf":[],"yoast_head":"<!-- This site is optimized with the Yoast SEO plugin v27.4 - https:\/\/yoast.com\/product\/yoast-seo-wordpress\/ -->\n<title>Avviso legale - Coges<\/title>\n<meta name=\"description\" content=\"Scopri come Coges garantisce la piena conformit\u00e0 legale, la protezione dei dati e la trasparenza: termini d&#039;uso, propriet\u00e0 intellettuale, responsabilit\u00e0 e normative applicabili. Visita la pagina ufficiale sulla Compliance.\" \/>\n<meta name=\"robots\" content=\"index, follow, max-snippet:-1, max-image-preview:large, max-video-preview:-1\" \/>\n<link rel=\"canonical\" href=\"https:\/\/coges.eu\/it\/compliance\/\" \/>\n<meta property=\"og:locale\" content=\"it_IT\" \/>\n<meta property=\"og:type\" content=\"article\" \/>\n<meta property=\"og:title\" content=\"Avviso legale - Coges\" \/>\n<meta property=\"og:description\" content=\"Scopri come Coges garantisce la piena conformit\u00e0 legale, la protezione dei dati e la trasparenza: termini d&#039;uso, propriet\u00e0 intellettuale, responsabilit\u00e0 e normative applicabili. Visita la pagina ufficiale sulla Compliance.\" \/>\n<meta property=\"og:url\" content=\"https:\/\/coges.eu\/it\/compliance\/\" \/>\n<meta property=\"og:site_name\" content=\"Coges\" \/>\n<meta property=\"article:modified_time\" content=\"2025-09-29T08:51:40+00:00\" \/>\n<meta name=\"twitter:card\" content=\"summary_large_image\" \/>\n<script type=\"application\/ld+json\" class=\"yoast-schema-graph\">{\"@context\":\"https:\\\/\\\/schema.org\",\"@graph\":[{\"@type\":\"WebPage\",\"@id\":\"https:\\\/\\\/coges.eu\\\/it\\\/compliance\\\/\",\"url\":\"https:\\\/\\\/coges.eu\\\/it\\\/compliance\\\/\",\"name\":\"Avviso legale - Coges\",\"isPartOf\":{\"@id\":\"https:\\\/\\\/coges.eu\\\/it\\\/#website\"},\"datePublished\":\"2025-04-28T19:55:14+00:00\",\"dateModified\":\"2025-09-29T08:51:40+00:00\",\"description\":\"Scopri come Coges garantisce la piena conformit\u00e0 legale, la protezione dei dati e la trasparenza: termini d'uso, propriet\u00e0 intellettuale, responsabilit\u00e0 e normative applicabili. Visita la pagina ufficiale sulla Compliance.\",\"breadcrumb\":{\"@id\":\"https:\\\/\\\/coges.eu\\\/it\\\/compliance\\\/#breadcrumb\"},\"inLanguage\":\"it-IT\",\"potentialAction\":[{\"@type\":\"ReadAction\",\"target\":[\"https:\\\/\\\/coges.eu\\\/it\\\/compliance\\\/\"]}]},{\"@type\":\"BreadcrumbList\",\"@id\":\"https:\\\/\\\/coges.eu\\\/it\\\/compliance\\\/#breadcrumb\",\"itemListElement\":[{\"@type\":\"ListItem\",\"position\":1,\"name\":\"Home\",\"item\":\"https:\\\/\\\/coges.eu\\\/it\\\/\"},{\"@type\":\"ListItem\",\"position\":2,\"name\":\"Avviso legale\"}]},{\"@type\":\"WebSite\",\"@id\":\"https:\\\/\\\/coges.eu\\\/it\\\/#website\",\"url\":\"https:\\\/\\\/coges.eu\\\/it\\\/\",\"name\":\"Coges\",\"description\":\"Payment systems and telemetry for vending industry\",\"potentialAction\":[{\"@type\":\"SearchAction\",\"target\":{\"@type\":\"EntryPoint\",\"urlTemplate\":\"https:\\\/\\\/coges.eu\\\/it\\\/?s={search_term_string}\"},\"query-input\":{\"@type\":\"PropertyValueSpecification\",\"valueRequired\":true,\"valueName\":\"search_term_string\"}}],\"inLanguage\":\"it-IT\"}]}<\/script>\n<!-- \/ Yoast SEO plugin. -->","yoast_head_json":{"title":"Avviso legale - Coges","description":"Scopri come Coges garantisce la piena conformit\u00e0 legale, la protezione dei dati e la trasparenza: termini d'uso, propriet\u00e0 intellettuale, responsabilit\u00e0 e normative applicabili. Visita la pagina ufficiale sulla Compliance.","robots":{"index":"index","follow":"follow","max-snippet":"max-snippet:-1","max-image-preview":"max-image-preview:large","max-video-preview":"max-video-preview:-1"},"canonical":"https:\/\/coges.eu\/it\/compliance\/","og_locale":"it_IT","og_type":"article","og_title":"Avviso legale - Coges","og_description":"Scopri come Coges garantisce la piena conformit\u00e0 legale, la protezione dei dati e la trasparenza: termini d'uso, propriet\u00e0 intellettuale, responsabilit\u00e0 e normative applicabili. Visita la pagina ufficiale sulla Compliance.","og_url":"https:\/\/coges.eu\/it\/compliance\/","og_site_name":"Coges","article_modified_time":"2025-09-29T08:51:40+00:00","twitter_card":"summary_large_image","schema":{"@context":"https:\/\/schema.org","@graph":[{"@type":"WebPage","@id":"https:\/\/coges.eu\/it\/compliance\/","url":"https:\/\/coges.eu\/it\/compliance\/","name":"Avviso legale - Coges","isPartOf":{"@id":"https:\/\/coges.eu\/it\/#website"},"datePublished":"2025-04-28T19:55:14+00:00","dateModified":"2025-09-29T08:51:40+00:00","description":"Scopri come Coges garantisce la piena conformit\u00e0 legale, la protezione dei dati e la trasparenza: termini d'uso, propriet\u00e0 intellettuale, responsabilit\u00e0 e normative applicabili. Visita la pagina ufficiale sulla Compliance.","breadcrumb":{"@id":"https:\/\/coges.eu\/it\/compliance\/#breadcrumb"},"inLanguage":"it-IT","potentialAction":[{"@type":"ReadAction","target":["https:\/\/coges.eu\/it\/compliance\/"]}]},{"@type":"BreadcrumbList","@id":"https:\/\/coges.eu\/it\/compliance\/#breadcrumb","itemListElement":[{"@type":"ListItem","position":1,"name":"Home","item":"https:\/\/coges.eu\/it\/"},{"@type":"ListItem","position":2,"name":"Avviso legale"}]},{"@type":"WebSite","@id":"https:\/\/coges.eu\/it\/#website","url":"https:\/\/coges.eu\/it\/","name":"Coges","description":"Payment systems and telemetry for vending industry","potentialAction":[{"@type":"SearchAction","target":{"@type":"EntryPoint","urlTemplate":"https:\/\/coges.eu\/it\/?s={search_term_string}"},"query-input":{"@type":"PropertyValueSpecification","valueRequired":true,"valueName":"search_term_string"}}],"inLanguage":"it-IT"}]}},"_links":{"self":[{"href":"https:\/\/coges.eu\/it\/wp-json\/wp\/v2\/pages\/3064","targetHints":{"allow":["GET"]}}],"collection":[{"href":"https:\/\/coges.eu\/it\/wp-json\/wp\/v2\/pages"}],"about":[{"href":"https:\/\/coges.eu\/it\/wp-json\/wp\/v2\/types\/page"}],"author":[{"embeddable":true,"href":"https:\/\/coges.eu\/it\/wp-json\/wp\/v2\/users\/1"}],"replies":[{"embeddable":true,"href":"https:\/\/coges.eu\/it\/wp-json\/wp\/v2\/comments?post=3064"}],"version-history":[{"count":1,"href":"https:\/\/coges.eu\/it\/wp-json\/wp\/v2\/pages\/3064\/revisions"}],"predecessor-version":[{"id":3204,"href":"https:\/\/coges.eu\/it\/wp-json\/wp\/v2\/pages\/3064\/revisions\/3204"}],"wp:attachment":[{"href":"https:\/\/coges.eu\/it\/wp-json\/wp\/v2\/media?parent=3064"}],"curies":[{"name":"wp","href":"https:\/\/api.w.org\/{rel}","templated":true}]}}