{"id":3067,"date":"2025-05-14T14:32:01","date_gmt":"2025-05-14T11:32:01","guid":{"rendered":"https:\/\/coges.eu\/whistleblowing-channel\/"},"modified":"2025-08-06T12:33:38","modified_gmt":"2025-08-06T09:33:38","slug":"whistleblowing-channel","status":"publish","type":"page","link":"https:\/\/coges.eu\/it\/whistleblowing-channel\/","title":{"rendered":"Whistleblowing channel"},"content":{"rendered":"<section id=\"page-hero-block_e3d826ff92eefc223599b833ee4262f1\" class=\"block page-hero text-dark small-hero\">\n    <div class=\"container\">\n        <div class=\"row\">\n            <div class=\"col-12\">\n                <div class=\"content-wrapper\">\n                    <h1 data-aos=\"fade-right\" data-aos-delay=\"0\" data-aos-duration=\"300\" data-aos-offset=\"0\">Whistleblowing channel<\/h1>\n                    <div data-aos=\"fade-right\" data-aos-delay=\"200\" data-aos-duration=\"300\" data-aos-offset=\"200\">\n                                            <\/div>\n                                    <\/div>\n            <\/div>\n        <\/div>\n    <\/div>\n        <div class=\"background-wrapper \">\n                    <\/div>\n\n<\/section>\n\n\n<section id=\"anchor-content-block_ba966025cbe9fada547066f1bea51518\" class=\"block anchor-content\">\n    <div class=\"container\">\n        <div class=\"row\">\n            <div class=\"col-12 col-lg col-sidebar\" data-aos=\"fade-right\">\n                <div class=\"sidebar-content\">\n                    <h3>CONTENUTI<\/h3>\n                    <ul>\n                                                                                <li>\n                                <a href=\"#codice-di-condotta-e-canale-di-whistleblowing-0\"\n                                   data-scroll-target=\"#codice-di-condotta-e-canale-di-whistleblowing-0\"\n                                   data-has-header-offset>Codice di condotta e canale di whistleblowing<\/a>\n                            <\/li>\n                                            <\/ul>\n                <\/div>\n            <\/div>\n            <div class=\"col-12 col-lg col-content\" data-aos=\"fade-left\">\n                                    <div class=\"row mb-3 mb-lg-5\">\n                        <div class=\"col-12\">\n                                                            <h3 id=\"codice-di-condotta-e-canale-di-whistleblowing-0\">Codice di condotta e canale di whistleblowing<\/h3>\n                                                        <p>Azkoyen, SA in qualit\u00e0 di societ\u00e0 madre del Gruppo Azkoyen (di seguito \u201cAzkoyen\u201d o il \u201cGruppo\u201d, in modo intercambiabile) \u00a0e Coges Spa dichiarano il loro assoluto rifiuto di qualsiasi tipo di pratica correlata alla commissione di atti criminali, in particolare per quanto riguarda la corruzione. Per questo motivo, e in conformit\u00e0 con i principi stabiliti nel proprio <a style=\"color: #e60000;\" href=\"https:\/\/www.azkoyen.com\/wp-content\/uploads\/2020\/11\/CODICE-ETICO_IT.pdf\">Codice di Condotta<\/a> e nel proprio Modello di Compliance, il Gruppo si impegna a rispettare tutte le leggi anti-corruzione, vietando rigorosamente ogni forma di corruzione attiva o passiva ad Azkoyen, senza distinzione di origine, destinazione, importo, ecc., anche laddove tali atti illeciti possano avvantaggiare il Gruppo.<\/p>\n<p>Nell\u2019ambito del suo sistema di Governance, di cui \u00e8 parte integrante anche il Gruppo Azkoyen, Coges Spa ha adottato il <a style=\"color: #e60000;\" href=\"https:\/\/www.azkoyen.com\/wp-content\/uploads\/2024\/02\/Modello-DLgs-231-Coges-Spa-GRUPPO-AZKOYEN_-PARTE-GENERALE-E-SPECIALE.pdf\">Modello 231<\/a> per la prevenzione dei rischi criminali.<\/p>\n<p>Con l\u2019adozione del Modello Organizzativo implementato, Coges si pone l\u2019obiettivo principale di costituire un sistema strutturato atto a prevenire la commissione di reati, nell\u2019ambito di attivit\u00e0 proprie dell\u2019operativit\u00e0 aziendale, ritenute per cos\u00ec dire \u201csensibili\u201d e che trovano piena realizzazione nell\u2019ambito delle cosiddette aree di rischio in modo tale da disporre di un sistema strutturato di procedure e controlli che riduca, tendenzialmente eliminandolo, il rischio di commissione dei reati presupposto.<\/p>\n<p>Potete trovare maggiori informazioni sul nostro Modello Organizzativo a questo link: <a style=\"color: #e60000;\" href=\"https:\/\/www.azkoyen.com\/it\/corporate-compliance\/\">Corporate Compliance &#8211; Grupo Azkoyen<\/a><\/p>\n<p>&nbsp;<\/p>\n<p>In conformit\u00e0 agli adempimenti legislativi, Coges \u00e8 inoltre munita di un Canale di Segnalazioni (o di Whistleblowing) <strong>accessibile qui: <\/strong><a style=\"color: #e60000;\" href=\"https:\/\/azkoyengroup.integrityline.com\/\"><strong>CANALE DI WHISTLEBLOWING<\/strong><\/a><\/p>\n<p>Il canale di whistleblowing \u00e8 rivolto a tutti i professionisti e tutti gli stakeholder delle societ\u00e0 che compongono il Gruppo Azkoyen, che sono o potrebbero essere a conoscenza di un\u2019irregolarit\u00e0 commessa da qualsiasi altro lavoratore, manager o amministratore, nonch\u00e9 clienti, fornitori.<\/p>\n<p>Possono essere oggetto di reclamo tutti i dipendenti, dirigenti, membri del Consiglio di Amministrazione o collaboratori esterni del Gruppo soggetti alla sua autorit\u00e0, che abbiano commesso irregolarit\u00e0 o comportamenti tra quelli previsti nella sottostante area.<\/p>\n<p>L\u2019obiettivo del Canale delle denunce \u00e8 la ricezione, la gestione e il trattamento delle denunce relative a non conformit\u00e0 o a episodi di mancato rispetto della normativa, commessi da dipendenti o societ\u00e0.<br \/>\nSi tratta di un canale di comunicazione riservato accessibile a dipendenti, clienti, fornitori, azionisti, ecc, legati al Gruppo Azkoyen, al Comitato di audit e alla Direzione della societ\u00e0.<\/p>\n<p>Per la gestione del canale di segnalazione delle irregolarit\u00e0, ai sensi del D.Lgs. 24\/2014, Coges S.p.A. e GRUPO AZKOYEN, SA, in qualit\u00e0 di contitolari del trattamento, hanno concordato reciprocamente le rispettive responsabilit\u00e0 per il rispetto degli obblighi imposti dal GDPR, come segue:<\/p>\n<p>\u2022 Entrambe le entit\u00e0 si impegnano a trattare i dati nel rispetto delle disposizioni della normativa applicabile in materia di protezione dei dati.<br \/>\n\u2022 Entrambe le entit\u00e0 si impegnano a rispondere alle richieste degli interessati che esercitano i loro diritti ARCOPOL.<br \/>\n\u2022 Se desiderate esercitare i vostri diritti ARCOPOL con Coges, inviate la vostra richiesta a responsabilesicurezza@coges.eu. Se desiderate ottenere informazioni da Azkoyen, vi forniamo un link alla sua <a href=\"https:\/\/www.azkoyen.com\/en\/legals\/\">informativa sulla privacy<\/a>, dove potrete accedere a maggiori informazioni.<br \/>\n\u2022 Entrambe le entit\u00e0 garantiscono l&#8217;implementazione di misure tecniche e organizzative adeguate ai sensi dell&#8217;art. 32 del GDPR.<br \/>\n\u2022 Entrambe le entit\u00e0 si impegnano a informare gli interessati di incidenti di sicurezza che rappresentano un rischio elevato per i loro diritti e le loro libert\u00e0 e che possono influire sui loro dati personali.<\/p>\n<p>Per maggiori informazioni, consultate la <a style=\"color: #e60000;\" href=\"https:\/\/www.azkoyen.com\/wp-content\/uploads\/2024\/01\/Politica-del-canale-di-Whistleblowing-COGES_-IT.pdf\">Politica del Canale di Whistleblowing<\/a> e la <a style=\"color: #e60000;\" href=\"https:\/\/www.azkoyen.com\/wp-content\/uploads\/2024\/01\/Privacy-Policy-Whistleblowing-channel-Coges-Spa-V01.pdf\">Privacy Policy del canale di whistleblowing<\/a> .<\/p>\n                        <\/div>\n                    <\/div>\n                            <\/div>\n        <\/div>\n    <\/div>\n<\/section>\n","protected":false},"excerpt":{"rendered":"","protected":false},"author":1,"featured_media":0,"parent":0,"menu_order":0,"comment_status":"closed","ping_status":"closed","template":"","meta":{"_acf_changed":false,"footnotes":""},"class_list":["post-3067","page","type-page","status-publish","hentry"],"acf":[],"yoast_head":"<!-- This site is optimized with the Yoast SEO plugin v27.4 - https:\/\/yoast.com\/product\/yoast-seo-wordpress\/ -->\n<title>Whistleblowing channel - Coges<\/title>\n<meta name=\"robots\" content=\"index, follow, max-snippet:-1, max-image-preview:large, max-video-preview:-1\" \/>\n<link rel=\"canonical\" href=\"https:\/\/coges.eu\/it\/whistleblowing-channel\/\" \/>\n<meta property=\"og:locale\" content=\"it_IT\" \/>\n<meta property=\"og:type\" content=\"article\" \/>\n<meta property=\"og:title\" content=\"Whistleblowing channel - Coges\" \/>\n<meta property=\"og:url\" content=\"https:\/\/coges.eu\/it\/whistleblowing-channel\/\" \/>\n<meta property=\"og:site_name\" content=\"Coges\" \/>\n<meta property=\"article:modified_time\" content=\"2025-08-06T09:33:38+00:00\" \/>\n<meta name=\"twitter:card\" content=\"summary_large_image\" \/>\n<script type=\"application\/ld+json\" class=\"yoast-schema-graph\">{\"@context\":\"https:\\\/\\\/schema.org\",\"@graph\":[{\"@type\":\"WebPage\",\"@id\":\"https:\\\/\\\/coges.eu\\\/it\\\/whistleblowing-channel\\\/\",\"url\":\"https:\\\/\\\/coges.eu\\\/it\\\/whistleblowing-channel\\\/\",\"name\":\"Whistleblowing channel - Coges\",\"isPartOf\":{\"@id\":\"https:\\\/\\\/coges.eu\\\/it\\\/#website\"},\"datePublished\":\"2025-05-14T11:32:01+00:00\",\"dateModified\":\"2025-08-06T09:33:38+00:00\",\"breadcrumb\":{\"@id\":\"https:\\\/\\\/coges.eu\\\/it\\\/whistleblowing-channel\\\/#breadcrumb\"},\"inLanguage\":\"it-IT\",\"potentialAction\":[{\"@type\":\"ReadAction\",\"target\":[\"https:\\\/\\\/coges.eu\\\/it\\\/whistleblowing-channel\\\/\"]}]},{\"@type\":\"BreadcrumbList\",\"@id\":\"https:\\\/\\\/coges.eu\\\/it\\\/whistleblowing-channel\\\/#breadcrumb\",\"itemListElement\":[{\"@type\":\"ListItem\",\"position\":1,\"name\":\"Home\",\"item\":\"https:\\\/\\\/coges.eu\\\/it\\\/\"},{\"@type\":\"ListItem\",\"position\":2,\"name\":\"Whistleblowing channel\"}]},{\"@type\":\"WebSite\",\"@id\":\"https:\\\/\\\/coges.eu\\\/it\\\/#website\",\"url\":\"https:\\\/\\\/coges.eu\\\/it\\\/\",\"name\":\"Coges\",\"description\":\"Payment systems and telemetry for vending industry\",\"potentialAction\":[{\"@type\":\"SearchAction\",\"target\":{\"@type\":\"EntryPoint\",\"urlTemplate\":\"https:\\\/\\\/coges.eu\\\/it\\\/?s={search_term_string}\"},\"query-input\":{\"@type\":\"PropertyValueSpecification\",\"valueRequired\":true,\"valueName\":\"search_term_string\"}}],\"inLanguage\":\"it-IT\"}]}<\/script>\n<!-- \/ Yoast SEO plugin. -->","yoast_head_json":{"title":"Whistleblowing channel - Coges","robots":{"index":"index","follow":"follow","max-snippet":"max-snippet:-1","max-image-preview":"max-image-preview:large","max-video-preview":"max-video-preview:-1"},"canonical":"https:\/\/coges.eu\/it\/whistleblowing-channel\/","og_locale":"it_IT","og_type":"article","og_title":"Whistleblowing channel - Coges","og_url":"https:\/\/coges.eu\/it\/whistleblowing-channel\/","og_site_name":"Coges","article_modified_time":"2025-08-06T09:33:38+00:00","twitter_card":"summary_large_image","schema":{"@context":"https:\/\/schema.org","@graph":[{"@type":"WebPage","@id":"https:\/\/coges.eu\/it\/whistleblowing-channel\/","url":"https:\/\/coges.eu\/it\/whistleblowing-channel\/","name":"Whistleblowing channel - Coges","isPartOf":{"@id":"https:\/\/coges.eu\/it\/#website"},"datePublished":"2025-05-14T11:32:01+00:00","dateModified":"2025-08-06T09:33:38+00:00","breadcrumb":{"@id":"https:\/\/coges.eu\/it\/whistleblowing-channel\/#breadcrumb"},"inLanguage":"it-IT","potentialAction":[{"@type":"ReadAction","target":["https:\/\/coges.eu\/it\/whistleblowing-channel\/"]}]},{"@type":"BreadcrumbList","@id":"https:\/\/coges.eu\/it\/whistleblowing-channel\/#breadcrumb","itemListElement":[{"@type":"ListItem","position":1,"name":"Home","item":"https:\/\/coges.eu\/it\/"},{"@type":"ListItem","position":2,"name":"Whistleblowing channel"}]},{"@type":"WebSite","@id":"https:\/\/coges.eu\/it\/#website","url":"https:\/\/coges.eu\/it\/","name":"Coges","description":"Payment systems and telemetry for vending industry","potentialAction":[{"@type":"SearchAction","target":{"@type":"EntryPoint","urlTemplate":"https:\/\/coges.eu\/it\/?s={search_term_string}"},"query-input":{"@type":"PropertyValueSpecification","valueRequired":true,"valueName":"search_term_string"}}],"inLanguage":"it-IT"}]}},"_links":{"self":[{"href":"https:\/\/coges.eu\/it\/wp-json\/wp\/v2\/pages\/3067","targetHints":{"allow":["GET"]}}],"collection":[{"href":"https:\/\/coges.eu\/it\/wp-json\/wp\/v2\/pages"}],"about":[{"href":"https:\/\/coges.eu\/it\/wp-json\/wp\/v2\/types\/page"}],"author":[{"embeddable":true,"href":"https:\/\/coges.eu\/it\/wp-json\/wp\/v2\/users\/1"}],"replies":[{"embeddable":true,"href":"https:\/\/coges.eu\/it\/wp-json\/wp\/v2\/comments?post=3067"}],"version-history":[{"count":6,"href":"https:\/\/coges.eu\/it\/wp-json\/wp\/v2\/pages\/3067\/revisions"}],"predecessor-version":[{"id":3948,"href":"https:\/\/coges.eu\/it\/wp-json\/wp\/v2\/pages\/3067\/revisions\/3948"}],"wp:attachment":[{"href":"https:\/\/coges.eu\/it\/wp-json\/wp\/v2\/media?parent=3067"}],"curies":[{"name":"wp","href":"https:\/\/api.w.org\/{rel}","templated":true}]}}