{"id":3653,"date":"2025-04-14T15:10:20","date_gmt":"2025-04-14T12:10:20","guid":{"rendered":"https:\/\/coges.eu\/la-nostra-politica-della-privacy\/"},"modified":"2025-09-12T15:19:28","modified_gmt":"2025-09-12T12:19:28","slug":"la-nostra-politica-della-privacy","status":"publish","type":"page","link":"https:\/\/coges.eu\/it\/la-nostra-politica-della-privacy\/","title":{"rendered":"La nostra [Politica della Privacy]"},"content":{"rendered":"<section id=\"anchor-content-block_ede023898aca73520b36e0eb6f349574\" class=\"block anchor-content\">\n    <div class=\"container\">\n        <div class=\"row\">\n            <div class=\"col-12 col-lg col-sidebar\" data-aos=\"fade-right\">\n                <div class=\"sidebar-content\">\n                    <h3>CONTENUTI<\/h3>\n                    <ul>\n                                                                                <li>\n                                <a href=\"#chi-e-il-titolare-del-trattamento-dei-dati-personali-0\"\n                                   data-scroll-target=\"#chi-e-il-titolare-del-trattamento-dei-dati-personali-0\"\n                                   data-has-header-offset>CHI \u00c8 IL TITOLARE DEL TRATTAMENTO DEI DATI PERSONALI?<\/a>\n                            <\/li>\n                                                                                <li>\n                                <a href=\"#quali-sono-le-normative-di-base-applicabili-in-italia-in-materia-di-protezione-dei-dati-personali-1\"\n                                   data-scroll-target=\"#quali-sono-le-normative-di-base-applicabili-in-italia-in-materia-di-protezione-dei-dati-personali-1\"\n                                   data-has-header-offset>QUALI SONO LE NORMATIVE DI BASE APPLICABILI IN ITALIA IN MATERIA DI PROTEZIONE DEI DATI PERSONALI?<\/a>\n                            <\/li>\n                                                                                <li>\n                                <a href=\"#per-quale-finalita-e-su-quale-base-giuridica-trattiamo-i-dati-personali-2\"\n                                   data-scroll-target=\"#per-quale-finalita-e-su-quale-base-giuridica-trattiamo-i-dati-personali-2\"\n                                   data-has-header-offset>PER QUALE FINALIT\u00c0 E SU QUALE BASE GIURIDICA TRATTIAMO I DATI PERSONALI?<\/a>\n                            <\/li>\n                                                                                <li>\n                                <a href=\"#a-chi-verranno-comunicati-i-dati-personali-3\"\n                                   data-scroll-target=\"#a-chi-verranno-comunicati-i-dati-personali-3\"\n                                   data-has-header-offset>A CHI VERRANNO COMUNICATI I DATI PERSONALI?<\/a>\n                            <\/li>\n                                                                                <li>\n                                <a href=\"#-per-quanto-tempo-conserveremo-i-dati-personali-4\"\n                                   data-scroll-target=\"#-per-quanto-tempo-conserveremo-i-dati-personali-4\"\n                                   data-has-header-offset> PER QUANTO TEMPO CONSERVEREMO I DATI PERSONALI?<\/a>\n                            <\/li>\n                                                                                <li>\n                                <a href=\"#quali-misure-di-sicurezza-applichiamo-per-la-protezione-dei-dati-personali-5\"\n                                   data-scroll-target=\"#quali-misure-di-sicurezza-applichiamo-per-la-protezione-dei-dati-personali-5\"\n                                   data-has-header-offset>QUALI MISURE DI SICUREZZA APPLICHIAMO PER LA PROTEZIONE DEI DATI PERSONALI?<\/a>\n                            <\/li>\n                                                                                <li>\n                                <a href=\"#verranno-eseguiti-trasferimenti-internazionali-di-dati-personali-6\"\n                                   data-scroll-target=\"#verranno-eseguiti-trasferimenti-internazionali-di-dati-personali-6\"\n                                   data-has-header-offset>VERRANNO ESEGUITI TRASFERIMENTI INTERNAZIONALI DI DATI PERSONALI?<\/a>\n                            <\/li>\n                                                                                <li>\n                                <a href=\"#-in-che-modo-lutente-puo-esercitare-i-propri-diritti-in-relazione-ai-suoi-dati-personali-e-contattare-il-nostro-responsabile-della-protezione-dei-dati-7\"\n                                   data-scroll-target=\"#-in-che-modo-lutente-puo-esercitare-i-propri-diritti-in-relazione-ai-suoi-dati-personali-e-contattare-il-nostro-responsabile-della-protezione-dei-dati-7\"\n                                   data-has-header-offset> IN CHE MODO L\u2019UTENTE PU\u00d2 ESERCITARE I PROPRI DIRITTI IN RELAZIONE AI SUOI DATI PERSONALI E CONTATTARE IL NOSTRO RESPONSABILE DELLA PROTEZIONE DEI DATI?<\/a>\n                            <\/li>\n                                                                                <li>\n                                <a href=\"#carattere-obbligatorio-o-facoltativo-dei-dati-richiesti-8\"\n                                   data-scroll-target=\"#carattere-obbligatorio-o-facoltativo-dei-dati-richiesti-8\"\n                                   data-has-header-offset>CARATTERE OBBLIGATORIO O FACOLTATIVO DEI DATI RICHIESTI<\/a>\n                            <\/li>\n                                            <\/ul>\n                <\/div>\n            <\/div>\n            <div class=\"col-12 col-lg col-content\" data-aos=\"fade-left\">\n                                    <div class=\"row mb-3 mb-lg-5\">\n                        <div class=\"col-12\">\n                                                            <h3 id=\"chi-e-il-titolare-del-trattamento-dei-dati-personali-0\">CHI \u00c8 IL TITOLARE DEL TRATTAMENTO DEI DATI PERSONALI?<\/h3>\n                                                        <p>I dati personali forniti interagendo con COGES S.P.A. (Codice fiscale e Partita IVA: IT00527790240), sia attraverso i siti web aziendali sia nell\u2019ambito di un rapporto contrattuale o precontrattuale con tale societ\u00e0, saranno trattati dalla stessa in qualit\u00e0 di Titolare del trattamento.<\/p>\n                        <\/div>\n                    <\/div>\n                                    <div class=\"row mb-3 mb-lg-5\">\n                        <div class=\"col-12\">\n                                                            <h3 id=\"quali-sono-le-normative-di-base-applicabili-in-italia-in-materia-di-protezione-dei-dati-personali-1\">QUALI SONO LE NORMATIVE DI BASE APPLICABILI IN ITALIA IN MATERIA DI PROTEZIONE DEI DATI PERSONALI?<\/h3>\n                                                        <p>Nel settore privato, le normative di base applicabili sono le seguenti:<\/p>\n<p>Regolamento (UE) 2016\/679 del Parlamento europeo e del Consiglio del 27 aprile 2016, relativo alla protezione dei dati personali (GDPR).<\/p>\n<p>Codice in materia di protezione dei dati personali (Decreto Legislativo 10 agosto 2018, n. 101)<\/p>\n                        <\/div>\n                    <\/div>\n                                    <div class=\"row mb-3 mb-lg-5\">\n                        <div class=\"col-12\">\n                                                            <h3 id=\"per-quale-finalita-e-su-quale-base-giuridica-trattiamo-i-dati-personali-2\">PER QUALE FINALIT\u00c0 E SU QUALE BASE GIURIDICA TRATTIAMO I DATI PERSONALI?<\/h3>\n                                                        <p>Nel contesto dei rapporti commerciali, COGES tratter\u00e0 i dati personali per le finalit\u00e0 e sulle basi di legittimazione descritte di seguito:<\/p>\n<ul>\n<li>Gestione delle richieste di informazioni generali sulla societ\u00e0, nonch\u00e9 relative ai nostri prodotti e servizi. Base di legittimazione: consenso espresso dell\u2019interessato in relazione all\u2019invio della richiesta (art. 6, par. 1, lettera a) del GDPR).<\/li>\n<li>Formalizzazione ed esecuzione di contratti commerciali (vendita, distribuzione, servizi di manutenzione, licenze software, ecc.): il trattamento dei dati di contatto professionali dei soggetti coinvolti nella formalizzazione e nell\u2019esecuzione dei contratti &#8211; sia che si tratti di imprenditori individuali o di persone che agiscono in qualit\u00e0 di rappresentanti o amministratori di persone giuridiche alle quali prestano i propri servizi &#8211; sar\u00e0 effettuato da COGES sulla base della liceit\u00e0 dell\u2019esistenza di un interesse legittimo (art. 6, par. 1, lettera f) del GDPR).<\/li>\n<li>Adempimento degli obblighi legali in materia fiscale, contabile e amministrativa derivanti dal rapporto contrattuale instaurato con l\u2019interessato. Base giuridica di legittimazione: adempimento di un obbligo legale (art. 6, par. 1, lettera c) del GDPR).<\/li>\n<li>Analisi dei registri IoT provenienti da dispositivi prodotti da COGES e collegati a negozi al dettaglio i cui titolari sono persone fisiche (imprenditori individuali). Va sottolineato che si tratta fondamentalmente di dati aggregati e che in nessun caso COGES tratta dati personali relativi agli utenti\/consumatori finali. Base di legittimazione: esecuzione del contratto (art. 6, par.1, lettera b) del GDPR).<\/li>\n<li>Gestione del servizio di segnalazione nell\u2019ambito dell\u2019applicazione del programma di conformit\u00e0 penale di COGES. Base giuridica di legittimazione: adempimento di obblighi legali (art. 6, par. 1, lettere c) e f) del GDPR).<\/li>\n<li>Invio di informazioni commerciali da parte di COGES ai propri clienti con qualsiasi mezzo, comprese le comunicazioni elettroniche, su prodotti e\/o servizi simili a quelli precedentemente oggetto di contratti. Base giuridica: esistenza di un interesse legittimo (art. 6, par. 1, lettera f) del GDPR).<\/li>\n<li>Previo consenso esplicito dell\u2019utente, invio di informazioni commerciali, con qualsiasi mezzo, compreso quello elettronico, da parte di altre societ\u00e0 del Gruppo Azkoyen e, se del caso, di terzi che abbiano sottoscritto un accordo di collaborazione commerciale con COGES. Base giuridica di legittimazione: Consenso dell\u2019interessato (art. 6, par. 1, lettera a) del GDPR).<\/li>\n<li>In caso di consenso esplicito, interazione con i social network in cui COGES detiene un profilo utente (LinkedIn, Facebook e X). Base giuridica di legittimazione: Consenso dell\u2019interessato fornito tramite l\u2019uso dei \u201cpulsanti o plugin social\u201d (art. 6, par. 1, lettera a) del GDPR).<\/li>\n<li>In caso di consenso all\u2019uso di cookie analitici e\/o di marketing, verranno raccolte informazioni sulla navigazione nel nostro sito web al fine di misurarne l\u2019attivit\u00e0 e, se del caso, per l\u2019invio di pubblicit\u00e0 personalizzata. Base di legittimazione: Consenso dell\u2019interessato (art. 6, par. 1, lettera a) del GDPR).<\/li>\n<li>Nell\u2019ambito dei rapporti con i candidati a posizioni lavorative, COGES potr\u00e0 trattare i dati personali contenuti nei curriculum che riceve direttamente o tramite piattaforme per la gestione della selezione del personale o e-mail di contatto. Lo scopo di questi tipi di trattamento \u00e8 gestire i processi di selezione del personale e gli elenchi dei candidati. Base di legittimazione: applicazione di misure precontrattuali su richiesta dell\u2019interessato (art. 6, par.1, lettera b) del GDPR) e consenso espresso dell\u2019interessato legato all\u2019invio del proprio CV (art. 6, par. 1, lettera a) del GDPR). Inoltre, sulla base dell\u2019esistenza di un interesse legittimo (art. 6, par. 1, lettera f) del GDPR), COGES potr\u00e0 effettuare verifiche di due diligence per accertare la veridicit\u00e0 di titoli di studio, certificazioni e altre informazioni rilevanti ai fini lavorativi incluse nei CV forniti.<\/li>\n<\/ul>\n                        <\/div>\n                    <\/div>\n                                    <div class=\"row mb-3 mb-lg-5\">\n                        <div class=\"col-12\">\n                                                            <h3 id=\"a-chi-verranno-comunicati-i-dati-personali-3\">A CHI VERRANNO COMUNICATI I DATI PERSONALI?<\/h3>\n                                                        <p>I dati personali degli utenti potranno essere trasmessi a fornitori terzi di servizi aggiuntivi incaricati da COGES che possono accedere alle informazioni personali, quali fornitori di servizi IT (fornitori di servizi di manutenzione tecnica\/informatica, sicurezza informatica, hosting), societ\u00e0 di gestione ambientale, societ\u00e0 di consulenza, agenzie amministrative, societ\u00e0 di selezione del personale, societ\u00e0 di pubblicit\u00e0 e marketing e altri fornitori di servizi aggiuntivi che agiranno in qualit\u00e0 di responsabili del trattamento nel rispetto delle istruzioni di COGES. Inoltre, i dati degli utenti potranno essere ceduti alle societ\u00e0 del Gruppo Azkoyen al solo scopo di soddisfare le relative richieste o per finalit\u00e0 di gestione amministrativa.<\/p>\n<p>L\u2019acquisto dei nostri prodotti e servizi pu\u00f2 essere effettuato tramite la nostra rete di distribuzione. Di conseguenza, i dati personali dell\u2019utente saranno ceduti al distributore ufficiale pi\u00f9 vicino alla sua sede\/luogo di lavoro e, se del caso, alle aziende di trasporto o corrieri incaricati della consegna dei prodotti.<\/p>\n<p>&nbsp;<\/p>\n<p>Previo consenso esplicito dell\u2019utente, i suoi dati potranno essere ceduti a fini commerciali alle altre societ\u00e0 del Gruppo Azkoyen e alle imprese che hanno sottoscritto un accordo di collaborazione commerciale con COGES.<\/p>\n<p>&nbsp;<\/p>\n<p>Laddove legalmente applicabile, i dati dell\u2019utente potranno anche essere ceduti a enti della pubblica amministrazione, revisori, notai, periti giudiziari, avvocati, procuratori, tribunali e forze dell\u2019ordine nell\u2019esercizio delle loro funzioni.<\/p>\n                        <\/div>\n                    <\/div>\n                                    <div class=\"row mb-3 mb-lg-5\">\n                        <div class=\"col-12\">\n                                                            <h3 id=\"-per-quanto-tempo-conserveremo-i-dati-personali-4\"> PER QUANTO TEMPO CONSERVEREMO I DATI PERSONALI?<\/h3>\n                                                        <p>I dati personali dell\u2019utente saranno conservati solo per il tempo richiesto per il raggiungimento dello scopo per cui sono stati raccolti. Nel momento in cui non saranno pi\u00f9 necessari, verranno cancellati. Tuttavia, potranno essere preventivamente bloccati e rimanere accessibili esclusivamente a giudici, tribunali, pubblici ministeri o amministrazioni pubbliche competenti &#8211; in particolare alle autorit\u00e0 preposte alla protezione dei dati personali &#8211; per l\u2019adempimento di eventuali responsabilit\u00e0 derivanti dal trattamento e solo fino alla scadenza dei termini di prescrizione applicabili.<\/p>\n<p>&nbsp;<\/p>\n<p>I dati personali ottenuti tramite il modulo di contatto saranno conservati solo per il tempo necessario a rispondere alla richiesta di informazioni.<\/p>\n<p>I dati personali ottenuti tramite il modulo di candidatura alla selezione del personale saranno conservati per tutta la durata di tale processo e per un periodo massimo di 2 anni dal loro inserimento negli elenchi dei candidati. Successivamente saranno bloccati\/cancellati, tranne nel caso dei candidati assunti dopo la selezione, i cui CV saranno inseriti nei registri del personale e a cui verr\u00e0 applicata la politica di protezione dei dati relativa all\u2019ambito lavorativo.<\/p>\n<p>I dati personali ottenuti tramite il servizio di segnalazione saranno conservati nel relativo sistema per un periodo massimo di tre mesi, dopodich\u00e9 verranno cancellati o resi anonimi, fermo restando che, nel caso in cui venga avviata un\u2019indagine, i dati potranno essere trattati nel sistema informativo dei soggetti responsabili delle funzioni di controllo e conformit\u00e0.<\/p>\n<p>I dati personali relativi alle transazioni commerciali con clienti e fornitori che operano come imprenditori autonomi, nonch\u00e9 i dati dei rappresentanti legali e commerciali di clienti e fornitori, saranno conservati in ogni caso per tutta la durata del rapporto contrattuale e per sei anni dopo la sua cessazione, con possibilit\u00e0 di proroga di tale termine finch\u00e9 rimangano vigenti i termini di prescrizione dei diritti previsti.<\/p>\n<p>I dati personali di natura professionale che sono stati inseriti in database per fini commerciali saranno conservati fino a quando non ci perverr\u00e0 l\u2019opposizione dell\u2019utente in tal senso o finch\u00e9 non ci sar\u00e0 comunicato che i dati non sono pi\u00f9 aggiornati o non si proceder\u00e0 a una pulizia dei database.<\/p>\n                        <\/div>\n                    <\/div>\n                                    <div class=\"row mb-3 mb-lg-5\">\n                        <div class=\"col-12\">\n                                                            <h3 id=\"quali-misure-di-sicurezza-applichiamo-per-la-protezione-dei-dati-personali-5\">QUALI MISURE DI SICUREZZA APPLICHIAMO PER LA PROTEZIONE DEI DATI PERSONALI?<\/h3>\n                                                        <p>Il trattamento dei dati personali forniti sar\u00e0 effettuato adottando le misure di sicurezza fisiche, logiche e organizzative necessarie per evitare la perdita, l\u2019uso improprio, l\u2019alterazione e l\u2019accesso non autorizzato agli stessi, tenendo conto dello stato della tecnologia, della natura dei dati e dell\u2019analisi dei rischi effettuata.<\/p>\n<p>&nbsp;<\/p>\n<p>Inoltre, COGES svolge la propria attivit\u00e0 aziendale secondo un modello di gestione basato sul miglioramento continuo, in conformit\u00e0 allo standard ISO 27001.<\/p>\n                        <\/div>\n                    <\/div>\n                                    <div class=\"row mb-3 mb-lg-5\">\n                        <div class=\"col-12\">\n                                                            <h3 id=\"verranno-eseguiti-trasferimenti-internazionali-di-dati-personali-6\">VERRANNO ESEGUITI TRASFERIMENTI INTERNAZIONALI DI DATI PERSONALI?<\/h3>\n                                                        <p>COGES dispone di due Centri di elaborazione dati aziendali (CPD) situati in Navarra (Spagna). Solo in determinati casi possono verificarsi trasferimenti internazionali di dati personali, ovvero trasferimenti dall\u2019UE verso territori od organizzazioni internazionali situati al di fuori dello Spazio economico europeo (SEE).<\/p>\n<p>&nbsp;<\/p>\n<p>Nei casi in cui ci\u00f2 si verifichi, COGES si assicurer\u00e0 sempre che sussista una delle seguenti condizioni: (i) esiste una decisione di adeguatezza che attesta un livello di protezione adeguato (ii) sono state formalizzate clausole tipo in conformit\u00e0 con la Decisione di esecuzione (UE) 2021\/914 della Commissione del 4 giugno 2021 relativa alle clausole contrattuali tipo per il trasferimento internazionale di dati personali verso paesi terzi (iii) non sussiste nessuna delle due condizioni precedenti, ma \u00e8 applicabile una delle eccezioni previste dall\u2019art. 49 del GDPR. A questo proposito, \u00e8 opportuno chiarire che alcuni servizi di COGES comportano l\u2019hosting di dati personali nel cloud di Microsoft Azure, che aderisce al Data Privacy Framework, il quale garantisce la validit\u00e0 del trasferimento tra gli Stati Uniti e l\u2019Unione Europea.<\/p>\n                        <\/div>\n                    <\/div>\n                                    <div class=\"row mb-3 mb-lg-5\">\n                        <div class=\"col-12\">\n                                                            <h3 id=\"-in-che-modo-lutente-puo-esercitare-i-propri-diritti-in-relazione-ai-suoi-dati-personali-e-contattare-il-nostro-responsabile-della-protezione-dei-dati-7\"> IN CHE MODO L\u2019UTENTE PU\u00d2 ESERCITARE I PROPRI DIRITTI IN RELAZIONE AI SUOI DATI PERSONALI E CONTATTARE IL NOSTRO RESPONSABILE DELLA PROTEZIONE DEI DATI?<\/h3>\n                                                        <p>Per revocare i consensi concessi, nonch\u00e9 per esercitare i diritti di accesso, rettifica, cancellazione, opposizione, limitazione, portabilit\u00e0 e a non essere soggetti a decisioni individuali automatizzate, \u00e8 possibile inviare una richiesta scritta a:<\/p>\n<p>&nbsp;<\/p>\n<p>COGES S.P.A. Via G. Leopardi, n. 23, 36030 Caldogno<\/p>\n<p>responsabilesicurezza@coges.eu<\/p>\n<p>Se lo ritiene opportuno, l\u2019interessato pu\u00f2 contattare il nostro Responsabile della protezione dei dati (DPO) tramite lo stesso indirizzo e-mail indicato sopra, nonch\u00e9 presentare il relativo reclamo per la tutela dei diritti al Garante per la protezione dei dati personali.<\/p>\n                        <\/div>\n                    <\/div>\n                                    <div class=\"row mb-3 mb-lg-5\">\n                        <div class=\"col-12\">\n                                                            <h3 id=\"carattere-obbligatorio-o-facoltativo-dei-dati-richiesti-8\">CARATTERE OBBLIGATORIO O FACOLTATIVO DEI DATI RICHIESTI<\/h3>\n                                                        <p>I dati obbligatori di ciascun modulo sono contrassegnati da un asterisco (*). Il rifiuto di fornire tali informazioni impedir\u00e0 la comunicazione con l\u2019utente e, se del caso, comporter\u00e0 l\u2019impossibilit\u00e0 di fornirgli le informazioni e\/o i servizi richiesti.<\/p>\n                        <\/div>\n                    <\/div>\n                            <\/div>\n        <\/div>\n    <\/div>\n<\/section>\n","protected":false},"excerpt":{"rendered":"","protected":false},"author":1,"featured_media":0,"parent":0,"menu_order":0,"comment_status":"closed","ping_status":"closed","template":"templates\/template-simple-page.php","meta":{"_acf_changed":false,"footnotes":""},"class_list":["post-3653","page","type-page","status-publish","hentry"],"acf":[],"yoast_head":"<!-- This site is optimized with the Yoast SEO plugin v27.3 - https:\/\/yoast.com\/product\/yoast-seo-wordpress\/ -->\n<title>La nostra [Politica della Privacy] - Coges<\/title>\n<meta name=\"robots\" content=\"index, follow, max-snippet:-1, max-image-preview:large, max-video-preview:-1\" \/>\n<link rel=\"canonical\" href=\"https:\/\/coges.eu\/it\/la-nostra-politica-della-privacy\/\" \/>\n<meta property=\"og:locale\" content=\"it_IT\" \/>\n<meta property=\"og:type\" content=\"article\" \/>\n<meta property=\"og:title\" content=\"La nostra [Politica della Privacy] - Coges\" \/>\n<meta property=\"og:url\" content=\"https:\/\/coges.eu\/it\/la-nostra-politica-della-privacy\/\" \/>\n<meta property=\"og:site_name\" content=\"Coges\" \/>\n<meta property=\"article:modified_time\" content=\"2025-09-12T12:19:28+00:00\" \/>\n<meta name=\"twitter:card\" content=\"summary_large_image\" \/>\n<script type=\"application\/ld+json\" class=\"yoast-schema-graph\">{\"@context\":\"https:\\\/\\\/schema.org\",\"@graph\":[{\"@type\":\"WebPage\",\"@id\":\"https:\\\/\\\/coges.eu\\\/it\\\/la-nostra-politica-della-privacy\\\/\",\"url\":\"https:\\\/\\\/coges.eu\\\/it\\\/la-nostra-politica-della-privacy\\\/\",\"name\":\"La nostra [Politica della Privacy] - Coges\",\"isPartOf\":{\"@id\":\"https:\\\/\\\/coges.eu\\\/it\\\/#website\"},\"datePublished\":\"2025-04-14T12:10:20+00:00\",\"dateModified\":\"2025-09-12T12:19:28+00:00\",\"breadcrumb\":{\"@id\":\"https:\\\/\\\/coges.eu\\\/it\\\/la-nostra-politica-della-privacy\\\/#breadcrumb\"},\"inLanguage\":\"it-IT\",\"potentialAction\":[{\"@type\":\"ReadAction\",\"target\":[\"https:\\\/\\\/coges.eu\\\/it\\\/la-nostra-politica-della-privacy\\\/\"]}]},{\"@type\":\"BreadcrumbList\",\"@id\":\"https:\\\/\\\/coges.eu\\\/it\\\/la-nostra-politica-della-privacy\\\/#breadcrumb\",\"itemListElement\":[{\"@type\":\"ListItem\",\"position\":1,\"name\":\"Home\",\"item\":\"https:\\\/\\\/coges.eu\\\/it\\\/\"},{\"@type\":\"ListItem\",\"position\":2,\"name\":\"La nostra [Politica della Privacy]\"}]},{\"@type\":\"WebSite\",\"@id\":\"https:\\\/\\\/coges.eu\\\/it\\\/#website\",\"url\":\"https:\\\/\\\/coges.eu\\\/it\\\/\",\"name\":\"Coges\",\"description\":\"Payment systems and telemetry for vending industry\",\"potentialAction\":[{\"@type\":\"SearchAction\",\"target\":{\"@type\":\"EntryPoint\",\"urlTemplate\":\"https:\\\/\\\/coges.eu\\\/it\\\/?s={search_term_string}\"},\"query-input\":{\"@type\":\"PropertyValueSpecification\",\"valueRequired\":true,\"valueName\":\"search_term_string\"}}],\"inLanguage\":\"it-IT\"}]}<\/script>\n<!-- \/ Yoast SEO plugin. -->","yoast_head_json":{"title":"La nostra [Politica della Privacy] - Coges","robots":{"index":"index","follow":"follow","max-snippet":"max-snippet:-1","max-image-preview":"max-image-preview:large","max-video-preview":"max-video-preview:-1"},"canonical":"https:\/\/coges.eu\/it\/la-nostra-politica-della-privacy\/","og_locale":"it_IT","og_type":"article","og_title":"La nostra [Politica della Privacy] - Coges","og_url":"https:\/\/coges.eu\/it\/la-nostra-politica-della-privacy\/","og_site_name":"Coges","article_modified_time":"2025-09-12T12:19:28+00:00","twitter_card":"summary_large_image","schema":{"@context":"https:\/\/schema.org","@graph":[{"@type":"WebPage","@id":"https:\/\/coges.eu\/it\/la-nostra-politica-della-privacy\/","url":"https:\/\/coges.eu\/it\/la-nostra-politica-della-privacy\/","name":"La nostra [Politica della Privacy] - Coges","isPartOf":{"@id":"https:\/\/coges.eu\/it\/#website"},"datePublished":"2025-04-14T12:10:20+00:00","dateModified":"2025-09-12T12:19:28+00:00","breadcrumb":{"@id":"https:\/\/coges.eu\/it\/la-nostra-politica-della-privacy\/#breadcrumb"},"inLanguage":"it-IT","potentialAction":[{"@type":"ReadAction","target":["https:\/\/coges.eu\/it\/la-nostra-politica-della-privacy\/"]}]},{"@type":"BreadcrumbList","@id":"https:\/\/coges.eu\/it\/la-nostra-politica-della-privacy\/#breadcrumb","itemListElement":[{"@type":"ListItem","position":1,"name":"Home","item":"https:\/\/coges.eu\/it\/"},{"@type":"ListItem","position":2,"name":"La nostra [Politica della Privacy]"}]},{"@type":"WebSite","@id":"https:\/\/coges.eu\/it\/#website","url":"https:\/\/coges.eu\/it\/","name":"Coges","description":"Payment systems and telemetry for vending industry","potentialAction":[{"@type":"SearchAction","target":{"@type":"EntryPoint","urlTemplate":"https:\/\/coges.eu\/it\/?s={search_term_string}"},"query-input":{"@type":"PropertyValueSpecification","valueRequired":true,"valueName":"search_term_string"}}],"inLanguage":"it-IT"}]}},"_links":{"self":[{"href":"https:\/\/coges.eu\/it\/wp-json\/wp\/v2\/pages\/3653","targetHints":{"allow":["GET"]}}],"collection":[{"href":"https:\/\/coges.eu\/it\/wp-json\/wp\/v2\/pages"}],"about":[{"href":"https:\/\/coges.eu\/it\/wp-json\/wp\/v2\/types\/page"}],"author":[{"embeddable":true,"href":"https:\/\/coges.eu\/it\/wp-json\/wp\/v2\/users\/1"}],"replies":[{"embeddable":true,"href":"https:\/\/coges.eu\/it\/wp-json\/wp\/v2\/comments?post=3653"}],"version-history":[{"count":2,"href":"https:\/\/coges.eu\/it\/wp-json\/wp\/v2\/pages\/3653\/revisions"}],"predecessor-version":[{"id":4756,"href":"https:\/\/coges.eu\/it\/wp-json\/wp\/v2\/pages\/3653\/revisions\/4756"}],"wp:attachment":[{"href":"https:\/\/coges.eu\/it\/wp-json\/wp\/v2\/media?parent=3653"}],"curies":[{"name":"wp","href":"https:\/\/api.w.org\/{rel}","templated":true}]}}