{"id":4634,"date":"2025-04-28T22:59:06","date_gmt":"2025-04-28T19:59:06","guid":{"rendered":"https:\/\/coges.eu\/certificazioni\/"},"modified":"2025-10-08T11:45:33","modified_gmt":"2025-10-08T08:45:33","slug":"certificazioni","status":"publish","type":"page","link":"https:\/\/coges.eu\/it\/certificazioni\/","title":{"rendered":"Certificazioni"},"content":{"rendered":"<section id=\"page-hero-block_29a0b0557ab0b8ce3d5429a0e080edf3\" class=\"block page-hero text-dark small-hero\">\n    <div class=\"container\">\n        <div class=\"row\">\n            <div class=\"col-12\">\n                <div class=\"content-wrapper\">\n                    <h1 data-aos=\"fade-right\" data-aos-delay=\"0\" data-aos-duration=\"300\" data-aos-offset=\"0\">Certificazioni<\/h1>\n                    <div data-aos=\"fade-right\" data-aos-delay=\"200\" data-aos-duration=\"300\" data-aos-offset=\"200\">\n                                            <\/div>\n                                    <\/div>\n            <\/div>\n        <\/div>\n    <\/div>\n        <div class=\"background-wrapper \">\n                    <\/div>\n\n<\/section>\n<section id=\"anchor-content-block_a75ca2d6e1dd1e75e65bb67cee287f50\" class=\"block anchor-content\">\n    <div class=\"container\">\n        <div class=\"row\">\n            <div class=\"col-12 col-lg col-sidebar\" data-aos=\"fade-right\">\n                <div class=\"sidebar-content\">\n                    <h3>CONTENUTI<\/h3>\n                    <ul>\n                                                                                <li>\n                                <a href=\"#qualita-0\"\n                                   data-scroll-target=\"#qualita-0\"\n                                   data-has-header-offset>QUALIT\u00c0<\/a>\n                            <\/li>\n                                                                                <li>\n                                <a href=\"#sicurezza-1\"\n                                   data-scroll-target=\"#sicurezza-1\"\n                                   data-has-header-offset>SICUREZZA<\/a>\n                            <\/li>\n                                                                                <li>\n                                <a href=\"#ambiente-2\"\n                                   data-scroll-target=\"#ambiente-2\"\n                                   data-has-header-offset>AMBIENTE<\/a>\n                            <\/li>\n                                                                                <li>\n                                <a href=\"#equita-diversita-ed-inclusione-3\"\n                                   data-scroll-target=\"#equita-diversita-ed-inclusione-3\"\n                                   data-has-header-offset>EQUIT\u00c0, DIVERSIT\u00c0 ED INCLUSIONE<\/a>\n                            <\/li>\n                                            <\/ul>\n                <\/div>\n            <\/div>\n            <div class=\"col-12 col-lg col-content\" data-aos=\"fade-left\">\n                                    <div class=\"row mb-3 mb-lg-5\">\n                        <div class=\"col-12\">\n                                                            <h3 id=\"qualita-0\">QUALIT\u00c0<\/h3>\n                                                        <p>Dal 1999 COGES ha ottenuto la certificazione del proprio sistema qualit\u00e0 secondo la norma UNI EN ISO 9001 con rinnovo alla versione 2015 nel marzo 2018. Le attivit\u00e0 aziendali sono svolte secondo i principi del Quality System Management: <\/p>\n<ul>\n<li>pianificazione<\/li>\n<li>controllo<\/li>\n<li>misurazione<\/li>\n<li>miglioramento<\/li>\n<\/ul>\n<p>al fine di capire e soddisfare le esigenze presenti e future dei clienti.<\/p>\n<p>L&#8217;impegno COGES per la qualit\u00e0 \u00e8 rivolto al costante conseguimento di prestazioni migliori, misurabili e verificate dall&#8217;evidenza dei risultati verso i clienti.<\/p>\n<p>Tali obiettivi diventano raggiungibili solo attraverso un&#8217;organizzazione orientata al cliente, costituita da persone il cui coinvolgimento viene incentivato da leader che utilizzano un approccio sistemico e prendono decisioni basate sui fatti.<\/p>\n<p>Il Quality Sistem Management \u00e8 per COGES l&#8217;elemento di forza in un mercato in continua evoluzione come quello del Vending.<br \/>\nPer noi il cliente \u00e8 l&#8217;arbitro ultimo della qualit\u00e0 del prodotto\/servizio che offriamo!<\/p>\n<p><a href=\"https:\/\/coges.eu\/wp-content\/uploads\/2025\/09\/COGES_ISO_9001_2021_IT.jpg\">Clicca qui per vedere il certificato.<\/a> Contattaci per ricevere copia della politica integrata Coges qualit\u00e0, sicurezza, ambiente.<\/p>\n                        <\/div>\n                    <\/div>\n                                    <div class=\"row mb-3 mb-lg-5\">\n                        <div class=\"col-12\">\n                                                            <h3 id=\"sicurezza-1\">SICUREZZA<\/h3>\n                                                        <p>Dal 2021 COGES ha ottenuto la certificazione del proprio sistema sicurezza secondo la norma ISO 45001 \u201cSistemi di gestione per la salute e sicurezza sul lavoro \u2013 Requisiti e guida per l\u2019uso\u201d che sostituisce e migliora la precedente OHSAS 18001. Il sistema di gestione della salute e sicurezza sul luogo di lavoro \u00e8 integrato con il sistema qualit\u00e0 al fine di ottimizzarne le prestazioni. Gli obiettivi del Safety Management sono:  <\/p>\n<ul>\n<li>prevenire gli incidenti e ridurre i costi<\/li>\n<li>controllare e migliorare le prestazioni di sicurezza dell\u2019azienda<\/li>\n<li>assicurare la conformit\u00e0 legislativa<\/li>\n<li>garantire la sicurezza di chi lavora nell\u2019organizzazione e di chiunque sia coinvolto nella sua attivit\u00e0.<\/li>\n<\/ul>\n<p>E&#8217; nostra convinzione che la Salute e Sicurezza debbano essere gestite con sistemi specifici di miglioramento nell&#8217;ambito delle attivit\u00e0 ed operazioni quotidiane.<\/p>\n<p>Eccellenza e sostenibilit\u00e0, intese come capacit\u00e0 di coniugare business e aspettative delle parti interessate, sono alla base della competitivit\u00e0 che \u00e8 legata alla capacit\u00e0 di gestire variabili fortemente correlate tra di loro (come qualit\u00e0 e sicurezza!)<\/p>\n<p><a href=\"https:\/\/coges.eu\/wp-content\/uploads\/2025\/09\/ISO45001-IT_2024.pdf\">Clicca qui per vedere il certificato.<\/a> Contattaci per ricevere copia della politica integrata Coges qualit\u00e0, sicurezza, ambiente.<\/p>\n                        <\/div>\n                    <\/div>\n                                    <div class=\"row mb-3 mb-lg-5\">\n                        <div class=\"col-12\">\n                                                            <h3 id=\"ambiente-2\">AMBIENTE<\/h3>\n                                                        <p>Dal 2007 COGES ha ottenuto la certificazione del proprio sistema ambientale secondo la norma UNI EN ISO 14001. Il sistema di gestione ambientale si integra al sistema qualit\u00e0 e sicurezza gi\u00e0 presenti. <\/p>\n<p>L&#8217;obiettivo del sistema di gestione ambientale \u00e8 di identificare i principali aspetti ambientali, di tenerli sotto controllo e di coordinare tutte le attivit\u00e0 in modo da ridurne gli impatti sull&#8217;ambiente.<\/p>\n<p>I problemi ambientali diventano in questo modo parte integrante della nostra gestione aziendale: vengono definiti degli obiettivi di miglioramento il cui raggiungimento viene tenuto sotto controllo sia internamente che dall&#8217;ente di certificazione.<\/p>\n<p>Coges da sempre ha l&#8217;obiettivo di sviluppare prodotti tecnologicamente avanzati, sicuri, semplici da utilizzare e che rispettino l&#8217;ambiente.<\/p>\n<p>La sensibilit\u00e0 nei confronti di questo tema \u00e8 andata via via aumentando ed il nostro impegno \u00e8 teso al continuo miglioramento anche nei confronti dell&#8217;ambiente in cui viviamo.<\/p>\n<p><a href=\"https:\/\/coges.eu\/wp-content\/uploads\/2025\/09\/174530197_IT_01_EN-1.jpg\">Clicca qui per vedere il certificato.<\/a><\/p>\n<p>Contattaci per ricevere copia della politica integrata Coges qualit\u00e0, sicurezza, ambiente.<\/p>\n                        <\/div>\n                    <\/div>\n                                    <div class=\"row mb-3 mb-lg-5\">\n                        <div class=\"col-12\">\n                                                            <h3 id=\"equita-diversita-ed-inclusione-3\">EQUIT\u00c0, DIVERSIT\u00c0 ED INCLUSIONE<\/h3>\n                                                        <p>Coges, parte del Gruppo Azkoyen, promuove una cultura aziendale fondata su equit\u00e0, rispetto e valorizzazione delle persone. La nostra Politica di Equit\u00e0, Diversit\u00e0 e Inclusione garantisce pari opportunit\u00e0 di crescita professionale, un ambiente di lavoro inclusivo e la tutela contro ogni forma di discriminazione. <\/p>\n<p>Attraverso il Comitato per la Sostenibilit\u00e0, ci impegniamo a monitorare i progressi, migliorare costantemente le nostre pratiche e assicurare che ogni collaboratore possa contribuire al successo dell\u2019azienda in un contesto equo, accessibile e sicuro.<\/p>\n<p><a href=\"https:\/\/coges.eu\/wp-content\/uploads\/2025\/10\/Politica-Equita-Diversita-e-Inclusione-rev.-1.pdf\">Clicca qui per leggere la nostra politica di Equit\u00e0, Diversit\u00e0 ed Inclusione<\/a><\/p>\n                        <\/div>\n                    <\/div>\n                            <\/div>\n        <\/div>\n    <\/div>\n<\/section>\n","protected":false},"excerpt":{"rendered":"","protected":false},"author":1,"featured_media":0,"parent":0,"menu_order":0,"comment_status":"closed","ping_status":"closed","template":"","meta":{"_acf_changed":false,"footnotes":""},"class_list":["post-4634","page","type-page","status-publish","hentry"],"acf":[],"yoast_head":"<!-- This site is optimized with the Yoast SEO plugin v27.4 - https:\/\/yoast.com\/product\/yoast-seo-wordpress\/ -->\n<title>Certificazioni - Coges<\/title>\n<meta name=\"description\" content=\"Certificazioni di qualit\u00e0, sicurezza e impegno ambientale di Coges\" \/>\n<meta name=\"robots\" content=\"index, follow, max-snippet:-1, max-image-preview:large, max-video-preview:-1\" \/>\n<link rel=\"canonical\" href=\"https:\/\/coges.eu\/it\/certificazioni\/\" \/>\n<meta property=\"og:locale\" content=\"it_IT\" \/>\n<meta property=\"og:type\" content=\"article\" \/>\n<meta property=\"og:title\" content=\"Certificazioni - Coges\" \/>\n<meta property=\"og:description\" content=\"Certificazioni di qualit\u00e0, sicurezza e impegno ambientale di Coges\" \/>\n<meta property=\"og:url\" content=\"https:\/\/coges.eu\/it\/certificazioni\/\" \/>\n<meta property=\"og:site_name\" content=\"Coges\" \/>\n<meta property=\"article:modified_time\" content=\"2025-10-08T08:45:33+00:00\" \/>\n<meta name=\"twitter:card\" content=\"summary_large_image\" \/>\n<script type=\"application\/ld+json\" class=\"yoast-schema-graph\">{\"@context\":\"https:\\\/\\\/schema.org\",\"@graph\":[{\"@type\":\"WebPage\",\"@id\":\"https:\\\/\\\/coges.eu\\\/it\\\/certificazioni\\\/\",\"url\":\"https:\\\/\\\/coges.eu\\\/it\\\/certificazioni\\\/\",\"name\":\"Certificazioni - Coges\",\"isPartOf\":{\"@id\":\"https:\\\/\\\/coges.eu\\\/it\\\/#website\"},\"datePublished\":\"2025-04-28T19:59:06+00:00\",\"dateModified\":\"2025-10-08T08:45:33+00:00\",\"description\":\"Certificazioni di qualit\u00e0, sicurezza e impegno ambientale di Coges\",\"breadcrumb\":{\"@id\":\"https:\\\/\\\/coges.eu\\\/it\\\/certificazioni\\\/#breadcrumb\"},\"inLanguage\":\"it-IT\",\"potentialAction\":[{\"@type\":\"ReadAction\",\"target\":[\"https:\\\/\\\/coges.eu\\\/it\\\/certificazioni\\\/\"]}]},{\"@type\":\"BreadcrumbList\",\"@id\":\"https:\\\/\\\/coges.eu\\\/it\\\/certificazioni\\\/#breadcrumb\",\"itemListElement\":[{\"@type\":\"ListItem\",\"position\":1,\"name\":\"Home\",\"item\":\"https:\\\/\\\/coges.eu\\\/it\\\/\"},{\"@type\":\"ListItem\",\"position\":2,\"name\":\"Certificazioni\"}]},{\"@type\":\"WebSite\",\"@id\":\"https:\\\/\\\/coges.eu\\\/it\\\/#website\",\"url\":\"https:\\\/\\\/coges.eu\\\/it\\\/\",\"name\":\"Coges\",\"description\":\"Payment systems and telemetry for vending industry\",\"potentialAction\":[{\"@type\":\"SearchAction\",\"target\":{\"@type\":\"EntryPoint\",\"urlTemplate\":\"https:\\\/\\\/coges.eu\\\/it\\\/?s={search_term_string}\"},\"query-input\":{\"@type\":\"PropertyValueSpecification\",\"valueRequired\":true,\"valueName\":\"search_term_string\"}}],\"inLanguage\":\"it-IT\"}]}<\/script>\n<!-- \/ Yoast SEO plugin. -->","yoast_head_json":{"title":"Certificazioni - Coges","description":"Certificazioni di qualit\u00e0, sicurezza e impegno ambientale di Coges","robots":{"index":"index","follow":"follow","max-snippet":"max-snippet:-1","max-image-preview":"max-image-preview:large","max-video-preview":"max-video-preview:-1"},"canonical":"https:\/\/coges.eu\/it\/certificazioni\/","og_locale":"it_IT","og_type":"article","og_title":"Certificazioni - Coges","og_description":"Certificazioni di qualit\u00e0, sicurezza e impegno ambientale di Coges","og_url":"https:\/\/coges.eu\/it\/certificazioni\/","og_site_name":"Coges","article_modified_time":"2025-10-08T08:45:33+00:00","twitter_card":"summary_large_image","schema":{"@context":"https:\/\/schema.org","@graph":[{"@type":"WebPage","@id":"https:\/\/coges.eu\/it\/certificazioni\/","url":"https:\/\/coges.eu\/it\/certificazioni\/","name":"Certificazioni - Coges","isPartOf":{"@id":"https:\/\/coges.eu\/it\/#website"},"datePublished":"2025-04-28T19:59:06+00:00","dateModified":"2025-10-08T08:45:33+00:00","description":"Certificazioni di qualit\u00e0, sicurezza e impegno ambientale di Coges","breadcrumb":{"@id":"https:\/\/coges.eu\/it\/certificazioni\/#breadcrumb"},"inLanguage":"it-IT","potentialAction":[{"@type":"ReadAction","target":["https:\/\/coges.eu\/it\/certificazioni\/"]}]},{"@type":"BreadcrumbList","@id":"https:\/\/coges.eu\/it\/certificazioni\/#breadcrumb","itemListElement":[{"@type":"ListItem","position":1,"name":"Home","item":"https:\/\/coges.eu\/it\/"},{"@type":"ListItem","position":2,"name":"Certificazioni"}]},{"@type":"WebSite","@id":"https:\/\/coges.eu\/it\/#website","url":"https:\/\/coges.eu\/it\/","name":"Coges","description":"Payment systems and telemetry for vending industry","potentialAction":[{"@type":"SearchAction","target":{"@type":"EntryPoint","urlTemplate":"https:\/\/coges.eu\/it\/?s={search_term_string}"},"query-input":{"@type":"PropertyValueSpecification","valueRequired":true,"valueName":"search_term_string"}}],"inLanguage":"it-IT"}]}},"_links":{"self":[{"href":"https:\/\/coges.eu\/it\/wp-json\/wp\/v2\/pages\/4634","targetHints":{"allow":["GET"]}}],"collection":[{"href":"https:\/\/coges.eu\/it\/wp-json\/wp\/v2\/pages"}],"about":[{"href":"https:\/\/coges.eu\/it\/wp-json\/wp\/v2\/types\/page"}],"author":[{"embeddable":true,"href":"https:\/\/coges.eu\/it\/wp-json\/wp\/v2\/users\/1"}],"replies":[{"embeddable":true,"href":"https:\/\/coges.eu\/it\/wp-json\/wp\/v2\/comments?post=4634"}],"version-history":[{"count":5,"href":"https:\/\/coges.eu\/it\/wp-json\/wp\/v2\/pages\/4634\/revisions"}],"predecessor-version":[{"id":5363,"href":"https:\/\/coges.eu\/it\/wp-json\/wp\/v2\/pages\/4634\/revisions\/5363"}],"wp:attachment":[{"href":"https:\/\/coges.eu\/it\/wp-json\/wp\/v2\/media?parent=4634"}],"curies":[{"name":"wp","href":"https:\/\/api.w.org\/{rel}","templated":true}]}}